{"id":9800,"date":"2021-02-08T10:48:21","date_gmt":"2021-02-08T09:48:21","guid":{"rendered":"https:\/\/confiserie-adam.fr\/boutique\/produit\/coeur-rouge-chocolat-au-lait\/"},"modified":"2026-04-10T18:37:23","modified_gmt":"2026-04-10T16:37:23","slug":"coeur-rouge-chocolat-au-lait","status":"publish","type":"product","link":"https:\/\/confiserie-adam.fr\/boutique\/produit\/coeur-rouge-chocolat-au-lait\/","title":{"rendered":"C\u0153ur rouge &#8211; Chocolat au lait"},"content":{"rendered":"<p>Moulage coeur chocolat au lait (100g)<\/p>\n<p>&nbsp;<\/p>\n<p><strong>Ingr\u00e9dient principal :<\/strong><\/p>\n<ul>\n<li>Chocolat au lait<\/li>\n<\/ul>\n<p>&nbsp;<\/p>\n<p><strong>Confiserie Adam<\/strong><\/p>\n<p>Entreprise familiale qui a \u00e0 c\u0153ur ses clients. Vous offrir \u00e0 la fois le go\u00fbt, le plaisir gustatif et la qualit\u00e9.<\/p>\n<ul>\n<li>Fabrication fran\u00e7aise depuis 1912<\/li>\n<li>Entreprise du Patrimoine Vivant<\/li>\n<li>Ingr\u00e9dients de qualit\u00e9<\/li>\n<\/ul>\n<p>&nbsp;<\/p>\n<p><strong>Conseils de conservation<\/strong><\/p>\n<p>A conserver \u00e0 l\u2019abri de la lumi\u00e8re et de l\u2019humidit\u00e9, dans un endroit frais et sec.<\/p>\n<p>&nbsp;<\/p>\n<p><strong><u>Ce produit contient<\/u><\/strong><\/p>\n<p><strong>C\u0153ur sous alu \u2013 Moulage chocolat au lait (cacao 30% min.)<\/strong><\/p>\n<p>Ingr\u00e9dients\u00a0: sucre, LAIT entier en poudre, beurre de cacao, masse de cacao, lactos\u00e9rum en poudre (LAIT), \u00e9mulsifiants\u00a0: l\u00e9cithine de SOJA, E476, ar\u00f4me naturel de vanille. Peut contenir\u00a0: fruits \u00e0 coque, gluten, \u0153uf, arachides.<\/p>\n","protected":false},"excerpt":{"rendered":"<p>Un coeur au chocolat au lait.<\/p>\n","protected":false},"featured_media":17348,"comment_status":"open","ping_status":"closed","template":"","meta":[],"product_cat":[563,27],"product_tag":[],"_links":{"self":[{"href":"https:\/\/confiserie-adam.fr\/boutique\/wp-json\/wp\/v2\/product\/9800"}],"collection":[{"href":"https:\/\/confiserie-adam.fr\/boutique\/wp-json\/wp\/v2\/product"}],"about":[{"href":"https:\/\/confiserie-adam.fr\/boutique\/wp-json\/wp\/v2\/types\/product"}],"replies":[{"embeddable":true,"href":"https:\/\/confiserie-adam.fr\/boutique\/wp-json\/wp\/v2\/comments?post=9800"}],"wp:featuredmedia":[{"embeddable":true,"href":"https:\/\/confiserie-adam.fr\/boutique\/wp-json\/wp\/v2\/media\/17348"}],"wp:attachment":[{"href":"https:\/\/confiserie-adam.fr\/boutique\/wp-json\/wp\/v2\/media?parent=9800"}],"wp:term":[{"taxonomy":"product_cat","embeddable":true,"href":"https:\/\/confiserie-adam.fr\/boutique\/wp-json\/wp\/v2\/product_cat?post=9800"},{"taxonomy":"product_tag","embeddable":true,"href":"https:\/\/confiserie-adam.fr\/boutique\/wp-json\/wp\/v2\/product_tag?post=9800"}],"curies":[{"name":"wp","href":"https:\/\/api.w.org\/{rel}","templated":true}]}}