{"id":9759,"date":"2021-02-05T14:20:38","date_gmt":"2021-02-05T13:20:38","guid":{"rendered":"https:\/\/confiserie-adam.fr\/boutique\/produit\/coeurs-chocolat-au-lait-noir\/"},"modified":"2026-03-28T08:25:25","modified_gmt":"2026-03-28T07:25:25","slug":"coeurs-chocolat-au-lait-noir","status":"publish","type":"product","link":"https:\/\/confiserie-adam.fr\/boutique\/produit\/coeurs-chocolat-au-lait-noir\/","title":{"rendered":"C\u0153urs &#8211; Chocolat au lait &amp; noir"},"content":{"rendered":"<p>Moulage coeur chocolat au lait (50g) accompagn\u00e9 de mini-coeur chocolat noir coloris rouge &amp; blanc (40g).<\/p>\n<p>&nbsp;<\/p>\n<p><strong>Ingr\u00e9dients principaux :<\/strong><\/p>\n<ul>\n<li>Chocolat au lait<\/li>\n<li>Chocolat noir<\/li>\n<\/ul>\n<p>&nbsp;<\/p>\n<p><strong>Confiserie Adam<\/strong><\/p>\n<p>Entreprise familiale qui a \u00e0 c\u0153ur ses clients. Vous offrir \u00e0 la fois le go\u00fbt, le plaisir gustatif et la qualit\u00e9.<\/p>\n<ul>\n<li>Fabrication fran\u00e7aise depuis 1912<\/li>\n<li>Entreprise du Patrimoine Vivant<\/li>\n<li>Ingr\u00e9dients de qualit\u00e9<\/li>\n<\/ul>\n<p>&nbsp;<\/p>\n<p><strong>Conseils de conservation<\/strong><\/p>\n<p>A conserver \u00e0 l\u2019abri de la lumi\u00e8re et de l\u2019humidit\u00e9, dans un endroit frais et sec.<\/p>\n<p>&nbsp;<\/p>\n<p><strong><u>Ce produit contient<\/u><\/strong><\/p>\n<p><strong>Moulage coeur &#8211; Chocolat au lait (50g) (cacao 30% min.)<\/strong><\/p>\n<p>Ingr\u00e9dients\u00a0: sucre, LAIT entier en poudre, beurre de cacao, masse de cacao, lactos\u00e9rum en poudre (LAIT), \u00e9mulsifiants\u00a0: l\u00e9cithine de SOJA, E476, ar\u00f4me naturel de vanille. Peut contenir\u00a0: fruits \u00e0 coque, gluten, \u0153uf, arachides.<\/p>\n<p><strong>Mini c\u0153ur blanc\/rouge (40g)\u00a0&#8211; Chocolat noir enrob\u00e9 d\u2019une couche de sucre color\u00e9e et vernis<\/strong><\/p>\n<p>Ingr\u00e9dients\u00a0: sucre, chocolat noir 44% (cacao 73% min) (masse de cacao, sucre, \u00e9mulsifiant\u00a0: l\u00e9cithine de SOJA), amidon de riz, stabilisant\u00a0: gomme d\u2019acacia, colorant\u00a0: E100, E120, agent d\u2019enrobage\u00a0: E901, E903, ar\u00f4me naturel de vanille.<\/p>\n","protected":false},"excerpt":{"rendered":"<p>Des coeurs en chocolat au lait et noir pour d\u00e9clarer son amour&#8230;gourmand !<\/p>\n","protected":false},"featured_media":13514,"comment_status":"open","ping_status":"closed","template":"","meta":[],"product_cat":[563,27],"product_tag":[],"_links":{"self":[{"href":"https:\/\/confiserie-adam.fr\/boutique\/wp-json\/wp\/v2\/product\/9759"}],"collection":[{"href":"https:\/\/confiserie-adam.fr\/boutique\/wp-json\/wp\/v2\/product"}],"about":[{"href":"https:\/\/confiserie-adam.fr\/boutique\/wp-json\/wp\/v2\/types\/product"}],"replies":[{"embeddable":true,"href":"https:\/\/confiserie-adam.fr\/boutique\/wp-json\/wp\/v2\/comments?post=9759"}],"wp:featuredmedia":[{"embeddable":true,"href":"https:\/\/confiserie-adam.fr\/boutique\/wp-json\/wp\/v2\/media\/13514"}],"wp:attachment":[{"href":"https:\/\/confiserie-adam.fr\/boutique\/wp-json\/wp\/v2\/media?parent=9759"}],"wp:term":[{"taxonomy":"product_cat","embeddable":true,"href":"https:\/\/confiserie-adam.fr\/boutique\/wp-json\/wp\/v2\/product_cat?post=9759"},{"taxonomy":"product_tag","embeddable":true,"href":"https:\/\/confiserie-adam.fr\/boutique\/wp-json\/wp\/v2\/product_tag?post=9759"}],"curies":[{"name":"wp","href":"https:\/\/api.w.org\/{rel}","templated":true}]}}