{"id":9527,"date":"2021-01-07T11:06:15","date_gmt":"2021-01-07T10:06:15","guid":{"rendered":"https:\/\/confiserie-adam.fr\/boutique\/produit\/oeufs-liqueur\/"},"modified":"2026-04-23T18:48:58","modified_gmt":"2026-04-23T16:48:58","slug":"oeufs-confiseur","status":"publish","type":"product","link":"https:\/\/confiserie-adam.fr\/boutique\/produit\/oeufs-confiseur\/","title":{"rendered":"Oeufs confiseur"},"content":{"rendered":"<p>\u0152ufs multicolores fourr\u00e9s sirop de sucre aromatis\u00e9.<\/p>\n<p>&nbsp;<\/p>\n<p><strong>Confiserie Adam<\/strong><\/p>\n<p>Entreprise familiale qui a \u00e0 c\u0153ur ses clients. Vous offrir \u00e0 la fois le go\u00fbt, le plaisir gustatif et la qualit\u00e9.<\/p>\n<ul>\n<li>Fabrication fran\u00e7aise depuis 1912<\/li>\n<li>Entreprise du Patrimoine Vivant<\/li>\n<li>Ingr\u00e9dients de qualit\u00e9<\/li>\n<\/ul>\n<p>&nbsp;<\/p>\n<p><strong>Conseils de conservation<\/strong><\/p>\n<p>A conserver \u00e0 l\u2019abri de la lumi\u00e8re et de l\u2019humidit\u00e9, dans un endroit frais et sec.<\/p>\n<p>&nbsp;<\/p>\n<p><strong><u>Ce produit contient<\/u><\/strong><\/p>\n<p><strong>\u0152uf en sucre, int\u00e9rieur sirop de sucre aromatis\u00e9<\/strong>&#8211; Ingr\u00e9dients: Sucre, eau, sirop de glucose, maltodextrine, ar\u00f4mes, colorants: E100-E120-E141-E160a, agents d\u2019enrobage: cire d&#8217;abeille, mati\u00e8re grasse v\u00e9g\u00e9tale(palme), \u00e9paississant: agar agar. Peut contenir: arachides, \u0153uf, lait, soja, fruits \u00e0 coque, gluten.<\/p>\n","protected":false},"excerpt":{"rendered":"<p>\u0152ufs fourr\u00e9s sirop de sucre aromatis\u00e9.<\/p>\n","protected":false},"featured_media":9936,"comment_status":"open","ping_status":"closed","template":"","meta":[],"product_cat":[48,659],"product_tag":[],"_links":{"self":[{"href":"https:\/\/confiserie-adam.fr\/boutique\/wp-json\/wp\/v2\/product\/9527"}],"collection":[{"href":"https:\/\/confiserie-adam.fr\/boutique\/wp-json\/wp\/v2\/product"}],"about":[{"href":"https:\/\/confiserie-adam.fr\/boutique\/wp-json\/wp\/v2\/types\/product"}],"replies":[{"embeddable":true,"href":"https:\/\/confiserie-adam.fr\/boutique\/wp-json\/wp\/v2\/comments?post=9527"}],"wp:featuredmedia":[{"embeddable":true,"href":"https:\/\/confiserie-adam.fr\/boutique\/wp-json\/wp\/v2\/media\/9936"}],"wp:attachment":[{"href":"https:\/\/confiserie-adam.fr\/boutique\/wp-json\/wp\/v2\/media?parent=9527"}],"wp:term":[{"taxonomy":"product_cat","embeddable":true,"href":"https:\/\/confiserie-adam.fr\/boutique\/wp-json\/wp\/v2\/product_cat?post=9527"},{"taxonomy":"product_tag","embeddable":true,"href":"https:\/\/confiserie-adam.fr\/boutique\/wp-json\/wp\/v2\/product_tag?post=9527"}],"curies":[{"name":"wp","href":"https:\/\/api.w.org\/{rel}","templated":true}]}}