{"id":9520,"date":"2021-01-07T11:06:05","date_gmt":"2021-01-07T10:06:05","guid":{"rendered":"https:\/\/confiserie-adam.fr\/boutique\/produit\/fritures-chocolat-blanc-2\/"},"modified":"2026-04-13T10:05:16","modified_gmt":"2026-04-13T08:05:16","slug":"fritures-chocolat-blanc","status":"publish","type":"product","link":"https:\/\/confiserie-adam.fr\/boutique\/produit\/fritures-chocolat-blanc\/","title":{"rendered":"Fritures &#8211; chocolat blanc"},"content":{"rendered":"<p>Animaux chocolat blanc.<\/p>\n<p>&nbsp;<\/p>\n<p><strong>Ingr\u00e9dient principal :<\/strong><\/p>\n<ul>\n<li>Chocolat blanc<\/li>\n<\/ul>\n<p>&nbsp;<\/p>\n<p><strong>Confiserie Adam<\/strong><\/p>\n<p>Entreprise familiale qui a \u00e0 c\u0153ur ses clients. Vous offrir \u00e0 la fois le go\u00fbt, le plaisir gustatif et la qualit\u00e9.<\/p>\n<ul>\n<li>Fabrication fran\u00e7aise depuis 1912<\/li>\n<li>Entreprise du Patrimoine Vivant<\/li>\n<li>Ingr\u00e9dients de qualit\u00e9<\/li>\n<\/ul>\n<p>&nbsp;<\/p>\n<p><strong>Conseils de conservation<\/strong><\/p>\n<p>A conserver \u00e0 l\u2019abri de la lumi\u00e8re et de l\u2019humidit\u00e9, dans un endroit frais et sec.<\/p>\n<p>&nbsp;<\/p>\n<p><strong><u>Ce produit contient<\/u><\/strong><\/p>\n<p><strong>Friture chocolat blanc <\/strong>&#8211; Ingr\u00e9dients: sucre, poudre de LAIT entier, beurre de cacao, \u00e9mulsifiant: l\u00e9cithine de SOJA, ar\u00f4me naturel de vanille. Peut contenir: \u0153ufs, gluten, arachides, graines de s\u00e9same, fruits \u00e0 coques.<\/p>\n","protected":false},"excerpt":{"rendered":"<p>Des animaux au chocolat blanc.<\/p>\n","protected":false},"featured_media":9905,"comment_status":"open","ping_status":"closed","template":"","meta":[],"product_cat":[48,657],"product_tag":[],"_links":{"self":[{"href":"https:\/\/confiserie-adam.fr\/boutique\/wp-json\/wp\/v2\/product\/9520"}],"collection":[{"href":"https:\/\/confiserie-adam.fr\/boutique\/wp-json\/wp\/v2\/product"}],"about":[{"href":"https:\/\/confiserie-adam.fr\/boutique\/wp-json\/wp\/v2\/types\/product"}],"replies":[{"embeddable":true,"href":"https:\/\/confiserie-adam.fr\/boutique\/wp-json\/wp\/v2\/comments?post=9520"}],"wp:featuredmedia":[{"embeddable":true,"href":"https:\/\/confiserie-adam.fr\/boutique\/wp-json\/wp\/v2\/media\/9905"}],"wp:attachment":[{"href":"https:\/\/confiserie-adam.fr\/boutique\/wp-json\/wp\/v2\/media?parent=9520"}],"wp:term":[{"taxonomy":"product_cat","embeddable":true,"href":"https:\/\/confiserie-adam.fr\/boutique\/wp-json\/wp\/v2\/product_cat?post=9520"},{"taxonomy":"product_tag","embeddable":true,"href":"https:\/\/confiserie-adam.fr\/boutique\/wp-json\/wp\/v2\/product_tag?post=9520"}],"curies":[{"name":"wp","href":"https:\/\/api.w.org\/{rel}","templated":true}]}}