{"id":9518,"date":"2021-01-07T11:06:01","date_gmt":"2021-01-07T10:06:01","guid":{"rendered":"https:\/\/confiserie-adam.fr\/boutique\/produit\/bebe-lapin\/"},"modified":"2026-04-23T08:56:07","modified_gmt":"2026-04-23T06:56:07","slug":"bebe-lapin-chocolat-au-lait","status":"publish","type":"product","link":"https:\/\/confiserie-adam.fr\/boutique\/produit\/bebe-lapin-chocolat-au-lait\/","title":{"rendered":"B\u00e9b\u00e9 Lapin &#8211; Chocolat au lait"},"content":{"rendered":"<p>Moulage chocolat au lait \u2013 B\u00e9b\u00e9 Lapin \u2013 Hauteur 8cm &#8211; 12 pi\u00e8ces.<\/p>\n<p>Sans colorants &amp; 100% pur beurre de cacao.<\/p>\n<p>&nbsp;<\/p>\n<p><strong>Ingr\u00e9dient principal :<\/strong><\/p>\n<ul>\n<li>Chocolat au lait<\/li>\n<\/ul>\n<p>&nbsp;<\/p>\n<p><strong>Confiserie Adam<\/strong><\/p>\n<p>Entreprise familiale qui a \u00e0 c\u0153ur ses clients. Vous offrir \u00e0 la fois le go\u00fbt, le plaisir gustatif et la qualit\u00e9.<\/p>\n<ul>\n<li>Fabrication fran\u00e7aise depuis 1912<\/li>\n<li>Entreprise du Patrimoine Vivant<\/li>\n<li>Ingr\u00e9dients de qualit\u00e9<\/li>\n<\/ul>\n<p>&nbsp;<\/p>\n<p><strong>Conseils de conservation<\/strong><\/p>\n<p>A conserver \u00e0 l\u2019abri de la lumi\u00e8re et de l\u2019humidit\u00e9, dans un endroit frais et sec.<\/p>\n<p>&nbsp;<\/p>\n<p><strong><u>Ce produit contient<\/u><\/strong><\/p>\n<p><strong>Moulage chocolat au lait (cacao 31% min) <\/strong>&#8211; Ingr\u00e9dients: sucre, beurre de cacao, LAIT entier en poudre, p\u00e2te de cacao, LACTOSE, prot\u00e9ines de LAIT, \u00e9mulsifiant: l\u00e9cithine de SOJA, extrait de vanille. Peut contenir: fruits \u00e0 coque.<\/p>\n","protected":false},"excerpt":{"rendered":"<p>Un sachet de 12 mignons petits lapins au chocolat au lait.<\/p>\n","protected":false},"featured_media":9874,"comment_status":"open","ping_status":"closed","template":"","meta":[],"product_cat":[48,654],"product_tag":[],"_links":{"self":[{"href":"https:\/\/confiserie-adam.fr\/boutique\/wp-json\/wp\/v2\/product\/9518"}],"collection":[{"href":"https:\/\/confiserie-adam.fr\/boutique\/wp-json\/wp\/v2\/product"}],"about":[{"href":"https:\/\/confiserie-adam.fr\/boutique\/wp-json\/wp\/v2\/types\/product"}],"replies":[{"embeddable":true,"href":"https:\/\/confiserie-adam.fr\/boutique\/wp-json\/wp\/v2\/comments?post=9518"}],"wp:featuredmedia":[{"embeddable":true,"href":"https:\/\/confiserie-adam.fr\/boutique\/wp-json\/wp\/v2\/media\/9874"}],"wp:attachment":[{"href":"https:\/\/confiserie-adam.fr\/boutique\/wp-json\/wp\/v2\/media?parent=9518"}],"wp:term":[{"taxonomy":"product_cat","embeddable":true,"href":"https:\/\/confiserie-adam.fr\/boutique\/wp-json\/wp\/v2\/product_cat?post=9518"},{"taxonomy":"product_tag","embeddable":true,"href":"https:\/\/confiserie-adam.fr\/boutique\/wp-json\/wp\/v2\/product_tag?post=9518"}],"curies":[{"name":"wp","href":"https:\/\/api.w.org\/{rel}","templated":true}]}}