{"id":9516,"date":"2021-01-07T11:05:58","date_gmt":"2021-01-07T10:05:58","guid":{"rendered":"https:\/\/confiserie-adam.fr\/boutique\/produit\/oeufs-fruites\/"},"modified":"2026-04-14T18:09:01","modified_gmt":"2026-04-14T16:09:01","slug":"oeufs-fruites","status":"publish","type":"product","link":"https:\/\/confiserie-adam.fr\/boutique\/produit\/oeufs-fruites\/","title":{"rendered":"Oeufs fruit\u00e9s"},"content":{"rendered":"<p>P\u00e2te de fruits mandarine, poire &amp; framboise enrob\u00e9e de chocolat<\/p>\n<p>&nbsp;<\/p>\n<p><strong>Ingr\u00e9dients principaux :<\/strong><\/p>\n<ul>\n<li>P\u00e2tes de fruits<\/li>\n<li>Chocolat<\/li>\n<\/ul>\n<p>&nbsp;<\/p>\n<p><strong>Confiserie Adam<\/strong><\/p>\n<p>Entreprise familiale qui a \u00e0 c\u0153ur ses clients. Vous offrir \u00e0 la fois le go\u00fbt, le plaisir gustatif et la qualit\u00e9.<\/p>\n<ul>\n<li>Fabrication fran\u00e7aise depuis 1912<\/li>\n<li>Entreprise du Patrimoine Vivant<\/li>\n<li>Ingr\u00e9dients de qualit\u00e9<\/li>\n<\/ul>\n<p>&nbsp;<\/p>\n<p><strong>Conseils de conservation<\/strong><\/p>\n<p>A conserver \u00e0 l\u2019abri de la lumi\u00e8re et de l\u2019humidit\u00e9, dans un endroit frais et sec.<\/p>\n<p>&nbsp;<\/p>\n<p><strong><u>Ce produit contient<\/u><\/strong><\/p>\n<p><strong>C\u0153ur g\u00e9lifi\u00e9 \u00e0 base de pectine et pur\u00e9e de fruits enrob\u00e9 de chocolat au lait, blanc et noir aromatis\u00e9s saveur framboise, mandarine ou poire &#8211; <\/strong>Ingr\u00e9dients: Coeur g\u00e9lifi\u00e9 \u00e0 base de pectine et pur\u00e9e de fruits 39%(sucre, pulpe de pomme, sirop de glucose, pulpe d\u2019abricot, g\u00e9lifiant: pectine, acidifiants: E330, E334), chocolat blanc 29%(cacao 26% min)(sucre, beurre de cacao, poudre de LAIT entier, poudre de LACTOSERUM, \u00e9mulsifiants: l\u00e9cithine de SOJA, E476, ar\u00f4me naturel de vanille), chocolat au LAIT 9%(cacao 30% min) (sucre, LAIT entier en poudre, beurre de cacao, masse de cacao, lactos\u00e9rum en poudre (LAIT), \u00e9mulsifiant: l\u00e9cithine de SOJA, E476, ar\u00f4me naturel de vanille), chocolat noir 19%(cacao 54% min)(masse de cacao, sucre, beurre de cacao, \u00e9mulsifiant: l\u00e9cithine de SOJA), ar\u00f4mes, sucre glace(sucre, amidon de pomme de terre), colorants: E160a-E100-E120. Peut contenir: fruits \u00e0 coque, gluten, oeuf, arachides.<\/p>\n","protected":false},"excerpt":{"rendered":"<p>P\u00e2te de fruits mandarine, poire &amp; framboise enrob\u00e9e de chocolat.<\/p>\n","protected":false},"featured_media":9935,"comment_status":"open","ping_status":"closed","template":"","meta":[],"product_cat":[48,659],"product_tag":[],"_links":{"self":[{"href":"https:\/\/confiserie-adam.fr\/boutique\/wp-json\/wp\/v2\/product\/9516"}],"collection":[{"href":"https:\/\/confiserie-adam.fr\/boutique\/wp-json\/wp\/v2\/product"}],"about":[{"href":"https:\/\/confiserie-adam.fr\/boutique\/wp-json\/wp\/v2\/types\/product"}],"replies":[{"embeddable":true,"href":"https:\/\/confiserie-adam.fr\/boutique\/wp-json\/wp\/v2\/comments?post=9516"}],"wp:featuredmedia":[{"embeddable":true,"href":"https:\/\/confiserie-adam.fr\/boutique\/wp-json\/wp\/v2\/media\/9935"}],"wp:attachment":[{"href":"https:\/\/confiserie-adam.fr\/boutique\/wp-json\/wp\/v2\/media?parent=9516"}],"wp:term":[{"taxonomy":"product_cat","embeddable":true,"href":"https:\/\/confiserie-adam.fr\/boutique\/wp-json\/wp\/v2\/product_cat?post=9516"},{"taxonomy":"product_tag","embeddable":true,"href":"https:\/\/confiserie-adam.fr\/boutique\/wp-json\/wp\/v2\/product_tag?post=9516"}],"curies":[{"name":"wp","href":"https:\/\/api.w.org\/{rel}","templated":true}]}}