{"id":9515,"date":"2021-01-07T11:05:55","date_gmt":"2021-01-07T10:05:55","guid":{"rendered":"https:\/\/confiserie-adam.fr\/boutique\/produit\/oeufs-croustifondant-caramel\/"},"modified":"2026-04-13T10:05:01","modified_gmt":"2026-04-13T08:05:01","slug":"oeufs-croustifondant-caramel","status":"publish","type":"product","link":"https:\/\/confiserie-adam.fr\/boutique\/produit\/oeufs-croustifondant-caramel\/","title":{"rendered":"Oeufs Crousti&#8217;fondant caramel"},"content":{"rendered":"<p>Assortiment :<\/p>\n<ul>\n<li>Caramel fondant enrob\u00e9 chocolat au lait<\/li>\n<li>Amande enrob\u00e9e chocolat caramel avec \u00e9clats de caramel<\/li>\n<\/ul>\n<p>&nbsp;<\/p>\n<p><strong>Ingr\u00e9dients principaux :<\/strong><\/p>\n<ul>\n<li>Chocolat<\/li>\n<li>Caramel<\/li>\n<\/ul>\n<p>&nbsp;<\/p>\n<p><strong>Confiserie Adam<\/strong><\/p>\n<p>Entreprise familiale qui a \u00e0 c\u0153ur ses clients. Vous offrir \u00e0 la fois le go\u00fbt, le plaisir gustatif et la qualit\u00e9.<\/p>\n<ul>\n<li>Fabrication fran\u00e7aise depuis 1912<\/li>\n<li>Entreprise du Patrimoine Vivant<\/li>\n<li>Ingr\u00e9dients de qualit\u00e9<\/li>\n<\/ul>\n<p>&nbsp;<\/p>\n<p><strong>Conseils de conservation<\/strong><\/p>\n<p>A conserver \u00e0 l\u2019abri de la lumi\u00e8re et de l\u2019humidit\u00e9, dans un endroit frais et sec.<\/p>\n<p>&nbsp;<\/p>\n<p><strong><u>Ce produit contient<\/u><\/strong><\/p>\n<p><strong>Assortiment de 2 produits: \u0152uf chocolat noir int\u00e9rieur ganache au caramel fleur de sel enrob\u00e9 chocolat au lait et blanc et amande grill\u00e9e enrob\u00e9e chocolat au lait aromatis\u00e9 saveur caramel aux \u00e9clats de caramel aromatique &#8211; <\/strong><\/p>\n<p>Ingr\u00e9dients: Oeuf chocolat noir int\u00e9rieur ganache au caramel et fleur de sel 37%(sucre, masse de cacao, caramel 6%(sucre, eau, dextrose), beurre p\u00e2tissier(LAIT), beurre de cacao, poudre de LAIT entier, sirop de glucose, \u00e9mulsifiant: l\u00e9cithine de SOJA, fleur de sel 0,04%, ar\u00f4me naturel de vanille), chocolat au LAIT 37%(cacao 30% min)(sucre, LAIT entier en poudre, beurre de cacao, masse de cacao, lactos\u00e9rum en poudre (LAIT), \u00e9mulsifiant: l\u00e9cithine de SOJA, E476, ar\u00f4me naturel de vanille), AMANDE grill\u00e9e 14%, chocolat blanc 6%(cacao 26% min)(sucre, beurre de cacao, poudre de LAIT entier, poudre de LACTOSERUM, \u00e9mulsifiants: l\u00e9cithine de SOJA, E476, ar\u00f4me naturel de vanille), caramel aromatique au beurre sal\u00e9 et \u00e0 la cr\u00e8me 2%(sucre, sirop de glucose, beurre sal\u00e9 (LAIT), cr\u00e8me (LAIT), eau), vernissage(sirop de glucose, sucre, agents d&#8217;enrobage: E904, gomme d&#8217;acacia), ar\u00f4me naturel de caramel, chocolat noir(cacao 70% min)(masse de cacao, sucre, \u00e9mulsifiant: l\u00e9cithine de SOJA). Peut contenir d&#8217;autres fruits \u00e0 coque, gluten, oeuf, arachides, graines de s\u00e9same.<\/p>\n","protected":false},"excerpt":{"rendered":"<p>Caramel fondant enrob\u00e9 chocolat au lait &amp; Amande enrob\u00e9e chocolat caramel aux \u00e9clats de caramel.<\/p>\n<p>&nbsp;<\/p>\n","protected":false},"featured_media":9932,"comment_status":"open","ping_status":"closed","template":"","meta":[],"product_cat":[48,657],"product_tag":[],"_links":{"self":[{"href":"https:\/\/confiserie-adam.fr\/boutique\/wp-json\/wp\/v2\/product\/9515"}],"collection":[{"href":"https:\/\/confiserie-adam.fr\/boutique\/wp-json\/wp\/v2\/product"}],"about":[{"href":"https:\/\/confiserie-adam.fr\/boutique\/wp-json\/wp\/v2\/types\/product"}],"replies":[{"embeddable":true,"href":"https:\/\/confiserie-adam.fr\/boutique\/wp-json\/wp\/v2\/comments?post=9515"}],"wp:featuredmedia":[{"embeddable":true,"href":"https:\/\/confiserie-adam.fr\/boutique\/wp-json\/wp\/v2\/media\/9932"}],"wp:attachment":[{"href":"https:\/\/confiserie-adam.fr\/boutique\/wp-json\/wp\/v2\/media?parent=9515"}],"wp:term":[{"taxonomy":"product_cat","embeddable":true,"href":"https:\/\/confiserie-adam.fr\/boutique\/wp-json\/wp\/v2\/product_cat?post=9515"},{"taxonomy":"product_tag","embeddable":true,"href":"https:\/\/confiserie-adam.fr\/boutique\/wp-json\/wp\/v2\/product_tag?post=9515"}],"curies":[{"name":"wp","href":"https:\/\/api.w.org\/{rel}","templated":true}]}}