{"id":9514,"date":"2021-01-07T11:05:54","date_gmt":"2021-01-07T10:05:54","guid":{"rendered":"https:\/\/confiserie-adam.fr\/boutique\/produit\/oeufs-croustichoco\/"},"modified":"2026-04-13T10:04:59","modified_gmt":"2026-04-13T08:04:59","slug":"oeufs-croustichoco","status":"publish","type":"product","link":"https:\/\/confiserie-adam.fr\/boutique\/produit\/oeufs-croustichoco\/","title":{"rendered":"Oeufs Crousti&#8217;choco"},"content":{"rendered":"<p>Assortiment :<\/p>\n<ul>\n<li>Amande enrob\u00e9e chocolat au lait aux \u00e9clats de noisette<\/li>\n<li>C\u00e9r\u00e9ale enrob\u00e9e chocolat noir<\/li>\n<\/ul>\n<p>&nbsp;<\/p>\n<p><strong>Confiserie Adam<\/strong><\/p>\n<p>Entreprise familiale qui a \u00e0 c\u0153ur ses clients. Vous offrir \u00e0 la fois le go\u00fbt, le plaisir gustatif et la qualit\u00e9.<\/p>\n<ul>\n<li>Fabrication fran\u00e7aise depuis 1912<\/li>\n<li>Entreprise du Patrimoine Vivant<\/li>\n<li>Ingr\u00e9dients de qualit\u00e9<\/li>\n<\/ul>\n<p>&nbsp;<\/p>\n<p><strong>Conseils de conservation<\/strong><\/p>\n<p>A conserver \u00e0 l\u2019abri de la lumi\u00e8re et de l\u2019humidit\u00e9, dans un endroit frais et sec.<\/p>\n<p>&nbsp;<\/p>\n<p><strong><u>Ce produit contient<\/u><\/strong><\/p>\n<p><strong>Assortiment de 2 produits : Bille de c\u00e9r\u00e9ale biscuit\u00e9e enrob\u00e9e chocolat noir et amande grill\u00e9e enrob\u00e9e chocolat au lait avec \u00e9clats de noisette grill\u00e9e<\/strong><\/p>\n<p>Ingr\u00e9dients: chocolat noir 41%(cacao 54% min)(masse de cacao, sucre, beurre de cacao, \u00e9mulsifiant: l\u00e9cithine de SOJA), chocolat au LAIT 32%(cacao 30% min)(sucre, LAIT entier en poudre, beurre de cacao, masse de cacao, lactos\u00e9rum en poudre (LAIT), \u00e9mulsifiant: l\u00e9cithine de SOJA, E476, ar\u00f4me naturel de vanille), AMANDE grill\u00e9e 14%, bille de c\u00e9r\u00e9ale 7%(farine de BLE, GLUTEN DE BLE, sucre, farine de malt de BLE, poudre \u00e0 lever: E500(ii), sel), NOISETTE grill\u00e9e 2%, vernissage(sirop de glucose, sucre, agents d&#8217;enrobage: E904, gomme d&#8217;acacia). Peut contenir d&#8217;autres fruits \u00e0 coque, oeufs, arachides.<\/p>\n","protected":false},"excerpt":{"rendered":"<p>Amande enrob\u00e9e chocolat au lait \u00e9clats de noisette &amp; C\u00e9r\u00e9ale enrob\u00e9e chocolat noir.<\/p>\n","protected":false},"featured_media":9931,"comment_status":"open","ping_status":"closed","template":"","meta":[],"product_cat":[48,657],"product_tag":[],"_links":{"self":[{"href":"https:\/\/confiserie-adam.fr\/boutique\/wp-json\/wp\/v2\/product\/9514"}],"collection":[{"href":"https:\/\/confiserie-adam.fr\/boutique\/wp-json\/wp\/v2\/product"}],"about":[{"href":"https:\/\/confiserie-adam.fr\/boutique\/wp-json\/wp\/v2\/types\/product"}],"replies":[{"embeddable":true,"href":"https:\/\/confiserie-adam.fr\/boutique\/wp-json\/wp\/v2\/comments?post=9514"}],"wp:featuredmedia":[{"embeddable":true,"href":"https:\/\/confiserie-adam.fr\/boutique\/wp-json\/wp\/v2\/media\/9931"}],"wp:attachment":[{"href":"https:\/\/confiserie-adam.fr\/boutique\/wp-json\/wp\/v2\/media?parent=9514"}],"wp:term":[{"taxonomy":"product_cat","embeddable":true,"href":"https:\/\/confiserie-adam.fr\/boutique\/wp-json\/wp\/v2\/product_cat?post=9514"},{"taxonomy":"product_tag","embeddable":true,"href":"https:\/\/confiserie-adam.fr\/boutique\/wp-json\/wp\/v2\/product_tag?post=9514"}],"curies":[{"name":"wp","href":"https:\/\/api.w.org\/{rel}","templated":true}]}}