{"id":9510,"date":"2021-01-07T11:05:48","date_gmt":"2021-01-07T10:05:48","guid":{"rendered":"https:\/\/confiserie-adam.fr\/boutique\/produit\/oeuf-praline\/"},"modified":"2026-04-13T10:04:57","modified_gmt":"2026-04-13T08:04:57","slug":"oeuf-praline-extra","status":"publish","type":"product","link":"https:\/\/confiserie-adam.fr\/boutique\/produit\/oeuf-praline-extra\/","title":{"rendered":"Oeuf pralin\u00e9 extra"},"content":{"rendered":"<p>Date courte : \u00e0 consommer de pr\u00e9f\u00e9rence avant fin 10.2024<\/p>\n<p>Assortiment :<\/p>\n<ul>\n<li>Gianduja chocolat au lait ou noir<\/li>\n<li>Pralin\u00e9 chocolat au lait \u00e9clats d&#8217;amandes<\/li>\n<li>Noisettine chocolat blanc ou noir<\/li>\n<li>Pralin\u00e9 chocolat noir<\/li>\n<li>Ganache noix de coco chocolat au lait<\/li>\n<li>Chocolat noir caramel fleur de sel<\/li>\n<li>Feuillantine chocolat noir<\/li>\n<\/ul>\n<p>&nbsp;<\/p>\n<p><strong>Confiserie Adam<\/strong><\/p>\n<p>Entreprise familiale qui a \u00e0 c\u0153ur ses clients. Vous offrir \u00e0 la fois le go\u00fbt, le plaisir gustatif et la qualit\u00e9.<\/p>\n<ul>\n<li>Fabrication fran\u00e7aise depuis 1912<\/li>\n<li>Entreprise du Patrimoine Vivant<\/li>\n<li>Ingr\u00e9dients de qualit\u00e9<\/li>\n<\/ul>\n<p>&nbsp;<\/p>\n<p><strong>Conseils de conservation<\/strong><\/p>\n<p>A conserver \u00e0 l\u2019abri de la lumi\u00e8re et de l\u2019humidit\u00e9, dans un endroit frais et sec.<\/p>\n<p>&nbsp;<\/p>\n<p><strong><u>Ce produit contient<\/u><\/strong><\/p>\n<p><strong>Assortiment d&#8217;\u0153ufs en chocolat fourr\u00e9s &#8211; <\/strong>Ingr\u00e9dients: sucre, cacao, NOISETTES, beurre de cacao, poudre de LAIT entier, BEURRE p\u00e2tissier, LACTOSE, poudre de cacao, \u00e9clats d\u2019AMANDES, brisures de cr\u00eape dentelle(farine de BLE, sucre, BEURRE p\u00e2tissier, LAIT \u00e9cr\u00e9m\u00e9 en poudre, malt d\u2019ORGE), sel, noix de coco, p\u00e9pites saveur cappuccino(LAIT \u00e9cr\u00e9m\u00e9, sucre, maltodextrine, caf\u00e9, amidon modifi\u00e9), caf\u00e9, \u00e9mulsifiant: l\u00e9cithine de SOJA, sel, ar\u00f4mes, fleur de sel. Peut contenir d\u2019autres fruits \u00e0 coque, \u0153uf, gluten, arachides, graines de s\u00e9same.<\/p>\n","protected":false},"excerpt":{"rendered":"<p>Un assortiment d&#8217;\u0153ufs pralin\u00e9 aux diff\u00e9rentes saveurs. Fondant &amp; d\u00e9licieux.<\/p>\n<p>DLUO : 10.2024<\/p>\n","protected":false},"featured_media":9939,"comment_status":"open","ping_status":"closed","template":"","meta":[],"product_cat":[48,657],"product_tag":[],"_links":{"self":[{"href":"https:\/\/confiserie-adam.fr\/boutique\/wp-json\/wp\/v2\/product\/9510"}],"collection":[{"href":"https:\/\/confiserie-adam.fr\/boutique\/wp-json\/wp\/v2\/product"}],"about":[{"href":"https:\/\/confiserie-adam.fr\/boutique\/wp-json\/wp\/v2\/types\/product"}],"replies":[{"embeddable":true,"href":"https:\/\/confiserie-adam.fr\/boutique\/wp-json\/wp\/v2\/comments?post=9510"}],"wp:featuredmedia":[{"embeddable":true,"href":"https:\/\/confiserie-adam.fr\/boutique\/wp-json\/wp\/v2\/media\/9939"}],"wp:attachment":[{"href":"https:\/\/confiserie-adam.fr\/boutique\/wp-json\/wp\/v2\/media?parent=9510"}],"wp:term":[{"taxonomy":"product_cat","embeddable":true,"href":"https:\/\/confiserie-adam.fr\/boutique\/wp-json\/wp\/v2\/product_cat?post=9510"},{"taxonomy":"product_tag","embeddable":true,"href":"https:\/\/confiserie-adam.fr\/boutique\/wp-json\/wp\/v2\/product_tag?post=9510"}],"curies":[{"name":"wp","href":"https:\/\/api.w.org\/{rel}","templated":true}]}}