{"id":9508,"date":"2021-01-07T11:05:45","date_gmt":"2021-01-07T10:05:45","guid":{"rendered":"https:\/\/confiserie-adam.fr\/boutique\/produit\/farceur-chocolat-blanc\/"},"modified":"2026-04-23T08:55:55","modified_gmt":"2026-04-23T06:55:55","slug":"farceur-chocolat-blanc","status":"publish","type":"product","link":"https:\/\/confiserie-adam.fr\/boutique\/produit\/farceur-chocolat-blanc\/","title":{"rendered":"Farceur \u2013 Chocolat blanc"},"content":{"rendered":"<p>Moulage chocolat blanc \u2013 Farceur le Lapin \u2013 Hauteur 25 cm<\/p>\n<p>Sans colorants &amp; 100% pur beurre de cacao.<\/p>\n<p>&nbsp;<\/p>\n<p><strong>Ingr\u00e9dient principal :<\/strong><\/p>\n<ul>\n<li>Chocolat blanc<\/li>\n<\/ul>\n<p>&nbsp;<\/p>\n<p><strong>Confiserie Adam<\/strong><\/p>\n<p>Entreprise familiale qui a \u00e0 c\u0153ur ses clients. Vous offrir \u00e0 la fois le go\u00fbt, le plaisir gustatif et la qualit\u00e9.<\/p>\n<ul>\n<li>Fabrication fran\u00e7aise depuis 1912<\/li>\n<li>Entreprise du Patrimoine Vivant<\/li>\n<li>Ingr\u00e9dients de qualit\u00e9<\/li>\n<\/ul>\n<p>&nbsp;<\/p>\n<p><strong>Conseils de conservation<\/strong><\/p>\n<p>A conserver \u00e0 l\u2019abri de la lumi\u00e8re et de l\u2019humidit\u00e9, dans un endroit frais et sec.<\/p>\n<p>&nbsp;<\/p>\n<p><strong><u>Ce produit contient<\/u><\/strong><\/p>\n<p><strong>Moulage chocolat blanc d\u00e9cor \u0153uf en sucre int\u00e9rieur sirop de sucre aromatis\u00e9 <\/strong><\/p>\n<p><strong>Chocolat blanc(cacao 26% min)<\/strong>&#8211; Ingr\u00e9dients: sucre, beurre de cacao, LAIT entier en poudre, lactos\u00e9rum en poudre (LAIT), \u00e9mulsifiants: l\u00e9cithine de SOJA, E476, ar\u00f4me naturel de vanille. Peut contenir: fruits \u00e0 coque, gluten, \u0153uf, arachides.<\/p>\n<p><strong>\u0152uf en sucre, int\u00e9rieur sirop de sucre <\/strong>aromatis\u00e9- Ingr\u00e9dients: Sucre, eau, sirop de glucose, maltodextrine, ar\u00f4mes, colorants: E100-E120-E141-E160a, agents d\u2019enrobage: cire d&#8217;abeille, mati\u00e8re grasse v\u00e9g\u00e9tale(palme), \u00e9paississant: agar agar. Peut contenir: arachides, \u0153uf, lait, soja, fruits \u00e0 coque, gluten.<\/p>\n","protected":false},"excerpt":{"rendered":"<p>Un malicieux lapin au chocolat blanc.<\/p>\n","protected":false},"featured_media":10147,"comment_status":"open","ping_status":"closed","template":"","meta":[],"product_cat":[48,654],"product_tag":[],"_links":{"self":[{"href":"https:\/\/confiserie-adam.fr\/boutique\/wp-json\/wp\/v2\/product\/9508"}],"collection":[{"href":"https:\/\/confiserie-adam.fr\/boutique\/wp-json\/wp\/v2\/product"}],"about":[{"href":"https:\/\/confiserie-adam.fr\/boutique\/wp-json\/wp\/v2\/types\/product"}],"replies":[{"embeddable":true,"href":"https:\/\/confiserie-adam.fr\/boutique\/wp-json\/wp\/v2\/comments?post=9508"}],"wp:featuredmedia":[{"embeddable":true,"href":"https:\/\/confiserie-adam.fr\/boutique\/wp-json\/wp\/v2\/media\/10147"}],"wp:attachment":[{"href":"https:\/\/confiserie-adam.fr\/boutique\/wp-json\/wp\/v2\/media?parent=9508"}],"wp:term":[{"taxonomy":"product_cat","embeddable":true,"href":"https:\/\/confiserie-adam.fr\/boutique\/wp-json\/wp\/v2\/product_cat?post=9508"},{"taxonomy":"product_tag","embeddable":true,"href":"https:\/\/confiserie-adam.fr\/boutique\/wp-json\/wp\/v2\/product_tag?post=9508"}],"curies":[{"name":"wp","href":"https:\/\/api.w.org\/{rel}","templated":true}]}}