{"id":9487,"date":"2021-01-07T11:05:12","date_gmt":"2021-01-07T10:05:12","guid":{"rendered":"https:\/\/confiserie-adam.fr\/boutique\/produit\/lisea-chocolat-au-lait-5\/"},"modified":"2026-04-14T18:08:14","modified_gmt":"2026-04-14T16:08:14","slug":"lisea-chocolat-au-lait","status":"publish","type":"product","link":"https:\/\/confiserie-adam.fr\/boutique\/produit\/lisea-chocolat-au-lait\/","title":{"rendered":"Lis\u00e9a \u2013 Chocolat au lait"},"content":{"rendered":"<p>Moulage chocolat au lait \u2013 Lis\u00e9a la souris \u2013 Hauteur 13cm.<\/p>\n<p>Sans colorants &amp; 100% pur beurre de cacao.<\/p>\n<p>&nbsp;<\/p>\n<p><strong>Ingr\u00e9dient principal :<\/strong><\/p>\n<ul>\n<li>Chocolat au lait<\/li>\n<\/ul>\n<p>&nbsp;<\/p>\n<p><strong>Confiserie Adam<\/strong><\/p>\n<p>Entreprise familiale qui a \u00e0 c\u0153ur ses clients. Vous offrir \u00e0 la fois le go\u00fbt, le plaisir gustatif et la qualit\u00e9.<\/p>\n<ul>\n<li>Fabrication fran\u00e7aise depuis 1912<\/li>\n<li>Entreprise du Patrimoine Vivant<\/li>\n<li>Ingr\u00e9dients de qualit\u00e9<\/li>\n<\/ul>\n<p>&nbsp;<\/p>\n<p><strong>Conseils de conservation<\/strong><\/p>\n<p>A conserver \u00e0 l\u2019abri de la lumi\u00e8re et de l\u2019humidit\u00e9, dans un endroit frais et sec.<\/p>\n<p>&nbsp;<\/p>\n<p><strong><u>Ce produit contient<\/u><\/strong><\/p>\n<p><strong>Moulage chocolat au lait (cacao 30% min.) d\u00e9cor chocolat blanc<\/strong><\/p>\n<p><strong>Ingr\u00e9dients\u00a0:<span>\u00a0<\/span><\/strong>sucre, LAIT entier en poudre, beurre de cacao, masse de cacao, lactos\u00e9rum en poudre (LAIT), \u00e9mulsifiants\u00a0: l\u00e9cithine de SOJA, E476, ar\u00f4me naturel de vanille. Peut contenir\u00a0: fruits \u00e0 coque, gluten, \u0153uf, arachides.<strong><\/strong><\/p>\n<p><strong>D\u00e9cor chocolat blanc (cacao 26% min.)<\/strong><\/p>\n<p><strong>Ingr\u00e9dients :<\/strong><span>\u00a0<\/span>sucre, beurre de cacao, LAIT entier en poudre, lactos\u00e9rum en poudre (LAIT), \u00e9mulsifiants : l\u00e9cithine de SOJA, E476, ar\u00f4me naturel de vanille.<\/p>\n","protected":false},"excerpt":{"rendered":"<p>Moulage chocolat au lait \u2013 Lis\u00e9a la souris \u2013 Hauteur 13cm. Sans colorants &amp; 100% pur beurre de cacao. &nbsp; Ingr\u00e9dient principal : Chocolat au lait &nbsp; Confiserie Adam Entreprise familiale qui a \u00e0 c\u0153ur ses clients. Vous offrir \u00e0 la fois le go\u00fbt, le plaisir gustatif et la qualit\u00e9. Fabrication fran\u00e7aise depuis 1912 Entreprise [&hellip;]<\/p>\n","protected":false},"featured_media":8481,"comment_status":"open","ping_status":"closed","template":"","meta":[],"product_cat":[589,592],"product_tag":[],"_links":{"self":[{"href":"https:\/\/confiserie-adam.fr\/boutique\/wp-json\/wp\/v2\/product\/9487"}],"collection":[{"href":"https:\/\/confiserie-adam.fr\/boutique\/wp-json\/wp\/v2\/product"}],"about":[{"href":"https:\/\/confiserie-adam.fr\/boutique\/wp-json\/wp\/v2\/types\/product"}],"replies":[{"embeddable":true,"href":"https:\/\/confiserie-adam.fr\/boutique\/wp-json\/wp\/v2\/comments?post=9487"}],"wp:featuredmedia":[{"embeddable":true,"href":"https:\/\/confiserie-adam.fr\/boutique\/wp-json\/wp\/v2\/media\/8481"}],"wp:attachment":[{"href":"https:\/\/confiserie-adam.fr\/boutique\/wp-json\/wp\/v2\/media?parent=9487"}],"wp:term":[{"taxonomy":"product_cat","embeddable":true,"href":"https:\/\/confiserie-adam.fr\/boutique\/wp-json\/wp\/v2\/product_cat?post=9487"},{"taxonomy":"product_tag","embeddable":true,"href":"https:\/\/confiserie-adam.fr\/boutique\/wp-json\/wp\/v2\/product_tag?post=9487"}],"curies":[{"name":"wp","href":"https:\/\/api.w.org\/{rel}","templated":true}]}}