{"id":9482,"date":"2021-01-07T11:05:05","date_gmt":"2021-01-07T10:05:05","guid":{"rendered":"https:\/\/confiserie-adam.fr\/boutique\/produit\/lisea-chocolat-au-lait-2\/"},"modified":"2026-04-04T10:11:59","modified_gmt":"2026-04-04T08:11:59","slug":"bouclette-chocolat-au-lait","status":"publish","type":"product","link":"https:\/\/confiserie-adam.fr\/boutique\/produit\/bouclette-chocolat-au-lait\/","title":{"rendered":"Bouclette \u2013 Chocolat au lait"},"content":{"rendered":"<p>Moulage chocolat au lait \u2013 Bouclette le mouton \u2013 Hauteur 13cm<\/p>\n<p>Sans colorants &amp; 100% pur beurre de cacao.<\/p>\n<p>&nbsp;<\/p>\n<p><strong>Ingr\u00e9dient principal :<\/strong><\/p>\n<ul>\n<li>Chocolat au lait<\/li>\n<\/ul>\n<p>&nbsp;<\/p>\n<p><strong>Confiserie Adam<\/strong><\/p>\n<p>Entreprise familiale qui a \u00e0 c\u0153ur ses clients. Vous offrir \u00e0 la fois le go\u00fbt, le plaisir gustatif et la qualit\u00e9.<\/p>\n<ul>\n<li>Fabrication fran\u00e7aise depuis 1912<\/li>\n<li>Entreprise du Patrimoine Vivant<\/li>\n<li>Ingr\u00e9dients de qualit\u00e9<\/li>\n<\/ul>\n<p>&nbsp;<\/p>\n<p><strong>Conseils de conservation<\/strong><\/p>\n<p>A conserver \u00e0 l\u2019abri de la lumi\u00e8re et de l\u2019humidit\u00e9, dans un endroit frais et sec.<\/p>\n<p>&nbsp;<\/p>\n<p><strong><u>Ce produit contient<\/u><\/strong><\/p>\n<p><strong>Moulage chocolat au lait d\u00e9cor chocolat blanc et noir<\/strong><\/p>\n<p><strong>Chocolat au LAIT(cacao 30% min)<\/strong>&#8211; Ingr\u00e9dients: sucre, LAIT entier en poudre, beurre de cacao, masse de cacao, lactos\u00e9rum en poudre(LAIT), \u00e9mulsifiants: l\u00e9cithine de SOJA, E476, ar\u00f4me naturel de vanille. Peut contenir: fruits \u00e0 coque, gluten, \u0153uf, arachides.<\/p>\n<p><strong>D\u00e9cor chocolat blanc(cacao 26% min)<\/strong>&#8211; Ingr\u00e9dients: sucre, beurre de cacao, LAIT entier en poudre, lactos\u00e9rum en poudre(LAIT), \u00e9mulsifiants: l\u00e9cithine de SOJA, E476, ar\u00f4me naturel de vanille.<\/p>\n<p><strong>D\u00e9cor chocolat noir(cacao 70% min)<\/strong>&#8211; Ingr\u00e9dients: masse de cacao, sucre, \u00e9mulsifiant: l\u00e9cithine de SOJA.<\/p>\n","protected":false},"excerpt":{"rendered":"<p>Le mignon mouton au chocolat au lait fondant.<\/p>\n","protected":false},"featured_media":9889,"comment_status":"open","ping_status":"closed","template":"","meta":[],"product_cat":[48,654],"product_tag":[],"_links":{"self":[{"href":"https:\/\/confiserie-adam.fr\/boutique\/wp-json\/wp\/v2\/product\/9482"}],"collection":[{"href":"https:\/\/confiserie-adam.fr\/boutique\/wp-json\/wp\/v2\/product"}],"about":[{"href":"https:\/\/confiserie-adam.fr\/boutique\/wp-json\/wp\/v2\/types\/product"}],"replies":[{"embeddable":true,"href":"https:\/\/confiserie-adam.fr\/boutique\/wp-json\/wp\/v2\/comments?post=9482"}],"wp:featuredmedia":[{"embeddable":true,"href":"https:\/\/confiserie-adam.fr\/boutique\/wp-json\/wp\/v2\/media\/9889"}],"wp:attachment":[{"href":"https:\/\/confiserie-adam.fr\/boutique\/wp-json\/wp\/v2\/media?parent=9482"}],"wp:term":[{"taxonomy":"product_cat","embeddable":true,"href":"https:\/\/confiserie-adam.fr\/boutique\/wp-json\/wp\/v2\/product_cat?post=9482"},{"taxonomy":"product_tag","embeddable":true,"href":"https:\/\/confiserie-adam.fr\/boutique\/wp-json\/wp\/v2\/product_tag?post=9482"}],"curies":[{"name":"wp","href":"https:\/\/api.w.org\/{rel}","templated":true}]}}