{"id":9479,"date":"2021-01-07T11:04:46","date_gmt":"2021-01-07T10:04:46","guid":{"rendered":"https:\/\/confiserie-adam.fr\/boutique\/produit\/soufflage-de-paques\/"},"modified":"2026-04-23T08:53:48","modified_gmt":"2026-04-23T06:53:48","slug":"soufflage-de-paques","status":"publish","type":"product","link":"https:\/\/confiserie-adam.fr\/boutique\/produit\/soufflage-de-paques\/","title":{"rendered":"Soufflage de P\u00e2ques"},"content":{"rendered":"<p>Soufflages P\u00e2ques : formes lapin, oeuf, poussin, etc&#8230;<\/p>\n<p>&nbsp;<\/p>\n<p><strong>Confiserie Adam<\/strong><\/p>\n<p>Entreprise familiale qui a \u00e0 c\u0153ur ses clients. Vous offrir \u00e0 la fois le go\u00fbt, le plaisir gustatif et la qualit\u00e9.<\/p>\n<ul>\n<li>Fabrication fran\u00e7aise depuis 1912<\/li>\n<li>Entreprise du Patrimoine Vivant<\/li>\n<li>Ingr\u00e9dients de qualit\u00e9<\/li>\n<\/ul>\n<p>&nbsp;<\/p>\n<p><strong>Conseils de conservation<\/strong><\/p>\n<p>A conserver \u00e0 l\u2019abri de la lumi\u00e8re et de l\u2019humidit\u00e9, dans un endroit frais et sec.<\/p>\n<p>&nbsp;<\/p>\n<p><strong><u>Ce produit contient<\/u><\/strong><\/p>\n<p><strong>Confiserie meringu\u00e9e fantaisie aromatis\u00e9e <\/strong>&#8211; Ingr\u00e9dients: Sucre, sirop de glucose, g\u00e9lifiant : g\u00e9latine, acidifiant : acide citrique, ar\u00f4mes, colorants : complexes cuivriques de chlorophyllines, rouge de betterave.<\/p>\n","protected":false},"excerpt":{"rendered":"<p>Les soufflages meringu\u00e9s aux formes de P\u00e2ques : oeuf, lapin, poussin, etc&#8230;<\/p>\n","protected":false},"featured_media":9956,"comment_status":"open","ping_status":"closed","template":"","meta":[],"product_cat":[48,656,659],"product_tag":[],"_links":{"self":[{"href":"https:\/\/confiserie-adam.fr\/boutique\/wp-json\/wp\/v2\/product\/9479"}],"collection":[{"href":"https:\/\/confiserie-adam.fr\/boutique\/wp-json\/wp\/v2\/product"}],"about":[{"href":"https:\/\/confiserie-adam.fr\/boutique\/wp-json\/wp\/v2\/types\/product"}],"replies":[{"embeddable":true,"href":"https:\/\/confiserie-adam.fr\/boutique\/wp-json\/wp\/v2\/comments?post=9479"}],"wp:featuredmedia":[{"embeddable":true,"href":"https:\/\/confiserie-adam.fr\/boutique\/wp-json\/wp\/v2\/media\/9956"}],"wp:attachment":[{"href":"https:\/\/confiserie-adam.fr\/boutique\/wp-json\/wp\/v2\/media?parent=9479"}],"wp:term":[{"taxonomy":"product_cat","embeddable":true,"href":"https:\/\/confiserie-adam.fr\/boutique\/wp-json\/wp\/v2\/product_cat?post=9479"},{"taxonomy":"product_tag","embeddable":true,"href":"https:\/\/confiserie-adam.fr\/boutique\/wp-json\/wp\/v2\/product_tag?post=9479"}],"curies":[{"name":"wp","href":"https:\/\/api.w.org\/{rel}","templated":true}]}}