{"id":8533,"date":"2020-11-20T15:01:19","date_gmt":"2020-11-20T14:01:19","guid":{"rendered":"https:\/\/confiserie-adam.fr\/boutique\/produit\/mini-m-noel-praline\/"},"modified":"2026-04-09T11:00:27","modified_gmt":"2026-04-09T09:00:27","slug":"mini-m-noel-praline","status":"publish","type":"product","link":"https:\/\/confiserie-adam.fr\/boutique\/produit\/mini-m-noel-praline\/","title":{"rendered":"Mini M.No\u00ebl Pralin\u00e9"},"content":{"rendered":"<p>Mini P\u00e8re No\u00ebl chocolat au lait fourr\u00e9s pralin\u00e9 noisette &#8211; 6 pi\u00e8ces &#8211; Hauteur : environ 6cm<\/p>\n<p>&nbsp;<\/p>\n<p><strong>Ingr\u00e9dients principaux :<\/strong><\/p>\n<ul>\n<li>Pralin\u00e9<\/li>\n<li>Chocolat au lait<\/li>\n<\/ul>\n<p>&nbsp;<\/p>\n<p><strong>Confiserie Adam<\/strong><\/p>\n<p>Entreprise familiale qui a \u00e0 c\u0153ur ses clients. Vous offrir \u00e0 la fois le go\u00fbt, le plaisir gustatif et la qualit\u00e9.<\/p>\n<ul>\n<li>Fabrication fran\u00e7aise depuis 1912<\/li>\n<li>Entreprise du Patrimoine Vivant<\/li>\n<li>Ingr\u00e9dients de qualit\u00e9<\/li>\n<\/ul>\n<p>&nbsp;<\/p>\n<p><strong>Conseils de conservation<\/strong><\/p>\n<p>A conserver \u00e0 l\u2019abri de la lumi\u00e8re et de l\u2019humidit\u00e9, dans un endroit frais et sec.<\/p>\n<p>&nbsp;<\/p>\n<p><strong><u>Ce produit contient<\/u><\/strong><\/p>\n<p>Bonbons de chocolat noir et chocolat au lait<\/p>\n<p>Ingr\u00e9dients :\u00a0sucre, NOISETTES, p\u00e2te de cacao, beurre de cacao, poudre de LAIT entier, \u00e9mulsifiant : l\u00e9cithine de SOJA, ar\u00f4me naturel de vanille.<\/p>\n<p>Peut contenir : autres fruits \u00e0 coques.<\/p>\n","protected":false},"excerpt":{"rendered":"<p>Une petite tribu de No\u00ebl au pralin\u00e9 noisette fondant.<\/p>\n","protected":false},"featured_media":15606,"comment_status":"open","ping_status":"closed","template":"","meta":[],"product_cat":[589,594],"product_tag":[],"_links":{"self":[{"href":"https:\/\/confiserie-adam.fr\/boutique\/wp-json\/wp\/v2\/product\/8533"}],"collection":[{"href":"https:\/\/confiserie-adam.fr\/boutique\/wp-json\/wp\/v2\/product"}],"about":[{"href":"https:\/\/confiserie-adam.fr\/boutique\/wp-json\/wp\/v2\/types\/product"}],"replies":[{"embeddable":true,"href":"https:\/\/confiserie-adam.fr\/boutique\/wp-json\/wp\/v2\/comments?post=8533"}],"wp:featuredmedia":[{"embeddable":true,"href":"https:\/\/confiserie-adam.fr\/boutique\/wp-json\/wp\/v2\/media\/15606"}],"wp:attachment":[{"href":"https:\/\/confiserie-adam.fr\/boutique\/wp-json\/wp\/v2\/media?parent=8533"}],"wp:term":[{"taxonomy":"product_cat","embeddable":true,"href":"https:\/\/confiserie-adam.fr\/boutique\/wp-json\/wp\/v2\/product_cat?post=8533"},{"taxonomy":"product_tag","embeddable":true,"href":"https:\/\/confiserie-adam.fr\/boutique\/wp-json\/wp\/v2\/product_tag?post=8533"}],"curies":[{"name":"wp","href":"https:\/\/api.w.org\/{rel}","templated":true}]}}