{"id":8110,"date":"2020-10-28T11:58:55","date_gmt":"2020-10-28T10:58:55","guid":{"rendered":"https:\/\/confiserie-adam.fr\/boutique\/produit\/chocolat-a-casser-4-cases-chocolat-au-lait\/"},"modified":"2026-04-10T18:38:24","modified_gmt":"2026-04-10T16:38:24","slug":"chocolat-a-casser-4-cases-chocolat-au-lait","status":"publish","type":"product","link":"https:\/\/confiserie-adam.fr\/boutique\/produit\/chocolat-a-casser-4-cases-chocolat-au-lait\/","title":{"rendered":"Chocolat \u00e0 casser 4 cases &#8211; Chocolat au lait"},"content":{"rendered":"<p><span>Tablette de chocolat au lait g\u00e9ante 4 cases : chocolat au lait aux \u00e9clats de noisettes, amandes, riz souffl\u00e9 &amp; sp\u00e9culoos.<\/span><\/p>\n<p>&nbsp;<\/p>\n<p><strong>Ingr\u00e9dients principaux :<\/strong><\/p>\n<ul>\n<li>Chocolat au lait<\/li>\n<li>Eclats de noisettes, amandes, riz souffl\u00e9 &amp; sp\u00e9culoos<\/li>\n<\/ul>\n<p>&nbsp;<\/p>\n<p><strong>Confiserie Adam<\/strong><\/p>\n<p>Entreprise familiale qui a \u00e0 c\u0153ur ses clients. Vous offrir \u00e0 la fois le go\u00fbt, le plaisir gustatif et la qualit\u00e9.<\/p>\n<ul>\n<li>Fabrication fran\u00e7aise depuis 1912<\/li>\n<li>Entreprise du Patrimoine Vivant<\/li>\n<li>Ingr\u00e9dients de qualit\u00e9<\/li>\n<\/ul>\n<p>&nbsp;<\/p>\n<p><strong>Conseils de conservation<\/strong><\/p>\n<p>A conserver \u00e0 l\u2019abri de la lumi\u00e8re et de l\u2019humidit\u00e9, dans un endroit frais et sec.<\/p>\n<p>&nbsp;<\/p>\n<p><strong><u>Ce produit contient<\/u><\/strong><\/p>\n<p><strong>Tablette \u00e0 casser 4 cases &#8211; Assortiment de 4 petites tablettes &#8211; <\/strong><\/p>\n<p><strong>Tablette chocolat au lait avec inclusions de riz souffl\u00e9 &#8211; Ingr\u00e9dients\u00a0: <\/strong>chocolat au LAIT 93,3% (cacao 30% min.) (sucre, LAIT entier en poudre, beurre de cacao, masse de cacao, lactos\u00e9rum en poudre (LAIT), \u00e9mulsifiant : l\u00e9cithine de SOJA, E476, ar\u00f4me naturel de vanille), riz souffl\u00e9 6,7% (sucre, riz souffl\u00e9, sirop de glucose).<\/p>\n<p><strong>Tablette chocolat au lait \u00e9clats de noisettes grill\u00e9es &#8211; Ingr\u00e9dients <\/strong>: chocolat au LAIT 93,3% (cacao 30% min.) (sucre, LAIT entier en poudre, beurre de cacao, masse de cacao, lactos\u00e9rum en poudre (LAIT), \u00e9mulsifiant : l\u00e9cithine de SOJA, E476, ar\u00f4me naturel de vanille), NOISETTE grill\u00e9e 6,7%.<\/p>\n<p><strong>Tablette de chocolat au lait \u00e9clats d\u2019amandes grill\u00e9es &#8211; Ingr\u00e9dients :<\/strong> chocolat au LAIT 93,3% (cacao 30% min.) (sucre, LAIT entier en poudre, beurre de cacao, masse de cacao, lactos\u00e9rum en poudre (LAIT), \u00e9mulsifiant : l\u00e9cithine de SOJA, E476, ar\u00f4me naturel de vanille), AMANDE grill\u00e9e 6,7%.<\/p>\n<p><strong>Tablette de chocolat au lait \u00e9clats de sp\u00e9culoos &#8211; Ingr\u00e9dients :<\/strong> chocolat au LAIT 93,3% (cacao 30% minimum) (sucre, LAIT entier en poudre, beurre de cacao, masse de cacao, lactos\u00e9rum en poudre (LAIT), \u00e9mulsifiant : l\u00e9cithine de SOJA, E476, ar\u00f4me naturel de vanille), \u00e9clats de sp\u00e9culoos 6,7% (Farine de BLE, sucre, huiles v\u00e9g\u00e9tales (palme, colza), sirop de sucre candi, poudre \u00e0 lever : carbonate acide de sodium, farine de SOJA, sel, cannelle).<\/p>\n<p>Peut contenir d&#8217;autres fruits \u00e0 coque, \u0153uf, arachides.<\/p>\n","protected":false},"excerpt":{"rendered":"<p><span>Une tablette de chocolat g\u00e9ante au chocolat au lait \u00e9clats de noisettes, amandes, riz souffl\u00e9 &amp; sp\u00e9culoos.<\/span><\/p>\n","protected":false},"featured_media":51417,"comment_status":"open","ping_status":"closed","template":"","meta":[],"product_cat":[645,647,589,592],"product_tag":[],"_links":{"self":[{"href":"https:\/\/confiserie-adam.fr\/boutique\/wp-json\/wp\/v2\/product\/8110"}],"collection":[{"href":"https:\/\/confiserie-adam.fr\/boutique\/wp-json\/wp\/v2\/product"}],"about":[{"href":"https:\/\/confiserie-adam.fr\/boutique\/wp-json\/wp\/v2\/types\/product"}],"replies":[{"embeddable":true,"href":"https:\/\/confiserie-adam.fr\/boutique\/wp-json\/wp\/v2\/comments?post=8110"}],"wp:featuredmedia":[{"embeddable":true,"href":"https:\/\/confiserie-adam.fr\/boutique\/wp-json\/wp\/v2\/media\/51417"}],"wp:attachment":[{"href":"https:\/\/confiserie-adam.fr\/boutique\/wp-json\/wp\/v2\/media?parent=8110"}],"wp:term":[{"taxonomy":"product_cat","embeddable":true,"href":"https:\/\/confiserie-adam.fr\/boutique\/wp-json\/wp\/v2\/product_cat?post=8110"},{"taxonomy":"product_tag","embeddable":true,"href":"https:\/\/confiserie-adam.fr\/boutique\/wp-json\/wp\/v2\/product_tag?post=8110"}],"curies":[{"name":"wp","href":"https:\/\/api.w.org\/{rel}","templated":true}]}}