{"id":8106,"date":"2020-10-28T11:58:31","date_gmt":"2020-10-28T10:58:31","guid":{"rendered":"https:\/\/confiserie-adam.fr\/boutique\/produit\/escargots-praline\/"},"modified":"2026-04-13T16:03:14","modified_gmt":"2026-04-13T14:03:14","slug":"escargots-praline","status":"publish","type":"product","link":"https:\/\/confiserie-adam.fr\/boutique\/produit\/escargots-praline\/","title":{"rendered":"Escargots pralin\u00e9"},"content":{"rendered":"<p>Escargot pralin\u00e9 gianduja.<\/p>\n<p>&nbsp;<\/p>\n<p><strong>Ingr\u00e9dients principaux :<\/strong><\/p>\n<ul>\n<li>Pralin\u00e9 gianduja<\/li>\n<li>Chocolat au lait<\/li>\n<\/ul>\n<p>&nbsp;<\/p>\n<p><strong>Confiserie Adam<\/strong><\/p>\n<p>Entreprise familiale qui a \u00e0 c\u0153ur ses clients. Vous offrir \u00e0 la fois le go\u00fbt, le plaisir gustatif et la qualit\u00e9.<\/p>\n<ul>\n<li>Fabrication fran\u00e7aise depuis 1912<\/li>\n<li>Entreprise du Patrimoine Vivant<\/li>\n<li>Ingr\u00e9dients de qualit\u00e9<\/li>\n<\/ul>\n<p>&nbsp;<\/p>\n<p><strong>Conseils de conservation<\/strong><\/p>\n<p>A conserver \u00e0 l\u2019abri de la lumi\u00e8re et de l\u2019humidit\u00e9, dans un endroit frais et sec.<\/p>\n<p>&nbsp;<\/p>\n<p><strong><u>Ce produit contient<\/u><\/strong><\/p>\n<p><strong>Escargot pralin\u00e9 &#8211; Bonbon de chocolat au lait, int\u00e9rieur gianduja<\/strong><\/p>\n<p><strong>Ingr\u00e9dients\u00a0: <\/strong>sucre, poudre de LAIT entier, beurre de cacao, masse de cacao, NOISETTES, beurre p\u00e2tissier (LAIT), \u00e9mulsifiant\u00a0: l\u00e9cithines (SOJA), ar\u00f4me naturel de vanille. Peut contenir d\u2019autres fruits \u00e0 coque, gluten, \u0153uf, graines de s\u00e9same<\/p>\n","protected":false},"excerpt":{"rendered":"<p>Des escargots chocolat au lait fourr\u00e9s d&#8217;un fondant pralin\u00e9 gianduja.<\/p>\n<p>&nbsp;<\/p>\n","protected":false},"featured_media":56761,"comment_status":"open","ping_status":"closed","template":"","meta":[],"product_cat":[637,640,589,594,48,657,659],"product_tag":[],"_links":{"self":[{"href":"https:\/\/confiserie-adam.fr\/boutique\/wp-json\/wp\/v2\/product\/8106"}],"collection":[{"href":"https:\/\/confiserie-adam.fr\/boutique\/wp-json\/wp\/v2\/product"}],"about":[{"href":"https:\/\/confiserie-adam.fr\/boutique\/wp-json\/wp\/v2\/types\/product"}],"replies":[{"embeddable":true,"href":"https:\/\/confiserie-adam.fr\/boutique\/wp-json\/wp\/v2\/comments?post=8106"}],"wp:featuredmedia":[{"embeddable":true,"href":"https:\/\/confiserie-adam.fr\/boutique\/wp-json\/wp\/v2\/media\/56761"}],"wp:attachment":[{"href":"https:\/\/confiserie-adam.fr\/boutique\/wp-json\/wp\/v2\/media?parent=8106"}],"wp:term":[{"taxonomy":"product_cat","embeddable":true,"href":"https:\/\/confiserie-adam.fr\/boutique\/wp-json\/wp\/v2\/product_cat?post=8106"},{"taxonomy":"product_tag","embeddable":true,"href":"https:\/\/confiserie-adam.fr\/boutique\/wp-json\/wp\/v2\/product_tag?post=8106"}],"curies":[{"name":"wp","href":"https:\/\/api.w.org\/{rel}","templated":true}]}}