{"id":8104,"date":"2020-10-28T11:58:27","date_gmt":"2020-10-28T10:58:27","guid":{"rendered":"https:\/\/confiserie-adam.fr\/boutique\/produit\/m-nicolas-18cm-chocolat-au-lait\/"},"modified":"2026-03-28T08:34:20","modified_gmt":"2026-03-28T07:34:20","slug":"m-nicolas-18cm-chocolat-au-lait","status":"publish","type":"product","link":"https:\/\/confiserie-adam.fr\/boutique\/produit\/m-nicolas-18cm-chocolat-au-lait\/","title":{"rendered":"M. Nicolas 18cm \u2013 Chocolat au lait"},"content":{"rendered":"<p>Moulage chocolat au lait \u2013 M. Nicolas \u2013 Hauteur 18cm.<\/p>\n<p>Sans colorants &amp; 100% pur beurre de cacao.<\/p>\n<p>&nbsp;<\/p>\n<p><strong>Ingr\u00e9dient principal :<\/strong><\/p>\n<ul>\n<li>Chocolat au lait<\/li>\n<\/ul>\n<p>&nbsp;<\/p>\n<p><strong>Confiserie Adam<\/strong><\/p>\n<p>Entreprise familiale qui a \u00e0 c\u0153ur ses clients. Vous offrir \u00e0 la fois le go\u00fbt, le plaisir gustatif et la qualit\u00e9.<\/p>\n<ul>\n<li>Fabrication fran\u00e7aise depuis 1912<\/li>\n<li>Entreprise du Patrimoine Vivant<\/li>\n<li>Ingr\u00e9dients de qualit\u00e9<\/li>\n<\/ul>\n<p>&nbsp;<\/p>\n<p><strong>Conseils de conservation<\/strong><\/p>\n<p>A conserver \u00e0 l\u2019abri de la lumi\u00e8re et de l\u2019humidit\u00e9, dans un endroit frais et sec.<\/p>\n<p>&nbsp;<\/p>\n<p><strong><u>Ce produit contient<\/u><\/strong><\/p>\n<p><strong>Moulage chocolat au lait (cacao 30% min.) <\/strong><\/p>\n<p><strong>Ingr\u00e9dients : <\/strong>sucre, LAIT entier en poudre, beurre de cacao, masse de cacao, lactos\u00e9rum en poudre (LAIT), \u00e9mulsifiants\u00a0: l\u00e9cithine de SOJA, E476, ar\u00f4me naturel de vanille. Peut contenir\u00a0: fruits \u00e0 coque, gluten, \u0153uf, arachides.<\/p>\n","protected":false},"excerpt":{"rendered":"<p>F\u00eatez la St Nicolas avec ce moulage chocolat au lait.<\/p>\n<p>Sans colorants &amp; 100% pur beurre de cacao.<\/p>\n","protected":false},"featured_media":8153,"comment_status":"open","ping_status":"closed","template":"","meta":[],"product_cat":[589,592],"product_tag":[],"_links":{"self":[{"href":"https:\/\/confiserie-adam.fr\/boutique\/wp-json\/wp\/v2\/product\/8104"}],"collection":[{"href":"https:\/\/confiserie-adam.fr\/boutique\/wp-json\/wp\/v2\/product"}],"about":[{"href":"https:\/\/confiserie-adam.fr\/boutique\/wp-json\/wp\/v2\/types\/product"}],"replies":[{"embeddable":true,"href":"https:\/\/confiserie-adam.fr\/boutique\/wp-json\/wp\/v2\/comments?post=8104"}],"wp:featuredmedia":[{"embeddable":true,"href":"https:\/\/confiserie-adam.fr\/boutique\/wp-json\/wp\/v2\/media\/8153"}],"wp:attachment":[{"href":"https:\/\/confiserie-adam.fr\/boutique\/wp-json\/wp\/v2\/media?parent=8104"}],"wp:term":[{"taxonomy":"product_cat","embeddable":true,"href":"https:\/\/confiserie-adam.fr\/boutique\/wp-json\/wp\/v2\/product_cat?post=8104"},{"taxonomy":"product_tag","embeddable":true,"href":"https:\/\/confiserie-adam.fr\/boutique\/wp-json\/wp\/v2\/product_tag?post=8104"}],"curies":[{"name":"wp","href":"https:\/\/api.w.org\/{rel}","templated":true}]}}