{"id":8096,"date":"2020-10-28T11:58:13","date_gmt":"2020-10-28T10:58:13","guid":{"rendered":"https:\/\/confiserie-adam.fr\/boutique\/produit\/miss-alsace-chocolat-noir\/"},"modified":"2026-04-04T10:11:56","modified_gmt":"2026-04-04T08:11:56","slug":"miss-alsace-chocolat-noir","status":"publish","type":"product","link":"https:\/\/confiserie-adam.fr\/boutique\/produit\/miss-alsace-chocolat-noir\/","title":{"rendered":"Miss Alsace \u2013 Chocolat noir"},"content":{"rendered":"<p>Moulage chocolat noir \u2013 Cigogne Miss Alsace \u2013 Hauteur 14cm.<\/p>\n<p>Sans colorants &amp; 100% pur beurre de cacao.<\/p>\n<p>&nbsp;<\/p>\n<p><strong>Ingr\u00e9dient principal :<\/strong><\/p>\n<ul>\n<li>Chocolat noir<\/li>\n<\/ul>\n<p>&nbsp;<\/p>\n<p><strong>Confiserie Adam<\/strong><\/p>\n<p>Entreprise familiale qui a \u00e0 c\u0153ur ses clients. Vous offrir \u00e0 la fois le go\u00fbt, le plaisir gustatif et la qualit\u00e9.<\/p>\n<ul>\n<li>Fabrication fran\u00e7aise depuis 1912<\/li>\n<li>Entreprise du Patrimoine Vivant<\/li>\n<li>Ingr\u00e9dients de qualit\u00e9<\/li>\n<\/ul>\n<p>&nbsp;<\/p>\n<p><strong>Conseils de conservation<\/strong><\/p>\n<p>A conserver \u00e0 l\u2019abri de la lumi\u00e8re et de l\u2019humidit\u00e9, dans un endroit frais et sec.<\/p>\n<p>&nbsp;<\/p>\n<p><strong><u>Ce produit contient<\/u><\/strong><\/p>\n<p><strong>Moulage chocolat noir (cacao 70% min.) d\u00e9cor chocolat blanc (cacao 26% min.).<\/strong><\/p>\n<p><strong>Ingr\u00e9dients\u00a0: <\/strong>masse de cacao, sucre, \u00e9mulsifiant\u00a0: l\u00e9cithine de SOJA. Peut contenir\u00a0: fruits \u00e0 coque, gluten, \u0153uf, arachides, lait.<\/p>\n<p><strong>D\u00e9cor chocolat blanc (cacao 26% min.)<\/strong><\/p>\n<p><strong> Ingr\u00e9dients :<\/strong> sucre, beurre de cacao, LAIT entier en poudre, lactos\u00e9rum en poudre (LAIT), \u00e9mulsifiants\u00a0: l\u00e9cithine de SOJA, E476, ar\u00f4me naturel de vanille.<\/p>\n","protected":false},"excerpt":{"rendered":"<p>La cigogne alsacienne en chocolat noir.<\/p>\n<p>Sans colorants &amp; 100% pur beurre de cacao.<\/p>\n","protected":false},"featured_media":8151,"comment_status":"open","ping_status":"closed","template":"","meta":[],"product_cat":[637,638,589,592,593,48,654,656,27,34],"product_tag":[],"_links":{"self":[{"href":"https:\/\/confiserie-adam.fr\/boutique\/wp-json\/wp\/v2\/product\/8096"}],"collection":[{"href":"https:\/\/confiserie-adam.fr\/boutique\/wp-json\/wp\/v2\/product"}],"about":[{"href":"https:\/\/confiserie-adam.fr\/boutique\/wp-json\/wp\/v2\/types\/product"}],"replies":[{"embeddable":true,"href":"https:\/\/confiserie-adam.fr\/boutique\/wp-json\/wp\/v2\/comments?post=8096"}],"wp:featuredmedia":[{"embeddable":true,"href":"https:\/\/confiserie-adam.fr\/boutique\/wp-json\/wp\/v2\/media\/8151"}],"wp:attachment":[{"href":"https:\/\/confiserie-adam.fr\/boutique\/wp-json\/wp\/v2\/media?parent=8096"}],"wp:term":[{"taxonomy":"product_cat","embeddable":true,"href":"https:\/\/confiserie-adam.fr\/boutique\/wp-json\/wp\/v2\/product_cat?post=8096"},{"taxonomy":"product_tag","embeddable":true,"href":"https:\/\/confiserie-adam.fr\/boutique\/wp-json\/wp\/v2\/product_tag?post=8096"}],"curies":[{"name":"wp","href":"https:\/\/api.w.org\/{rel}","templated":true}]}}