{"id":8091,"date":"2020-10-28T11:58:04","date_gmt":"2020-10-28T10:58:04","guid":{"rendered":"https:\/\/confiserie-adam.fr\/boutique\/produit\/mug-garni-chocolat\/"},"modified":"2026-03-28T08:34:04","modified_gmt":"2026-03-28T07:34:04","slug":"mug-noel-garni-chocolat","status":"publish","type":"product","link":"https:\/\/confiserie-adam.fr\/boutique\/produit\/mug-noel-garni-chocolat\/","title":{"rendered":"Mug No\u00ebl garni &#8211; Chocolat"},"content":{"rendered":"<p>Mug garni (hauteur 20cm) garni de papillotes chocolat c\u00e9r\u00e9ales et de moulages chocolat : renne, P\u00e8re No\u00ebl et parapluie.<\/p>\n<p>2 d\u00e9cors al\u00e9atoires : soit p\u00e8re-no\u00ebl, soit renne (choix non possible)<\/p>\n<p>&nbsp;<\/p>\n<p><strong>Confiserie Adam<\/strong><\/p>\n<p>Entreprise familiale qui a \u00e0 c\u0153ur ses clients. Vous offrir \u00e0 la fois le go\u00fbt, le plaisir gustatif et la qualit\u00e9.<\/p>\n<ul>\n<li>Fabrication fran\u00e7aise depuis 1912<\/li>\n<li>Entreprise du Patrimoine Vivant<\/li>\n<li>Ingr\u00e9dients de qualit\u00e9<\/li>\n<\/ul>\n<p>&nbsp;<\/p>\n<p><strong>Conseils de conservation<\/strong><\/p>\n<p>A conserver \u00e0 l\u2019abri de la lumi\u00e8re et de l\u2019humidit\u00e9, dans un endroit frais et sec.<\/p>\n<p>&nbsp;<\/p>\n<p><strong><u>Ce produit contient<\/u><\/strong><\/p>\n<p><strong>Mug garni &#8211; Assortiment de produits<\/strong><strong> <\/strong><\/p>\n<p><strong>Bonbons de chocolat au lait aux c\u00e9r\u00e9ales croustillantes <\/strong><\/p>\n<p><strong>Ingr\u00e9dients : <\/strong>Chocolat au LAIT (cacao 31% min.)(sucre, beurre de cacao, LAIT entier en poudre, p\u00e2te de cacao, lactose, lactos\u00e9rum en poudre (LAIT), \u00e9mulsifiant : l\u00e9cithine de SOJA), LAIT entier en poudre, chocolat noir (p\u00e2te de cacao, sucre, beurre concentr\u00e9 (LAIT), beurre de cacao, \u00e9mulsifiant : l\u00e9cithine de SOJA), billes de c\u00e9r\u00e9ales 5% (farine de BLE, sucre, malt de BLE, amidon de BLE, poudre \u00e0 lever : E500ii, sel, beurre de cacao, ar\u00f4me naturel de vanille), beurre concentr\u00e9 (LAIT), sucre, graisse v\u00e9g\u00e9tale (palme), p\u00e2te de cacao, huile de tournesol, ar\u00f4me caramel, \u00e9mulsifiant : l\u00e9cithine de SOJA.<\/p>\n<p><strong>Valeurs nutritionnelles moyennes pour 100g : <\/strong>Energie 2323kJ\/557kcal ; mati\u00e8res grasses 35g dont acides gras satur\u00e9s 19g ; glucides 51g dont sucres 47g ; prot\u00e9ines 7.4g ; sel 0.31g.\/<\/p>\n<p>&nbsp;<\/p>\n<p><strong>Moulage chocolat au lait (cacao 30% min.)<\/strong><\/p>\n<p><strong> Ingr\u00e9dients : <\/strong>sucre, LAIT entier en poudre, beurre de cacao, masse de cacao, lactos\u00e9rum en poudre (LAIT), \u00e9mulsifiants\u00a0: l\u00e9cithine de SOJA, E476, ar\u00f4me naturel de vanille.<\/p>\n<p><strong>Valeurs nutritionnelles moyennes pour 100g :<\/strong> Energie 2224kJ\/532kcal ; Mati\u00e8res grasses 29g dont Acides gras satur\u00e9s 18g ; Glucides 60g dont Sucres 57g ; Prot\u00e9ines 6.5g ; Sel 0.22g.<\/p>\n<p>&nbsp;<\/p>\n<p><strong>P\u00e8re No\u00ebl chocolat au lait d\u00e9cor\u00e9 <\/strong><\/p>\n<p><strong>Ingr\u00e9dients : <\/strong>Sucre, beurre de cacao, LAIT entier poudre, p\u00e2te de cacao, LACTOSE et prot\u00e9ines de LAIT, p\u00e2te de cacao, LAIT \u00e9cr\u00e9m\u00e9 en poudre, \u00e9mulsifiant : l\u00e9cithine de SOJA, colorants\u00a0: rouge de betterave, extrait de paprika, extrait de vanille. Chocolat au lait\u00a0: cacao 31% min.<\/p>\n<p><strong>Valeurs nutritionnelles moyennes pour 100g :<\/strong> Energie 2276kJ\/545kcal ; Mati\u00e8res grasses 32g dont Acides gras satur\u00e9s 20g ; Glucides 57g dont Sucres 56g ; Prot\u00e9ines 6.1g ; Sel 0.18g.\/ <strong><\/strong><\/p>\n<p>&nbsp;<\/p>\n<p><strong>Parapluie en chocolat au lait (cacao 31% min.)<\/strong><\/p>\n<p><strong>Ingr\u00e9dients :<\/strong> Sucre, beurre de cacao, LAIT entier en poudre, p\u00e2te de cacao, LACTOSE, prot\u00e9ine de LAIT, \u00e9mulsifiant : l\u00e9cithine de SOJA, extrait de vanille. Peut contenir\u00a0: fruits \u00e0 coque, arachides, \u0153uf, orge.<\/p>\n<p><strong>Valeurs nutritionnelles moyennes pour 100g :<\/strong> Energie 2276kJ\/545kcal ; Mati\u00e8res grasses 32g dont Acides gras satur\u00e9s 20g ; Glucides 57g dont Sucres 56g ; Prot\u00e9ines 6.1g ; Sel 0.18g.<\/p>\n","protected":false},"excerpt":{"rendered":"<p>Un mug garni de papillotes chocolat c\u00e9r\u00e9ales et de chocolats.<\/p>\n","protected":false},"featured_media":32111,"comment_status":"open","ping_status":"closed","template":"","meta":[],"product_cat":[589,595],"product_tag":[],"_links":{"self":[{"href":"https:\/\/confiserie-adam.fr\/boutique\/wp-json\/wp\/v2\/product\/8091"}],"collection":[{"href":"https:\/\/confiserie-adam.fr\/boutique\/wp-json\/wp\/v2\/product"}],"about":[{"href":"https:\/\/confiserie-adam.fr\/boutique\/wp-json\/wp\/v2\/types\/product"}],"replies":[{"embeddable":true,"href":"https:\/\/confiserie-adam.fr\/boutique\/wp-json\/wp\/v2\/comments?post=8091"}],"wp:featuredmedia":[{"embeddable":true,"href":"https:\/\/confiserie-adam.fr\/boutique\/wp-json\/wp\/v2\/media\/32111"}],"wp:attachment":[{"href":"https:\/\/confiserie-adam.fr\/boutique\/wp-json\/wp\/v2\/media?parent=8091"}],"wp:term":[{"taxonomy":"product_cat","embeddable":true,"href":"https:\/\/confiserie-adam.fr\/boutique\/wp-json\/wp\/v2\/product_cat?post=8091"},{"taxonomy":"product_tag","embeddable":true,"href":"https:\/\/confiserie-adam.fr\/boutique\/wp-json\/wp\/v2\/product_tag?post=8091"}],"curies":[{"name":"wp","href":"https:\/\/api.w.org\/{rel}","templated":true}]}}