{"id":8090,"date":"2020-10-28T11:57:59","date_gmt":"2020-10-28T10:57:59","guid":{"rendered":"https:\/\/confiserie-adam.fr\/boutique\/produit\/rochers-praline-6-saveurs\/"},"modified":"2026-04-02T15:52:51","modified_gmt":"2026-04-02T13:52:51","slug":"rochers-praline-6-saveurs","status":"publish","type":"product","link":"https:\/\/confiserie-adam.fr\/boutique\/produit\/rochers-praline-6-saveurs\/","title":{"rendered":"Rochers pralin\u00e9 6 saveurs"},"content":{"rendered":"<p>Assortiment de 6 rochers pralin\u00e9 :<\/p>\n<ul>\n<li>Chocolat au lait fourr\u00e9 pralin\u00e9<\/li>\n<li>Chocolat noir pralin\u00e9<\/li>\n<li>Chocolat blanc fourr\u00e9 pralin\u00e9 amande<\/li>\n<li>Chocolat au lait fourr\u00e9 \u00e9clats de caramel et fleur de sel<\/li>\n<li>Chocolat au lait pralin\u00e9 noix de coco<\/li>\n<li>Chocolat au lait ganache \u00e9corces d&#8217;oranges confites<\/li>\n<\/ul>\n<p>A consommer de pr\u00e9f\u00e9rence avant fin : 04\/2025<\/p>\n<p><strong>Confiserie Adam<\/strong><\/p>\n<p>Entreprise familiale qui a \u00e0 c\u0153ur ses clients. Vous offrir \u00e0 la fois le go\u00fbt, le plaisir gustatif et la qualit\u00e9.<\/p>\n<ul>\n<li>Fabrication fran\u00e7aise depuis 1912<\/li>\n<li>Entreprise du Patrimoine Vivant<\/li>\n<li>Ingr\u00e9dients de qualit\u00e9<\/li>\n<\/ul>\n<p>&nbsp;<\/p>\n<p><strong>Conseils de conservation<\/strong><\/p>\n<p>A conserver \u00e0 l\u2019abri de la lumi\u00e8re et de l\u2019humidit\u00e9, dans un endroit frais et sec.<\/p>\n<p>&nbsp;<\/p>\n<p><strong><u>Ce produit contient<\/u><\/strong><\/p>\n<p><strong>Rochers chocolat &#8211; Assortiment de 6 rochers <\/strong><\/p>\n<p><strong>Rocher chocolat au lait fourr\u00e9 au pralin\u00e9 &#8211; Ingr\u00e9dients : <\/strong>pralin\u00e9 31% (NOISETTE, sucre), sucre, beurre de cacao, masse de cacao, AMANDES, poudre de LAIT entier, LACTOSE, beurre p\u00e2tissier (LAIT), poudre de cacao, \u00e9mulsifiant : l\u00e9cithine de SOJA, sel, ar\u00f4mes.<\/p>\n<p>&nbsp;<\/p>\n<p><strong>Rocher chocolat blanc fourr\u00e9 au pralin\u00e9 amande &#8211; Ingr\u00e9dients\u00a0: <\/strong>pralin\u00e9 AMANDE 36% (AMANDE 18%, sucre), sucre, beurre de cacao, poudre de LAIT entier, AMANDES, masse de cacao, \u00e9mulsifiant : l\u00e9cithines (SOJA), ar\u00f4mes, sel.<\/p>\n<p>&nbsp;<\/p>\n<p><strong>Rocher chocolat noir fourr\u00e9 au pralin\u00e9 &#8211; Ingr\u00e9dients\u00a0:<\/strong> pralin\u00e9 31% (NOISETTE, sucre), cacao, sucre, AMANDES 9.5%, beurre de cacao, beurre p\u00e2tissier (LAIT), LACTOSE, poudre de LAIT entier, poudre de cacao, \u00e9mulsifiant : l\u00e9cithine de SOJA, sel, ar\u00f4mes.<\/p>\n<p>&nbsp;<\/p>\n<p><strong>Rocher chocolat au lait fourr\u00e9 \u00e9clats de caramel et fleur de sel &#8211; Ingr\u00e9dients\u00a0:<\/strong> pralin\u00e9 28% (NOISETTE, sucre), sucre, beurre de cacao, AMANDES, cacao, poudre de LAIT entier, \u00e9clats de caramel 4%, LACTOSE, beurre p\u00e2tissier (LAIT), brisures de cr\u00eape dentelle 0.9% (farine de BLE, sucre, beurre concentr\u00e9 (LAIT), LAIT \u00e9cr\u00e9m\u00e9 en poudre, malt d\u2019ORGE, sel), poudre de cacao, \u00e9mulsifiant : l\u00e9cithine de SOJA, fleur de sel 0.08%, sel, ar\u00f4mes.<\/p>\n<p>&nbsp;<\/p>\n<p><strong>Rocher chocolat au lait int\u00e9rieur pralin\u00e9 \u00e0 la noix de coco- Ingr\u00e9dients:<\/strong> pralin\u00e9 27% (NOISETTE, sucre), sucre, beurre de cacao, masse de cacao, poudre de LAIT entier, AMANDE, noix de coco 4%, LACTOSE, beurre p\u00e2tissier (LAIT), poudre de cacao, \u00e9mulsifiant: l\u00e9cithines (SOJA), ar\u00f4mes, sel.<\/p>\n<p>&nbsp;<\/p>\n<p><strong>Rocher chocolat int\u00e9rieur ganache aux \u00e9corces d\u2019orange confites &#8211; Ingr\u00e9dients\u00a0: <\/strong>\u00e9corces d&#8217;orange confites 26% (\u00e9corces d&#8217;orange, sucre, sirop de glucose), sucre, masse de cacao, AMANDE, beurre de cacao, poudre de LAIT entier, poudre de cacao, sirop de sucre inverti, beurre p\u00e2tissier (LAIT), stabilisant: sorbitol, cr\u00e8me (LAIT), stabilisant: glyc\u00e9rol, \u00e9clats de cr\u00eapes croustillantes (farine de BLE, sucre, beurre concentr\u00e9 (LAIT), LAIT \u00e9cr\u00e9m\u00e9 en poudre, malt d&#8217;ORGE, sel), \u00e9mulsifiant: l\u00e9cithines (SOJA), ar\u00f4me naturel de vanille, agent d&#8217;enrobage\u00a0: E904, amidon, stabilisant: E330, colorants: E160a, E163. Peut contenir d\u2019autres fruits \u00e0 coque, \u0153uf, graines de s\u00e9same, arachides.<\/p>\n","protected":false},"excerpt":{"rendered":"<p>Assortiment de 6 rochers pralin\u00e9 : chocolat au lait, blanc et noir.<\/p>\n<p>A consommer de pr\u00e9f\u00e9rence avant fin : 04\/2025<\/p>\n","protected":false},"featured_media":8166,"comment_status":"open","ping_status":"closed","template":"","meta":[],"product_cat":[645,647,589,594,595],"product_tag":[],"_links":{"self":[{"href":"https:\/\/confiserie-adam.fr\/boutique\/wp-json\/wp\/v2\/product\/8090"}],"collection":[{"href":"https:\/\/confiserie-adam.fr\/boutique\/wp-json\/wp\/v2\/product"}],"about":[{"href":"https:\/\/confiserie-adam.fr\/boutique\/wp-json\/wp\/v2\/types\/product"}],"replies":[{"embeddable":true,"href":"https:\/\/confiserie-adam.fr\/boutique\/wp-json\/wp\/v2\/comments?post=8090"}],"wp:featuredmedia":[{"embeddable":true,"href":"https:\/\/confiserie-adam.fr\/boutique\/wp-json\/wp\/v2\/media\/8166"}],"wp:attachment":[{"href":"https:\/\/confiserie-adam.fr\/boutique\/wp-json\/wp\/v2\/media?parent=8090"}],"wp:term":[{"taxonomy":"product_cat","embeddable":true,"href":"https:\/\/confiserie-adam.fr\/boutique\/wp-json\/wp\/v2\/product_cat?post=8090"},{"taxonomy":"product_tag","embeddable":true,"href":"https:\/\/confiserie-adam.fr\/boutique\/wp-json\/wp\/v2\/product_tag?post=8090"}],"curies":[{"name":"wp","href":"https:\/\/api.w.org\/{rel}","templated":true}]}}