{"id":8089,"date":"2020-10-28T11:57:57","date_gmt":"2020-10-28T10:57:57","guid":{"rendered":"https:\/\/confiserie-adam.fr\/boutique\/produit\/pain-depices-noel\/"},"modified":"2026-04-14T18:06:58","modified_gmt":"2026-04-14T16:06:58","slug":"pain-depices-noel","status":"publish","type":"product","link":"https:\/\/confiserie-adam.fr\/boutique\/produit\/pain-depices-noel\/","title":{"rendered":"Pain d\u2019\u00e9pices No\u00ebl"},"content":{"rendered":"<p>Pain d&#8217;\u00e9pices napp\u00e9s de sucre aux formes de No\u00ebl.<\/p>\n<p>&nbsp;<\/p>\n<p><strong>Confiserie Adam<\/strong><\/p>\n<p>Entreprise familiale qui a \u00e0 c\u0153ur ses clients. Vous offrir \u00e0 la fois le go\u00fbt, le plaisir gustatif et la qualit\u00e9.<\/p>\n<ul>\n<li>Fabrication fran\u00e7aise depuis 1912<\/li>\n<li>Entreprise du Patrimoine Vivant<\/li>\n<li>Ingr\u00e9dients de qualit\u00e9<\/li>\n<\/ul>\n<p>&nbsp;<\/p>\n<p><strong>Conseils de conservation<\/strong><\/p>\n<p>A conserver \u00e0 l\u2019abri de la lumi\u00e8re et de l\u2019humidit\u00e9, dans un endroit frais et sec.<\/p>\n<p>&nbsp;<\/p>\n<p><strong><u>Ce produit contient<\/u><\/strong><\/p>\n<p><strong>Assortiment de pain d\u2019\u00e9pices napp\u00e9s de sucre<\/strong><\/p>\n<p><strong>Ingr\u00e9dients\u00a0:<\/strong> farine de FROMENT, sirop de glucose-fructose, sucre, nappage au sucre(sucre, amidon de BLE, sirop de glucose-fructose), poudres \u00e0 lever: diphosphate disodique, carbonate acide de sodium, carbonate de potassium, carbonate acide d&#8217;ammonium, sirop de sucre caram\u00e9lis\u00e9, \u00e9pices, amidon de pomme de terre, sel. Peut contenir\u00a0: lait, fruits \u00e0 coque, arachides, graines de s\u00e9same, \u0153uf, soja, lupin.<\/p>\n","protected":false},"excerpt":{"rendered":"<p>De d\u00e9licieux pain d&#8217;\u00e9pices napp\u00e9s de sucre.<\/p>\n","protected":false},"featured_media":8159,"comment_status":"open","ping_status":"closed","template":"","meta":[],"product_cat":[589,596],"product_tag":[],"_links":{"self":[{"href":"https:\/\/confiserie-adam.fr\/boutique\/wp-json\/wp\/v2\/product\/8089"}],"collection":[{"href":"https:\/\/confiserie-adam.fr\/boutique\/wp-json\/wp\/v2\/product"}],"about":[{"href":"https:\/\/confiserie-adam.fr\/boutique\/wp-json\/wp\/v2\/types\/product"}],"replies":[{"embeddable":true,"href":"https:\/\/confiserie-adam.fr\/boutique\/wp-json\/wp\/v2\/comments?post=8089"}],"wp:featuredmedia":[{"embeddable":true,"href":"https:\/\/confiserie-adam.fr\/boutique\/wp-json\/wp\/v2\/media\/8159"}],"wp:attachment":[{"href":"https:\/\/confiserie-adam.fr\/boutique\/wp-json\/wp\/v2\/media?parent=8089"}],"wp:term":[{"taxonomy":"product_cat","embeddable":true,"href":"https:\/\/confiserie-adam.fr\/boutique\/wp-json\/wp\/v2\/product_cat?post=8089"},{"taxonomy":"product_tag","embeddable":true,"href":"https:\/\/confiserie-adam.fr\/boutique\/wp-json\/wp\/v2\/product_tag?post=8089"}],"curies":[{"name":"wp","href":"https:\/\/api.w.org\/{rel}","templated":true}]}}