{"id":8076,"date":"2020-10-28T11:56:53","date_gmt":"2020-10-28T10:56:53","guid":{"rendered":"https:\/\/confiserie-adam.fr\/boutique\/produit\/teddy-chocolat-lait-39-bio\/"},"modified":"2026-03-28T08:31:59","modified_gmt":"2026-03-28T07:31:59","slug":"teddy-chocolat-lait-39-bio","status":"publish","type":"product","link":"https:\/\/confiserie-adam.fr\/boutique\/produit\/teddy-chocolat-lait-39-bio\/","title":{"rendered":"Teddy &#8211; Chocolat lait 39% Bio"},"content":{"rendered":"<p>Moulage chocolat au lait 39% Bio \u2013 Teddy l\u2019ourson \u2013 Hauteur 12cm.<\/p>\n<p>Sans colorants &amp; 100% pur beurre de cacao.<\/p>\n<p>&nbsp;<\/p>\n<p><strong>Ingr\u00e9dient principal :<\/strong><\/p>\n<ul>\n<li>Chocolat au lait 39%<\/li>\n<\/ul>\n<p>&nbsp;<\/p>\n<p><strong>La certification Agriculture Biologique<\/strong><\/p>\n<p>Les gourmandises Confiserie Adam sont certifi\u00e9es agriculture biologique.<\/p>\n<p>Nous s\u00e9lectionnons avec soin nos mati\u00e8res premi\u00e8res pour vous offrir le meilleur<\/p>\n<p>&nbsp;<\/p>\n<p><strong>Confiserie Adam<\/strong><\/p>\n<p>Entreprise familiale qui a \u00e0 c\u0153ur ses clients. Vous offrir \u00e0 la fois le go\u00fbt, le plaisir gustatif et la qualit\u00e9.<\/p>\n<ul>\n<li>Fabrication fran\u00e7aise depuis 1912<\/li>\n<li>Entreprise du Patrimoine Vivant<\/li>\n<li>Ingr\u00e9dients de qualit\u00e9<\/li>\n<\/ul>\n<p>&nbsp;<\/p>\n<p><strong>Conseils de conservation<\/strong><\/p>\n<p>A conserver \u00e0 l\u2019abri de la lumi\u00e8re et de l\u2019humidit\u00e9, dans un endroit frais et sec.<\/p>\n<p>&nbsp;<\/p>\n<p><strong><u>Ce produit contient<\/u><\/strong><\/p>\n<p><strong>BIO-Moulage chocolat au lait<\/strong><\/p>\n<p><strong>Ingr\u00e9dients : <\/strong>Sucre*, beurre de cacao*, LAIT entier en poudre*, masse de cacao*, poudre de vanille*. Peut contenir : fruits \u00e0 coque, gluten, \u0153uf, arachides, soja. *Produit issu de l&#8217;agriculture biologique. Chocolat au lait : cacao 39% min.<\/p>\n","protected":false},"excerpt":{"rendered":"<p>Teddy l&#8217;ourson au chocolat au lait Bio. D\u00e9licieusement gourmand.<\/p>\n<p>Sans colorants &amp; 100% pur beurre de cacao.<\/p>\n","protected":false},"featured_media":8136,"comment_status":"open","ping_status":"closed","template":"","meta":[],"product_cat":[589,590,48,655],"product_tag":[],"_links":{"self":[{"href":"https:\/\/confiserie-adam.fr\/boutique\/wp-json\/wp\/v2\/product\/8076"}],"collection":[{"href":"https:\/\/confiserie-adam.fr\/boutique\/wp-json\/wp\/v2\/product"}],"about":[{"href":"https:\/\/confiserie-adam.fr\/boutique\/wp-json\/wp\/v2\/types\/product"}],"replies":[{"embeddable":true,"href":"https:\/\/confiserie-adam.fr\/boutique\/wp-json\/wp\/v2\/comments?post=8076"}],"wp:featuredmedia":[{"embeddable":true,"href":"https:\/\/confiserie-adam.fr\/boutique\/wp-json\/wp\/v2\/media\/8136"}],"wp:attachment":[{"href":"https:\/\/confiserie-adam.fr\/boutique\/wp-json\/wp\/v2\/media?parent=8076"}],"wp:term":[{"taxonomy":"product_cat","embeddable":true,"href":"https:\/\/confiserie-adam.fr\/boutique\/wp-json\/wp\/v2\/product_cat?post=8076"},{"taxonomy":"product_tag","embeddable":true,"href":"https:\/\/confiserie-adam.fr\/boutique\/wp-json\/wp\/v2\/product_tag?post=8076"}],"curies":[{"name":"wp","href":"https:\/\/api.w.org\/{rel}","templated":true}]}}