{"id":7973,"date":"2020-10-13T10:56:31","date_gmt":"2020-10-13T08:56:31","guid":{"rendered":"https:\/\/confiserie-adam.fr\/boutique\/produit\/mini-coeur-chocolat-73-orange-noir\/"},"modified":"2026-03-28T08:25:22","modified_gmt":"2026-03-28T07:25:22","slug":"mini-coeur-chocolat-73-orange-noir","status":"publish","type":"product","link":"https:\/\/confiserie-adam.fr\/boutique\/produit\/mini-coeur-chocolat-73-orange-noir\/","title":{"rendered":"Mini c\u0153ur chocolat 73% &#8211; Orange &amp; noir"},"content":{"rendered":"<p>Chocolat sous une fine couche de sucre &#8211; forme mini coeur, coloris orange et noir.<\/p>\n<p>&nbsp;<\/p>\n<p><strong>Ingr\u00e9dients principaux :<\/strong><\/p>\n<ul>\n<li>Chocolat 73%<\/li>\n<li>Sucre<\/li>\n<\/ul>\n<p>&nbsp;<\/p>\n<p><strong>Confiserie Adam<\/strong><\/p>\n<p>Entreprise familiale qui a \u00e0 c\u0153ur ses clients. Vous offrir \u00e0 la fois le go\u00fbt, le plaisir gustatif et la qualit\u00e9.<\/p>\n<ul>\n<li>Fabrication fran\u00e7aise depuis 1912<\/li>\n<li>Entreprise du Patrimoine Vivant<\/li>\n<li>Ingr\u00e9dients de qualit\u00e9<\/li>\n<\/ul>\n<p>&nbsp;<\/p>\n<p><strong>Conseils de conservation<\/strong><\/p>\n<p>A conserver \u00e0 l\u2019abri de la lumi\u00e8re et de l\u2019humidit\u00e9, dans un endroit frais et sec.<\/p>\n<p>&nbsp;<\/p>\n<p><strong><u>Ce produit contient <\/u><\/strong><\/p>\n<p>Drag\u00e9es au chocolat<\/p>\n<p>Ingr\u00e9dients : Sucre, chocolat noir 44% (cacao 73% minimum) (masse de cacao, sucre, \u00e9mulsifiant : l\u00e9cithine de SOJA), amidon de riz, stabilisant : gomme d&#8217;acacia, colorants\u00a0: E160a(iii), E153, agents d&#8217;enrobage : E901, E903, ar\u00f4me naturel de vanille.<\/p>\n<p>Peut contenir : fruits \u00e0 coque, gluten, \u0153uf, lait, arachides.<\/p>\n","protected":false},"excerpt":{"rendered":"<p>Des petits c\u0153urs aux couleurs d&#8217;Halloween pour vous apporter un peu de douceur&#8230;terrifiante !<\/p>\n","protected":false},"featured_media":7988,"comment_status":"open","ping_status":"closed","template":"","meta":[],"product_cat":[584],"product_tag":[],"_links":{"self":[{"href":"https:\/\/confiserie-adam.fr\/boutique\/wp-json\/wp\/v2\/product\/7973"}],"collection":[{"href":"https:\/\/confiserie-adam.fr\/boutique\/wp-json\/wp\/v2\/product"}],"about":[{"href":"https:\/\/confiserie-adam.fr\/boutique\/wp-json\/wp\/v2\/types\/product"}],"replies":[{"embeddable":true,"href":"https:\/\/confiserie-adam.fr\/boutique\/wp-json\/wp\/v2\/comments?post=7973"}],"wp:featuredmedia":[{"embeddable":true,"href":"https:\/\/confiserie-adam.fr\/boutique\/wp-json\/wp\/v2\/media\/7988"}],"wp:attachment":[{"href":"https:\/\/confiserie-adam.fr\/boutique\/wp-json\/wp\/v2\/media?parent=7973"}],"wp:term":[{"taxonomy":"product_cat","embeddable":true,"href":"https:\/\/confiserie-adam.fr\/boutique\/wp-json\/wp\/v2\/product_cat?post=7973"},{"taxonomy":"product_tag","embeddable":true,"href":"https:\/\/confiserie-adam.fr\/boutique\/wp-json\/wp\/v2\/product_tag?post=7973"}],"curies":[{"name":"wp","href":"https:\/\/api.w.org\/{rel}","templated":true}]}}