{"id":7131,"date":"2020-05-20T12:15:15","date_gmt":"2020-05-20T10:15:15","guid":{"rendered":"https:\/\/confiserie-adam.fr\/boutique\/produit\/coffret-cadeau-pates-de-fruits-4-saveurs\/"},"modified":"2026-04-23T18:51:15","modified_gmt":"2026-04-23T16:51:15","slug":"coffret-cadeau-pates-de-fruits-4-saveurs","status":"publish","type":"product","link":"https:\/\/confiserie-adam.fr\/boutique\/produit\/coffret-cadeau-pates-de-fruits-4-saveurs\/","title":{"rendered":"Coffret cadeau \u2013 P\u00e2tes de fruits 4 saveurs"},"content":{"rendered":"<p>Coffret assortiment p\u00e2te de fruits enrob\u00e9es de chocolat\u00a0: cerise, fruit de la passion, framboise et orange.<\/p>\n<p>&nbsp;<\/p>\n<p><strong>Ingr\u00e9dients principaux :<\/strong><\/p>\n<ul>\n<li>P\u00e2tes de fruit moelleuses<\/li>\n<li>Chocolat fondant<\/li>\n<\/ul>\n<p>&nbsp;<\/p>\n<p><strong>Confiserie Adam<\/strong><\/p>\n<p>Entreprise familiale qui a \u00e0 c\u0153ur ses clients. Vous offrir \u00e0 la fois le go\u00fbt, le plaisir gustatif et la qualit\u00e9.<\/p>\n<ul>\n<li>Fabrication fran\u00e7aise depuis 1912<\/li>\n<li>Entreprise du Patrimoine Vivant<\/li>\n<li>Ingr\u00e9dients de qualit\u00e9<\/li>\n<\/ul>\n<p>&nbsp;<\/p>\n<p><strong>Conseils de conservation<\/strong><\/p>\n<p>A conserver \u00e0 l\u2019abri de la lumi\u00e8re et de l\u2019humidit\u00e9, dans un endroit frais et sec.<\/p>\n<p>&nbsp;<\/p>\n<p><strong><u>Ce produit contient<\/u><\/strong><\/p>\n<p>G\u00e9lifi\u00e9 \u00e0 base de pur\u00e9e de fruits enrob\u00e9s de chocolat blanc et de chocolat noir aromatis\u00e9.<\/p>\n<p><u>Saveur framboise<\/u> (70g) &#8211; Ingr\u00e9dients : chocolat blanc 39% (cacao 26% minimum)(sucre, beurre de cacao, LAIT entier en poudre, LACTOSERUM en poudre, \u00e9mulsifiants : l\u00e9cithine de SOJA, E476, ar\u00f4me naturel de vanille), g\u00e9lifi\u00e9s \u00e0 base de pur\u00e9e de fruits 29% (pur\u00e9e de framboise 12%, sucre, sirop de glucose, pur\u00e9e de pomme 3%, g\u00e9lifiant : pectine, correcteur d\u2019acidit\u00e9 : citrate trisodique, acidifiant : acide citrique, acide tartrique), chocolat noir 29% (cacao 54% minimum) (masse et beurre de cacao, sucre, \u00e9mulsifiant : l\u00e9cithine de SOJA), vernissage (sirop de glucose, sucre, agents d&#8217;enrobage : E904, gomme d&#8217;acacia), ar\u00f4me, colorant : E129\u00a0 &#8211;<\/p>\n<p><u>Saveur passion<\/u> (70g) &#8211; Ingr\u00e9dients : coeur g\u00e9lifi\u00e9 39% (pur\u00e9e de fruit de la passion 15%, sucre, sirop de glucose, pur\u00e9e de pomme 4%, g\u00e9lifiant : pectine, correcteur d\u2019acidit\u00e9 : citrate trisodique, acidifiant : acide citrique, acide tartrique), chocolat au LAIT 29% (cacao 30% min.) (sucre, poudre de LAIT entier, beurre de cacao, masse de cacao, poudre de LACTOSERUM, \u00e9mulsifiants : l\u00e9cithine de SOJA, E476, ar\u00f4me naturel de vanille), chocolat blanc 29% (cacao 26% min.) (sucre, beurre de cacao, poudre de LAIT entier, poudre de LACTOSERUM, \u00e9mulsifiants : l\u00e9cithine de SOJA, E476, ar\u00f4me naturel de vanille), vernissage (sirop de glucose, sucre, agents d&#8217;enrobage : E904, gomme d&#8217;acacia), ar\u00f4me naturel, acidifiant : acide citrique, colorant : E160a \u2013<\/p>\n<p><u>Saveur cerise<\/u> (70g)- Ingr\u00e9dients : chocolat blanc 34% (cacao 26% minimum)(sucre, beurre de cacao, LAIT entier en poudre, LACTOSERUM en poudre, \u00e9mulsifiants : l\u00e9cithine de SOJA, E476, ar\u00f4me naturel de vanille), chocolat noir 34% (cacao 54% minimum) (masse et beurre de cacao, sucre, \u00e9mulsifiant : l\u00e9cithine de SOJA), g\u00e9lifi\u00e9s \u00e0 base de pectine et pur\u00e9e de fruits 29% (pur\u00e9e de cerise 11%, sucre, sirop de glucose, pur\u00e9e de pomme 3%, g\u00e9lifiant : pectine, correcteur d\u2019acidit\u00e9 : citrate trisodique, acidifiant : acide citrique, acide tartrique), ar\u00f4me, vernissage (sirop de glucose, sucre, agents d&#8217;enrobage : E904, gomme d&#8217;acacia), colorant : E129. &#8211;<\/p>\n<p><u>Saveur orange<\/u> (70g) &#8211; Ingr\u00e9dients : Chocolat noir 34% (cacao 54% min.)(masse et beurre de cacao, sucre, \u00e9mulsifiant : l\u00e9cithine de SOJA), chocolat blanc 34% (cacao 26% min.)(sucre, beurre de cacao, poudre de LAIT entier, poudre de LACTOSERUM, \u00e9mulsifiants : l\u00e9cithine de SOJA, E476, ar\u00f4me), cour g\u00e9lifi\u00e9 \u00e0 base de pectine et pur\u00e9e de fruits 29% (pur\u00e9e d&#8217;orange 11%, sucre, sirop de glucose, pur\u00e9e de pomme 3%, g\u00e9lifiant : pectine, acidifiants : E330, E334), ar\u00f4me, vernissage (sirop de glucose, sucre, agents d&#8217;enrobage : E904, gomme d&#8217;acacia), colorants : E160b<\/p>\n<p>E129 : peut avoir des effets ind\u00e9sirables sur l&#8217;activit\u00e9 et l&#8217;attention chez les enfants.<\/p>\n<p>Peut contenir : fruits \u00e0 coque, gluten, \u0153uf, arachides<\/p>\n","protected":false},"excerpt":{"rendered":"<p>Un assortiment de p\u00e2tes de fruits enrob\u00e9es de chocolat\u00a0: cerise, fruit de la passion, framboise et orange.<\/p>\n","protected":false},"featured_media":41899,"comment_status":"open","ping_status":"closed","template":"","meta":[],"product_cat":[589,595,563,572,27],"product_tag":[],"_links":{"self":[{"href":"https:\/\/confiserie-adam.fr\/boutique\/wp-json\/wp\/v2\/product\/7131"}],"collection":[{"href":"https:\/\/confiserie-adam.fr\/boutique\/wp-json\/wp\/v2\/product"}],"about":[{"href":"https:\/\/confiserie-adam.fr\/boutique\/wp-json\/wp\/v2\/types\/product"}],"replies":[{"embeddable":true,"href":"https:\/\/confiserie-adam.fr\/boutique\/wp-json\/wp\/v2\/comments?post=7131"}],"wp:featuredmedia":[{"embeddable":true,"href":"https:\/\/confiserie-adam.fr\/boutique\/wp-json\/wp\/v2\/media\/41899"}],"wp:attachment":[{"href":"https:\/\/confiserie-adam.fr\/boutique\/wp-json\/wp\/v2\/media?parent=7131"}],"wp:term":[{"taxonomy":"product_cat","embeddable":true,"href":"https:\/\/confiserie-adam.fr\/boutique\/wp-json\/wp\/v2\/product_cat?post=7131"},{"taxonomy":"product_tag","embeddable":true,"href":"https:\/\/confiserie-adam.fr\/boutique\/wp-json\/wp\/v2\/product_tag?post=7131"}],"curies":[{"name":"wp","href":"https:\/\/api.w.org\/{rel}","templated":true}]}}