{"id":56571,"date":"2026-04-02T18:46:46","date_gmt":"2026-04-02T16:46:46","guid":{"rendered":"https:\/\/confiserie-adam.fr\/boutique\/produit\/pralissimo-ecru-250g\/"},"modified":"2026-04-23T18:43:54","modified_gmt":"2026-04-23T16:43:54","slug":"dragee-amandes-grillees-pralines-pralissimo-coloris-ecru","status":"publish","type":"product","link":"https:\/\/confiserie-adam.fr\/boutique\/produit\/dragee-amandes-grillees-pralines-pralissimo-coloris-ecru\/","title":{"rendered":"Drag\u00e9e amandes grill\u00e9es &amp; pralin\u00e9s \u2013 Pralissimo- Coloris Ecru"},"content":{"rendered":"<p>Amande enrob\u00e9e de chocolat noir et de pralin\u00e9 sous une fine couche de sucre &#8211; Coloris \u00e9cru.<\/p>\n<p><em>Environ 55 pi\u00e8ces par sachet (donn\u00e9es \u00e0 titre indicatif \u00e0 plus ou moins 15 pi\u00e8ces).<\/em><\/p>\n<p><strong>Ingr\u00e9dients principaux :<\/strong><\/p>\n<ul>\n<li>Amande de qualit\u00e9 sup\u00e9rieure<\/li>\n<li>Pralin\u00e9 et chocolat noir fondant<\/li>\n<\/ul>\n<p><strong>Confiserie Adam<\/strong><\/p>\n<p>Entreprise familiale qui a \u00e0 c\u0153ur ses clients. Vous offrir \u00e0 la fois le go\u00fbt, le plaisir gustatif et la qualit\u00e9.<\/p>\n<ul>\n<li>Fabrication fran\u00e7aise depuis 1912<\/li>\n<li>Entreprise du Patrimoine Vivant<\/li>\n<li>Ingr\u00e9dients de qualit\u00e9<\/li>\n<\/ul>\n<p><strong>Conseils de conservation<\/strong><\/p>\n<p>A conserver \u00e0 l\u2019abri de la lumi\u00e8re et de l\u2019humidit\u00e9, dans un endroit frais et sec.<\/p>\n<p><strong><u>Ce produit contient <\/u><\/strong><\/p>\n<p>Amande grill\u00e9e enrob\u00e9e de chocolat noir et de p\u00e2te de pralin\u00e9 et drag\u00e9ifi\u00e9e<\/p>\n<p>Ingr\u00e9dients : sucre, chocolat NOIR (21%) (cacao min 60%) (p\u00e2te et beurre de cacao &#8211; sucre * \u00e9mulsifiant : l\u00e9cithine de SOJA) &#8211; pralin\u00e9 (21%) (NOISETTE 10% &#8211; sucre &#8211; \u00e9mulsifiant : l\u00e9cithine de tournesol) &#8211; AMANDE grill\u00e9e 15% -amidon de riz, stabilisant : gomme d&#8217;acacia, sucre glace (sucre f\u00e9cule de pomme de terre), ar\u00f4me naturel de vanille , beurre de cacao, agents d&#8217;enrobage (cire d&#8217;abeille blanche et jaune, cire de carnauba, shellac), colorants (E100, E151, E155, E1553)<\/p>\n<p>&nbsp;<\/p>\n","protected":false},"excerpt":{"rendered":"<p><span>Une amande grill\u00e9e enrob\u00e9e de chocolat noir et pralin\u00e9. Une d\u00e9licieuse gourmandise croquante et fondante en coloris \u00e9cru.<\/span><\/p>\n","protected":false},"featured_media":56868,"comment_status":"open","ping_status":"closed","template":"","meta":[],"product_cat":[30,47],"product_tag":[],"_links":{"self":[{"href":"https:\/\/confiserie-adam.fr\/boutique\/wp-json\/wp\/v2\/product\/56571"}],"collection":[{"href":"https:\/\/confiserie-adam.fr\/boutique\/wp-json\/wp\/v2\/product"}],"about":[{"href":"https:\/\/confiserie-adam.fr\/boutique\/wp-json\/wp\/v2\/types\/product"}],"replies":[{"embeddable":true,"href":"https:\/\/confiserie-adam.fr\/boutique\/wp-json\/wp\/v2\/comments?post=56571"}],"wp:featuredmedia":[{"embeddable":true,"href":"https:\/\/confiserie-adam.fr\/boutique\/wp-json\/wp\/v2\/media\/56868"}],"wp:attachment":[{"href":"https:\/\/confiserie-adam.fr\/boutique\/wp-json\/wp\/v2\/media?parent=56571"}],"wp:term":[{"taxonomy":"product_cat","embeddable":true,"href":"https:\/\/confiserie-adam.fr\/boutique\/wp-json\/wp\/v2\/product_cat?post=56571"},{"taxonomy":"product_tag","embeddable":true,"href":"https:\/\/confiserie-adam.fr\/boutique\/wp-json\/wp\/v2\/product_tag?post=56571"}],"curies":[{"name":"wp","href":"https:\/\/api.w.org\/{rel}","templated":true}]}}