{"id":55835,"date":"2026-03-26T07:59:47","date_gmt":"2026-03-26T06:59:47","guid":{"rendered":"https:\/\/confiserie-adam.fr\/boutique\/produit\/oeufs-caramel-et-creme-brulee\/"},"modified":"2026-04-23T18:51:06","modified_gmt":"2026-04-23T16:51:06","slug":"oeufs-caramel-et-creme-brulee","status":"publish","type":"product","link":"https:\/\/confiserie-adam.fr\/boutique\/produit\/oeufs-caramel-et-creme-brulee\/","title":{"rendered":"Oeufs caramel et cr\u00e8me br\u00fbl\u00e9e"},"content":{"rendered":"<p>Caramel fondant et pralin\u00e9 saveur cr\u00e8me br\u00fbl\u00e9e<\/p>\n<p>&nbsp;<\/p>\n<p><strong>Confiserie Adam<\/strong><\/p>\n<p>Entreprise familiale qui a \u00e0 coeur ses clients. Vous offrir \u00e0 la fois le go\u00fbt, le plaisir gustatif et la qualit\u00e9.<\/p>\n<ul>\n<li>Fabrication fran\u00e7aise depuis 1912<\/li>\n<li>Entreprise du Patrimoine Vivant<\/li>\n<li>Ingr\u00e9dients de qualit\u00e9<\/li>\n<\/ul>\n<p>&nbsp;<\/p>\n<p><strong>Conseils de conservation<\/strong><\/p>\n<p>A conserver \u00e0 l&#8217;abri de la lumi\u00e8re et de l&#8217;humidit\u00e9, dans un endroit frais et sec.<\/p>\n<p>&nbsp;<\/p>\n<p><strong>Ce produit contient\u00a0<\/strong><\/p>\n<p>Oeuf caramal et oeufs pralin\u00e9 saveur cr\u00e8me br\u00fbl\u00e9e &#8211; en proportion variable<\/p>\n<p>Oeufs en chocolat au lait fourr\u00e9s au pralin\u00e9 noisettes (54%) saveur cr\u00e8me br\u00fbl\u00e9e, drag\u00e9ifi\u00e9s<\/p>\n<p>Ingr\u00e9dients : sucre, pralin\u00e9 noisettes 12% (NOISETTES 6%, sucre), LAIT entier en poudre, masse de cacao, beurre de cacao, beurre p\u00e2tissier (LAIT), \u00e9mulsifiant : l\u00e9cithine de SOJA, amidon de riz, stabilisant : gomme d&#8217;acacia, f\u00e9cule de pomme de terre, g\u00e9lifiant : g\u00e9latine de POISSON, ar\u00f4mes, agents d&#8217;enrobage (cire d&#8217;abeille blanche et jaune, cire de carnauba, shellac), colorants (noir brillant BN, brun HT)<\/p>\n<p>Oeufs en chocolat noir fourr\u00e9 ganache \u00e0 la fleur de sel (59%), drag\u00e9ifi\u00e9<\/p>\n<p>Ingr\u00e9dients : sucre, masse de cacao, caramel 11% (sucre, eau, dextrose), beurre p\u00e2tissier (LAIT), beurre de cacao, poudre de LAIT entier, sirop de glucose, \u00e9mulsifiant : l\u00e9cithine de SOJA, amidon de riz, stabilisant : gomme d&#8217;acacia, g\u00e9lifiants (g\u00e9latine de POISSON, carragh\u00e9nane), f\u00e9cule de pomme de terre, fleur de sel 0,05%, ar\u00f4me naturel de vanille, agents d&#8217;enrobage (cire d&#8217;abeille blanche et jaune, cire de carnauba, shellac), colorants (curcumine, noir brillant BN, noir v\u00e9g\u00e9tal, brun HT)<\/p>\n<p>Peut contenir : autres fruits \u00e0 coque, arachides, oeuf, gluten, s\u00e9same. Betterave origine UE &#8211; F\u00e8ves cacao origine non-UE<\/p>\n","protected":false},"excerpt":{"rendered":"<p>Caramel fondant et pralin\u00e9 saveur cr\u00e8me br\u00fbl\u00e9e.<\/p>\n","protected":false},"featured_media":55861,"comment_status":"open","ping_status":"closed","template":"","meta":[],"product_cat":[48,657],"product_tag":[],"_links":{"self":[{"href":"https:\/\/confiserie-adam.fr\/boutique\/wp-json\/wp\/v2\/product\/55835"}],"collection":[{"href":"https:\/\/confiserie-adam.fr\/boutique\/wp-json\/wp\/v2\/product"}],"about":[{"href":"https:\/\/confiserie-adam.fr\/boutique\/wp-json\/wp\/v2\/types\/product"}],"replies":[{"embeddable":true,"href":"https:\/\/confiserie-adam.fr\/boutique\/wp-json\/wp\/v2\/comments?post=55835"}],"wp:featuredmedia":[{"embeddable":true,"href":"https:\/\/confiserie-adam.fr\/boutique\/wp-json\/wp\/v2\/media\/55861"}],"wp:attachment":[{"href":"https:\/\/confiserie-adam.fr\/boutique\/wp-json\/wp\/v2\/media?parent=55835"}],"wp:term":[{"taxonomy":"product_cat","embeddable":true,"href":"https:\/\/confiserie-adam.fr\/boutique\/wp-json\/wp\/v2\/product_cat?post=55835"},{"taxonomy":"product_tag","embeddable":true,"href":"https:\/\/confiserie-adam.fr\/boutique\/wp-json\/wp\/v2\/product_tag?post=55835"}],"curies":[{"name":"wp","href":"https:\/\/api.w.org\/{rel}","templated":true}]}}