{"id":55816,"date":"2026-03-25T19:58:06","date_gmt":"2026-03-25T18:58:06","guid":{"rendered":"https:\/\/confiserie-adam.fr\/boutique\/produit\/lapi-oeuf\/"},"modified":"2026-04-23T08:57:09","modified_gmt":"2026-04-23T06:57:09","slug":"lapi-oeuf","status":"publish","type":"product","link":"https:\/\/confiserie-adam.fr\/boutique\/produit\/lapi-oeuf\/","title":{"rendered":"LAPI OEUF"},"content":{"rendered":"<p>Lapi&#8217;Oeuf &#8211; Chocolat au lait &#8211; H 16m<\/p>\n<p>&nbsp;<\/p>\n<p><strong>Confiserie Adam<\/strong><\/p>\n<p>Entreprise familiale qui a \u00e0 c\u0153ur ses clients. Vous offrir \u00e0 la fois le go\u00fbt, le plaisir gustatif et la qualit\u00e9.<\/p>\n<ul>\n<li>Fabrication fran\u00e7aise depuis 1912<\/li>\n<li>Entreprise du Patrimoine Vivant<\/li>\n<li>Ingr\u00e9dients de qualit\u00e9<\/li>\n<\/ul>\n<p>&nbsp;<\/p>\n<p><strong>Conseils de conservation<\/strong><\/p>\n<p>\u00c0 conserver \u00e0 l\u2019abri de la lumi\u00e8re et de l\u2019humidit\u00e9, dans un endroit frais et sec.<\/p>\n<p>&nbsp;<\/p>\n<p><strong><u>Ce produit contient<\/u><\/strong><\/p>\n<p>Moulage au chocolat au lait d\u00e9cor\u00e9 ou non d\u00e9cor\u00e9\u00a0: Ingr\u00e9dients : sucre, LAIT entier en poudre, beurre de cacao, masse de cacao (f\u00e8ves de cacao origine non-UE), lactos\u00e9rum en poudre (LAIT), \u00e9mulsifiants (l\u00e9cithine de SOJA, E476), ar\u00f4me naturel de vanille. Peut contenir : fruits \u00e0 coque, gluten, arachide, \u0153uf. Chocolat au lait : cacao 30% minimum<\/p>\n","protected":false},"excerpt":{"rendered":"<p>Chocolat au lait<\/p>\n","protected":false},"featured_media":55865,"comment_status":"open","ping_status":"closed","template":"","meta":[],"product_cat":[48,654],"product_tag":[],"_links":{"self":[{"href":"https:\/\/confiserie-adam.fr\/boutique\/wp-json\/wp\/v2\/product\/55816"}],"collection":[{"href":"https:\/\/confiserie-adam.fr\/boutique\/wp-json\/wp\/v2\/product"}],"about":[{"href":"https:\/\/confiserie-adam.fr\/boutique\/wp-json\/wp\/v2\/types\/product"}],"replies":[{"embeddable":true,"href":"https:\/\/confiserie-adam.fr\/boutique\/wp-json\/wp\/v2\/comments?post=55816"}],"wp:featuredmedia":[{"embeddable":true,"href":"https:\/\/confiserie-adam.fr\/boutique\/wp-json\/wp\/v2\/media\/55865"}],"wp:attachment":[{"href":"https:\/\/confiserie-adam.fr\/boutique\/wp-json\/wp\/v2\/media?parent=55816"}],"wp:term":[{"taxonomy":"product_cat","embeddable":true,"href":"https:\/\/confiserie-adam.fr\/boutique\/wp-json\/wp\/v2\/product_cat?post=55816"},{"taxonomy":"product_tag","embeddable":true,"href":"https:\/\/confiserie-adam.fr\/boutique\/wp-json\/wp\/v2\/product_tag?post=55816"}],"curies":[{"name":"wp","href":"https:\/\/api.w.org\/{rel}","templated":true}]}}