{"id":55162,"date":"2026-03-16T11:53:25","date_gmt":"2026-03-16T10:53:25","guid":{"rendered":"https:\/\/confiserie-adam.fr\/boutique\/produit\/paniet-lapin-tout-doux-chocolat-au-lait\/"},"modified":"2026-04-04T18:30:10","modified_gmt":"2026-04-04T16:30:10","slug":"paniet-lapin-tout-doux-chocolat-au-lait","status":"publish","type":"product","link":"https:\/\/confiserie-adam.fr\/boutique\/produit\/paniet-lapin-tout-doux-chocolat-au-lait\/","title":{"rendered":"Paniet lapin tout doux &#8211; chocolat au lait"},"content":{"rendered":"<p>Panier tout doux garni (trois coloris al\u00e9atoire) comprenant :<\/p>\n<ul>\n<li>1 lapin chocolat au lait 70g<\/li>\n<li>5 oeufs creux chocolat au lait<\/li>\n<\/ul>\n<p>H25cm<\/p>\n<p>&nbsp;<\/p>\n<p><strong>Confiserie Adam<\/strong><\/p>\n<p>Entreprise familiale qui a \u00e0 coeur ses clients. Vous offrir \u00e0 la fois le go\u00fbt, le plaisir gustatif et la qualit\u00e9.<\/p>\n<ul>\n<li>Fabrication fran\u00e7aise depuis 1912<\/li>\n<li>Entreprise du Patrimoine Vivant<\/li>\n<li>Ingr\u00e9dients de qualit\u00e9<\/li>\n<\/ul>\n<p>&nbsp;<\/p>\n<p><strong>Conseils de conservation<\/strong><\/p>\n<p>A conserver \u00e0 l&#8217;abri de la lumi\u00e8re et de l&#8217;humidit\u00e9, dans un endroit frais et sec.<\/p>\n<p>&nbsp;<\/p>\n<p><strong>Ce produit contient\u00a0<\/strong><\/p>\n<p><strong>Moulage au chocolat au lait d\u00e9cor\u00e9 ou non d\u00e9cor\u00e9\u00a0:<\/strong> Ingr\u00e9dients : sucre, LAIT entier en poudre, beurre de cacao, masse de cacao (f\u00e8ves de cacao origine non-UE), lactos\u00e9rum en poudre (LAIT), \u00e9mulsifiants (l\u00e9cithine de SOJA, E476), ar\u00f4me naturel de vanille. Peut contenir : fruits \u00e0 coque, gluten, arachide, \u0153uf. Chocolat au lait : cacao 30% minimum.<\/p>\n<p><strong>\u0152uf creux : <\/strong>chocolat au lait (cacao 31% min.) &#8211; Ingr\u00e9dients : sucre, beurre de cacao, LAIT entier en poudre, masse de cacao, \u00e9mulsifiant : l\u00e9cithine de SOJA, ar\u00f4me.<\/p>\n","protected":false},"excerpt":{"rendered":"<p>Panier garni (3 coloris al\u00e9atoire) comprenant : 1 lapin chocolat au lait 70g et 5 oeufs creux chocolat au lait<\/p>\n","protected":false},"featured_media":55164,"comment_status":"open","ping_status":"closed","template":"","meta":[],"product_cat":[48,654,658],"product_tag":[],"_links":{"self":[{"href":"https:\/\/confiserie-adam.fr\/boutique\/wp-json\/wp\/v2\/product\/55162"}],"collection":[{"href":"https:\/\/confiserie-adam.fr\/boutique\/wp-json\/wp\/v2\/product"}],"about":[{"href":"https:\/\/confiserie-adam.fr\/boutique\/wp-json\/wp\/v2\/types\/product"}],"replies":[{"embeddable":true,"href":"https:\/\/confiserie-adam.fr\/boutique\/wp-json\/wp\/v2\/comments?post=55162"}],"wp:featuredmedia":[{"embeddable":true,"href":"https:\/\/confiserie-adam.fr\/boutique\/wp-json\/wp\/v2\/media\/55164"}],"wp:attachment":[{"href":"https:\/\/confiserie-adam.fr\/boutique\/wp-json\/wp\/v2\/media?parent=55162"}],"wp:term":[{"taxonomy":"product_cat","embeddable":true,"href":"https:\/\/confiserie-adam.fr\/boutique\/wp-json\/wp\/v2\/product_cat?post=55162"},{"taxonomy":"product_tag","embeddable":true,"href":"https:\/\/confiserie-adam.fr\/boutique\/wp-json\/wp\/v2\/product_tag?post=55162"}],"curies":[{"name":"wp","href":"https:\/\/api.w.org\/{rel}","templated":true}]}}