{"id":54776,"date":"2026-03-11T10:45:09","date_gmt":"2026-03-11T09:45:09","guid":{"rendered":"https:\/\/confiserie-adam.fr\/boutique\/produit\/mug-oeufs-de-cigogne-jeannala-seppala\/"},"modified":"2026-03-31T10:53:55","modified_gmt":"2026-03-31T08:53:55","slug":"mug-oeufs-de-cigogne-jeannala-seppala","status":"publish","type":"product","link":"https:\/\/confiserie-adam.fr\/boutique\/produit\/mug-oeufs-de-cigogne-jeannala-seppala\/","title":{"rendered":"Mug &amp; Oeufs de cigogne Jeannala &amp; Seppala"},"content":{"rendered":"<p>Mug Jeannala &amp; Seppala et un sachet d&#8217;oeufs de cigogne.<\/p>\n<p>&nbsp;<\/p>\n<p><strong>Confiserie Adam<\/strong><\/p>\n<p>Entreprise familiale qui a \u00e0 coeur ses clients. Vous offrir \u00e0 la fois le go\u00fbt, le plaisir gustatif et la qualit\u00e9.<\/p>\n<ul>\n<li>Fabrication fran\u00e7aise depuis 1912<\/li>\n<li>Entreprise du Patrimoine Vivant<\/li>\n<li>Ingr\u00e9dients de qualit\u00e9<\/li>\n<\/ul>\n<p>&nbsp;<\/p>\n<p><strong>Conseils de conservation<\/strong><\/p>\n<p>A conserver \u00e0 l&#8217;abri de la lumi\u00e8re et de l&#8217;humidit\u00e9, dans un endroit frais et sec.<\/p>\n<p>&nbsp;<\/p>\n<p><strong>Ce produit contient\u00a0<\/strong><\/p>\n<p><strong>\u0152ufs en chocolat au lait, fourr\u00e9s au pralin\u00e9 noisettes, drag\u00e9ifi\u00e9.<\/strong> Ingr\u00e9dients : sucre (origine UE), pralin\u00e9 noisettes 12% (NOISETTES 6%, sucre), LAIT entier en poudre, masse de cacao (origine non-UE), beurre de cacao, beurre p\u00e2tissier (LAIT), \u00e9mulsifiant : l\u00e9cithine de SOJA, amidon de riz, stabilisant : gomme d&#8217;acacia, f\u00e9cule de pomme de terre, g\u00e9lifiant : g\u00e9latine, ar\u00f4me naturel de vanille, agents d&#8217;enrobage (cire d&#8217;abeille blanche et jaune, cire de carnauba, shellac), colorants (Complexes cuivriques de chlorophylles, noir v\u00e9g\u00e9tal). Chocolat au lait : cacao 30% min. Peut contenir : autres fruits \u00e0 coque, gluten, arachides, \u0153uf, s\u00e9same.<\/p>\n","protected":false},"excerpt":{"rendered":"<p>Mug Jeannala &amp; Seppala et un sachet d&#8217;oeufs de cigogne.<\/p>\n","protected":false},"featured_media":54786,"comment_status":"open","ping_status":"closed","template":"","meta":[],"product_cat":[48,656,27,34],"product_tag":[],"_links":{"self":[{"href":"https:\/\/confiserie-adam.fr\/boutique\/wp-json\/wp\/v2\/product\/54776"}],"collection":[{"href":"https:\/\/confiserie-adam.fr\/boutique\/wp-json\/wp\/v2\/product"}],"about":[{"href":"https:\/\/confiserie-adam.fr\/boutique\/wp-json\/wp\/v2\/types\/product"}],"replies":[{"embeddable":true,"href":"https:\/\/confiserie-adam.fr\/boutique\/wp-json\/wp\/v2\/comments?post=54776"}],"wp:featuredmedia":[{"embeddable":true,"href":"https:\/\/confiserie-adam.fr\/boutique\/wp-json\/wp\/v2\/media\/54786"}],"wp:attachment":[{"href":"https:\/\/confiserie-adam.fr\/boutique\/wp-json\/wp\/v2\/media?parent=54776"}],"wp:term":[{"taxonomy":"product_cat","embeddable":true,"href":"https:\/\/confiserie-adam.fr\/boutique\/wp-json\/wp\/v2\/product_cat?post=54776"},{"taxonomy":"product_tag","embeddable":true,"href":"https:\/\/confiserie-adam.fr\/boutique\/wp-json\/wp\/v2\/product_tag?post=54776"}],"curies":[{"name":"wp","href":"https:\/\/api.w.org\/{rel}","templated":true}]}}