{"id":54775,"date":"2026-03-11T10:45:06","date_gmt":"2026-03-11T09:45:06","guid":{"rendered":"https:\/\/confiserie-adam.fr\/boutique\/produit\/jeannala-seppala-torchon-bretzel-choco\/"},"modified":"2026-04-02T16:56:06","modified_gmt":"2026-04-02T14:56:06","slug":"jeannala-seppala-torchon-bretzel-choco","status":"publish","type":"product","link":"https:\/\/confiserie-adam.fr\/boutique\/produit\/jeannala-seppala-torchon-bretzel-choco\/","title":{"rendered":"Jeannala &amp; Seppala Torchon &amp; bretzel choco"},"content":{"rendered":"<p>Torchon Jeannala &amp; Seppala et un sachet de billes de bretzel chocolat saveur mirabelle.<\/p>\n<p>&nbsp;<\/p>\n<p><strong>Confiserie Adam<\/strong><\/p>\n<p>Entreprise familiale qui a \u00e0 coeur ses clients. Vous offrir \u00e0 la fois le go\u00fbt, le plaisir gustatif et la qualit\u00e9.<\/p>\n<ul>\n<li>Fabrication fran\u00e7aise depuis 1912<\/li>\n<li>Entreprise du Patrimoine Vivant<\/li>\n<li>Ingr\u00e9dients de qualit\u00e9<\/li>\n<\/ul>\n<p>&nbsp;<\/p>\n<p><strong>Conseils de conservation<\/strong><\/p>\n<p>A conserver \u00e0 l&#8217;abri de la lumi\u00e8re et de l&#8217;humidit\u00e9, dans un endroit frais et sec.<\/p>\n<p>&nbsp;<\/p>\n<p><strong>Ce produit contient\u00a0<\/strong><\/p>\n<p>Biscuit sal\u00e9 enrob\u00e9 de chocolat blanc saveur mirabelle, gla\u00e7age jaune.<\/p>\n<p>Ingr\u00e9dients : chocolat blanc 77% (cacao 29% minimum) (sucre, beurre de cacao, LAIT entier en poudre, \u00e9mulsifiant : l\u00e9cithine de SOJA, ar\u00f4me naturel de vanille), biscuit sal\u00e9 19% (farine de BLE, huile de tournesol, extrait de malt d&#8217;ORGE, sel, levure, correcteur d&#8217;acidit\u00e9 : hydroxyde de sodium), ar\u00f4me, vernissage (sirop de glucose, sucre, agents d&#8217;enrobage : shellac, gomme d&#8217;acacia), colorant : curcumine<\/p>\n<p>Biscuit sal\u00e9 et chocolat fabriqu\u00e9s en UE &#8211; F\u00e8ves de cacao origine non-UE<\/p>\n<p>Peut contenir : fruits \u00e0 coque, oeuf, arachides<\/p>\n","protected":false},"excerpt":{"rendered":"<p>Biscuit sal\u00e9 enrob\u00e9 chocolat blanc saveur mirabelle avec un torchon Jeannala &amp; Seppala.<\/p>\n","protected":false},"featured_media":54782,"comment_status":"open","ping_status":"closed","template":"","meta":[],"product_cat":[48,658,656,27,34],"product_tag":[],"_links":{"self":[{"href":"https:\/\/confiserie-adam.fr\/boutique\/wp-json\/wp\/v2\/product\/54775"}],"collection":[{"href":"https:\/\/confiserie-adam.fr\/boutique\/wp-json\/wp\/v2\/product"}],"about":[{"href":"https:\/\/confiserie-adam.fr\/boutique\/wp-json\/wp\/v2\/types\/product"}],"replies":[{"embeddable":true,"href":"https:\/\/confiserie-adam.fr\/boutique\/wp-json\/wp\/v2\/comments?post=54775"}],"wp:featuredmedia":[{"embeddable":true,"href":"https:\/\/confiserie-adam.fr\/boutique\/wp-json\/wp\/v2\/media\/54782"}],"wp:attachment":[{"href":"https:\/\/confiserie-adam.fr\/boutique\/wp-json\/wp\/v2\/media?parent=54775"}],"wp:term":[{"taxonomy":"product_cat","embeddable":true,"href":"https:\/\/confiserie-adam.fr\/boutique\/wp-json\/wp\/v2\/product_cat?post=54775"},{"taxonomy":"product_tag","embeddable":true,"href":"https:\/\/confiserie-adam.fr\/boutique\/wp-json\/wp\/v2\/product_tag?post=54775"}],"curies":[{"name":"wp","href":"https:\/\/api.w.org\/{rel}","templated":true}]}}