{"id":54774,"date":"2026-03-11T10:45:02","date_gmt":"2026-03-11T09:45:02","guid":{"rendered":"https:\/\/confiserie-adam.fr\/boutique\/produit\/kit-moule-lapin-chocolat\/"},"modified":"2026-04-04T11:17:07","modified_gmt":"2026-04-04T09:17:07","slug":"kit-moule-lapin-chocolat","status":"publish","type":"product","link":"https:\/\/confiserie-adam.fr\/boutique\/produit\/kit-moule-lapin-chocolat\/","title":{"rendered":"Kit moule Lapin chocolat"},"content":{"rendered":"<p>Moule silicone, pastilles chocolat au lait et mini confettis.<\/p>\n<p>H 14cm<\/p>\n<p>&nbsp;<\/p>\n<p><strong>Confiserie Adam<\/strong><\/p>\n<p>Entreprise familiale qui a \u00e0 coeur ses clients. Vous offrir \u00e0 la fois le go\u00fbt, le plaisir gustatif et la qualit\u00e9.<\/p>\n<ul>\n<li>Fabrication fran\u00e7aise depuis 1912<\/li>\n<li>Entreprise du Patrimoine Vivant<\/li>\n<li>Ingr\u00e9dients de qualit\u00e9<\/li>\n<\/ul>\n<p>&nbsp;<\/p>\n<p><strong>Conseils de conservation<\/strong><\/p>\n<p>A conserver \u00e0 l&#8217;abri de la lumi\u00e8re et de l&#8217;humidit\u00e9, dans un endroit frais et sec.<\/p>\n<p>&nbsp;<\/p>\n<p><strong>Ce produit contient\u00a0<\/strong><\/p>\n<p><strong>Chocolat au lait. <\/strong>Ingr\u00e9dients : sucre, LAIT entier en poudre, beurre de cacao (f\u00e8ves origine non-UE), masse de cacao, \u00e9mulsifiant : l\u00e9cithine de SOJA, ar\u00f4me naturel de vanille. Peut contenir : fruits \u00e0 coque, gluten, arachides, \u0153uf, s\u00e9same.<\/p>\n<p><strong>Drag\u00e9es au chocolat au lait.<\/strong> Ingr\u00e9dients : sucre (betteraves origine UE), chocolat au lait 44% (cacao 30% min) (sucre, beurre de cacao (f\u00e8ves origine non-UE), poudre de LAIT entier, masse de cacao, \u00e9mulsifiant: l\u00e9cithine de SOJA, ar\u00f4me naturel de vanille), amidon de riz, stabilisant : gomme d&#8217;acacia, g\u00e9lifiant: g\u00e9latine, f\u00e9cule de pomme de terre, ar\u00f4me naturel de vanille, agents d&#8217;enrobage (cire d&#8217;abeille blanche et jaune, cire de carnauba, shellac), colorants (curcumine, tartrazine, carmins, bleu patente V, bleu brillant FCF, b\u00eatacarot\u00e8ne).&#8221;Tartrazine : peut avoir des effets ind\u00e9sirables sur l\u2019activit\u00e9 et l\u2019attention chez les enfants&#8221;. Peut contenir : fruits \u00e0 coque, gluten, arachide, \u0153uf, s\u00e9same.<\/p>\n","protected":false},"excerpt":{"rendered":"<p>Moule silicone, pastilles chocolat au lait et mini confettis. H 14cm<\/p>\n","protected":false},"featured_media":54779,"comment_status":"open","ping_status":"closed","template":"","meta":[],"product_cat":[48,658],"product_tag":[],"_links":{"self":[{"href":"https:\/\/confiserie-adam.fr\/boutique\/wp-json\/wp\/v2\/product\/54774"}],"collection":[{"href":"https:\/\/confiserie-adam.fr\/boutique\/wp-json\/wp\/v2\/product"}],"about":[{"href":"https:\/\/confiserie-adam.fr\/boutique\/wp-json\/wp\/v2\/types\/product"}],"replies":[{"embeddable":true,"href":"https:\/\/confiserie-adam.fr\/boutique\/wp-json\/wp\/v2\/comments?post=54774"}],"wp:featuredmedia":[{"embeddable":true,"href":"https:\/\/confiserie-adam.fr\/boutique\/wp-json\/wp\/v2\/media\/54779"}],"wp:attachment":[{"href":"https:\/\/confiserie-adam.fr\/boutique\/wp-json\/wp\/v2\/media?parent=54774"}],"wp:term":[{"taxonomy":"product_cat","embeddable":true,"href":"https:\/\/confiserie-adam.fr\/boutique\/wp-json\/wp\/v2\/product_cat?post=54774"},{"taxonomy":"product_tag","embeddable":true,"href":"https:\/\/confiserie-adam.fr\/boutique\/wp-json\/wp\/v2\/product_tag?post=54774"}],"curies":[{"name":"wp","href":"https:\/\/api.w.org\/{rel}","templated":true}]}}