{"id":53122,"date":"2025-12-17T10:03:14","date_gmt":"2025-12-17T09:03:14","guid":{"rendered":"https:\/\/confiserie-adam.fr\/boutique\/produit\/bonbon-framboise-second-choix\/"},"modified":"2026-03-28T08:26:32","modified_gmt":"2026-03-28T07:26:32","slug":"bonbon-framboise-second-choix","status":"publish","type":"product","link":"https:\/\/confiserie-adam.fr\/boutique\/produit\/bonbon-framboise-second-choix\/","title":{"rendered":"Bonbon framboise &#8211; Second choix"},"content":{"rendered":"<p>Billes g\u00e9lifi\u00e9es saveur framboise drag\u00e9ifi\u00e9es<\/p>\n<p>Second choix : quelques d\u00e9fauts esth\u00e9tiques diff\u00e9rencient ces produits, cependant la qualit\u00e9 gustative, la noblesse des ingr\u00e9dients ainsi que la fabrication restent identiques.<\/p>\n<p>Le plaisir gourmand est inchang\u00e9 !<\/p>\n<p>&nbsp;<\/p>\n<p><strong>Confiserie Adam<\/strong><\/p>\n<p>Entreprise familiale qui a \u00e0 c\u0153ur ses clients. Vous offrir \u00e0 la fois le go\u00fbt, le plaisir gustatif et la qualit\u00e9.<\/p>\n<ul>\n<li>Fabrication fran\u00e7aise depuis 1912<\/li>\n<li>Entreprise du Patrimoine Vivant<\/li>\n<li>Ingr\u00e9dients de qualit\u00e9<\/li>\n<\/ul>\n<p>&nbsp;<\/p>\n<p><strong>Conseils de conservation<\/strong><\/p>\n<p>\u00c0 conserver \u00e0 l&#8217;abri de la lumi\u00e8re et de l&#8217;humidit\u00e9, dans un endroit frais et sec.<\/p>\n<p>&nbsp;<\/p>\n<p><strong>Ce produit contient<\/strong><\/p>\n<p>Billes g\u00e9lifi\u00e9es saveur framboise (32%), drag\u00e9ifi\u00e9es<\/p>\n<p>Ingr\u00e9dients : Sucre (betteraves origine UE), pulpe de pomme, sirop de glucose, pulpe d&#8217;abricot, g\u00e9lifiants (pectine, g\u00e9latine), amidon de riz, stabilisant : gomme d&#8217;acacia, acidifant : acide citrique, f\u00e9cule de pomme de terre, agents d&#8217;enrobage (cire d&#8217;abeille blanche et jaune, cire de carnauba, shellac), ar\u00f4me naturel de framboise avec autres ar\u00f4mes naturels, colorant : carmins.<\/p>\n<p>Peut contenir : fruits \u00e0 coque, gluten, arachides, \u0153uf, lait, soja, s\u00e9same<\/p>\n","protected":false},"excerpt":{"rendered":"<p>Billes g\u00e9lifi\u00e9es saveur framboise.<\/p>\n","protected":false},"featured_media":53125,"comment_status":"open","ping_status":"closed","template":"","meta":[],"product_cat":[743,772],"product_tag":[],"_links":{"self":[{"href":"https:\/\/confiserie-adam.fr\/boutique\/wp-json\/wp\/v2\/product\/53122"}],"collection":[{"href":"https:\/\/confiserie-adam.fr\/boutique\/wp-json\/wp\/v2\/product"}],"about":[{"href":"https:\/\/confiserie-adam.fr\/boutique\/wp-json\/wp\/v2\/types\/product"}],"replies":[{"embeddable":true,"href":"https:\/\/confiserie-adam.fr\/boutique\/wp-json\/wp\/v2\/comments?post=53122"}],"wp:featuredmedia":[{"embeddable":true,"href":"https:\/\/confiserie-adam.fr\/boutique\/wp-json\/wp\/v2\/media\/53125"}],"wp:attachment":[{"href":"https:\/\/confiserie-adam.fr\/boutique\/wp-json\/wp\/v2\/media?parent=53122"}],"wp:term":[{"taxonomy":"product_cat","embeddable":true,"href":"https:\/\/confiserie-adam.fr\/boutique\/wp-json\/wp\/v2\/product_cat?post=53122"},{"taxonomy":"product_tag","embeddable":true,"href":"https:\/\/confiserie-adam.fr\/boutique\/wp-json\/wp\/v2\/product_tag?post=53122"}],"curies":[{"name":"wp","href":"https:\/\/api.w.org\/{rel}","templated":true}]}}