{"id":51416,"date":"2025-11-05T10:43:32","date_gmt":"2025-11-05T09:43:32","guid":{"rendered":"https:\/\/confiserie-adam.fr\/boutique\/produit\/ballotin-pralines-sans-alcool-165g\/"},"modified":"2026-03-31T09:08:48","modified_gmt":"2026-03-31T07:08:48","slug":"ballotin-pralines-sans-alcool-165g","status":"publish","type":"product","link":"https:\/\/confiserie-adam.fr\/boutique\/produit\/ballotin-pralines-sans-alcool-165g\/","title":{"rendered":"Ballotin pralin\u00e9s (Sans Alcool) &#8211; 165g"},"content":{"rendered":"<p>Ballotins de bonbons de chocolat &#8211; 165g.<\/p>\n<p>&nbsp;<\/p>\n<p><strong>Confiserie Adam<\/strong><\/p>\n<p>Entreprise familiale qui a \u00e0 c\u0153ur ses clients. Vous offrir \u00e0 la fois le go\u00fbt, le plaisir gustatif et la qualit\u00e9.<\/p>\n<ul>\n<li>Fabrication fran\u00e7aise depuis 1912<\/li>\n<li>Entreprise du Patrimoine Vivant<\/li>\n<li>Ingr\u00e9dients de qualit\u00e9<\/li>\n<\/ul>\n<p>&nbsp;<\/p>\n<p><strong>Conseils de conservation<\/strong><\/p>\n<p>\u00c0 conserver \u00e0 l\u2019abri de la lumi\u00e8re et de l\u2019humidit\u00e9, dans un endroit frais et sec.<\/p>\n<p>&nbsp;<\/p>\n<p><strong><u>Ce produit contient<\/u><\/strong><\/p>\n<p>Assortiment de bonbons de chocolat<\/p>\n<p>Ingr\u00e9dients : sucre, masse de cacao, beurre de cacao, poudre de LAIT entier, NOISETTES, beurre p\u00e2tissier (LAIT), AMANDES, sirop de sucre inverti, p\u00e2te d&#8217;AMANDES (sucre, AMANDES, sirop de sucre inverti, eau, sirop de glucose, stabilisant : sorbitol, invertase), stabilisant : sorbitol, \u00e9corces d&#8217;oranges confites (\u00e9corces d&#8217;oranges, sirop de glucose-fructose, sucre, conservateur : SULFITES), stabilisant : glyc\u00e9rol, cr\u00e8me (LAIT), sirop de glucose, LAIT demi-\u00e9cr\u00e9m\u00e9, LACTOSE, noix de coco, \u00e9mulsifiant : l\u00e9cithines (SOJA, tournesol), poudre de cacao, \u00e9clats de cr\u00eape dentelle (farine de BLE, sucre, beurre concentr\u00e9 (LAIT), LAIT \u00e9cr\u00e9m\u00e9 en poudre, malt d&#8217;ORGE, sel), ar\u00f4mes, jus de citron vert (sirop de glucose, jus concentr\u00e9 de citron vert), \u00e9clats de NOISETTES caram\u00e9lis\u00e9es (NOISETTES, sucre, caramel (sucre, eau)), caf\u00e9, LAIT \u00e9cr\u00e9m\u00e9, lactos\u00e9rum (LAIT), sel, amidon, invertase, colorant : E100.<\/p>\n<p>Peut contenir des traces d&#8217;oeufs, d&#8217;arachides, de graines, de s\u00e9same et d&#8217;autres fruits \u00e0 coque.<\/p>\n","protected":false},"excerpt":{"rendered":"<p>Un ballotin d&#8217;assortiment de chocolats fondants, croquants et d\u00e9licieux : pralin\u00e9, caramel, fruits, etc.<\/p>\n","protected":false},"featured_media":54187,"comment_status":"open","ping_status":"closed","template":"","meta":[],"product_cat":[589,594,48,657,658],"product_tag":[],"_links":{"self":[{"href":"https:\/\/confiserie-adam.fr\/boutique\/wp-json\/wp\/v2\/product\/51416"}],"collection":[{"href":"https:\/\/confiserie-adam.fr\/boutique\/wp-json\/wp\/v2\/product"}],"about":[{"href":"https:\/\/confiserie-adam.fr\/boutique\/wp-json\/wp\/v2\/types\/product"}],"replies":[{"embeddable":true,"href":"https:\/\/confiserie-adam.fr\/boutique\/wp-json\/wp\/v2\/comments?post=51416"}],"wp:featuredmedia":[{"embeddable":true,"href":"https:\/\/confiserie-adam.fr\/boutique\/wp-json\/wp\/v2\/media\/54187"}],"wp:attachment":[{"href":"https:\/\/confiserie-adam.fr\/boutique\/wp-json\/wp\/v2\/media?parent=51416"}],"wp:term":[{"taxonomy":"product_cat","embeddable":true,"href":"https:\/\/confiserie-adam.fr\/boutique\/wp-json\/wp\/v2\/product_cat?post=51416"},{"taxonomy":"product_tag","embeddable":true,"href":"https:\/\/confiserie-adam.fr\/boutique\/wp-json\/wp\/v2\/product_tag?post=51416"}],"curies":[{"name":"wp","href":"https:\/\/api.w.org\/{rel}","templated":true}]}}