{"id":50746,"date":"2025-10-03T16:01:42","date_gmt":"2025-10-03T14:01:42","guid":{"rendered":"https:\/\/confiserie-adam.fr\/boutique\/produit\/bubbala-chocolat-noir\/"},"modified":"2026-04-23T08:58:00","modified_gmt":"2026-04-23T06:58:00","slug":"bubbala-chocolat-noir","status":"publish","type":"product","link":"https:\/\/confiserie-adam.fr\/boutique\/produit\/bubbala-chocolat-noir\/","title":{"rendered":"Bubbala \u2013 Chocolat noir"},"content":{"rendered":"<p>Bubbala &#8211; Chocolat noir &#8211; H 14,5 cm<\/p>\n<p>&nbsp;<\/p>\n<p><strong>Confiserie Adam<\/strong><\/p>\n<p>Entreprise familiale qui a \u00e0 c\u0153ur ses clients. Vous offrir \u00e0 la fois le go\u00fbt, le plaisir gustatif et la qualit\u00e9.<\/p>\n<ul>\n<li>Fabrication fran\u00e7aise depuis 1912<\/li>\n<li>Entreprise du Patrimoine Vivant<\/li>\n<li>Ingr\u00e9dients de qualit\u00e9<\/li>\n<\/ul>\n<p>&nbsp;<\/p>\n<p><strong>Conseils de conservation<\/strong><\/p>\n<p>\u00c0 conserver \u00e0 l\u2019abri de la lumi\u00e8re et de l\u2019humidit\u00e9, dans un endroit frais et sec.<\/p>\n<p>&nbsp;<\/p>\n<p><strong><u>Ce produit contient<\/u><\/strong><\/p>\n<p>Moulage au chocolat noir avec d\u00e9cor en vermicelles en chocolat noir<\/p>\n<p>Moulage chocolat noir<\/p>\n<p>Ingr\u00e9dients : masse de cacao, sucre, \u00e9mulsifiant : l\u00e9cithine de SOJA<\/p>\n<p>Vermicelles en chocolat noir<\/p>\n<p>Ingr\u00e9dients : sucre, masse de cacao, beurre de cacao, poudre de LAIT entier, mati\u00e8res grasses laiti\u00e8res (LAIT), ar\u00f4me naturel de vanille<\/p>\n<p>Peut contenir : fruits \u00e0 coque, gluten, oeuf, arachide<\/p>\n<p>Chocolat noir (moulage) : cacao 71% minimum<\/p>\n<p>Chocolat noir (vermicelle) : cacao 40% minimum<\/p>\n<p>Chocolat fabriqu\u00e9 en UE<\/p>\n<p>F\u00e8ves de cacao origine non UE<\/p>\n","protected":false},"excerpt":{"rendered":"<p>Chocolat noir avec vermicelles.<\/p>\n","protected":false},"featured_media":50869,"comment_status":"open","ping_status":"closed","template":"","meta":[],"product_cat":[589,592,48],"product_tag":[],"_links":{"self":[{"href":"https:\/\/confiserie-adam.fr\/boutique\/wp-json\/wp\/v2\/product\/50746"}],"collection":[{"href":"https:\/\/confiserie-adam.fr\/boutique\/wp-json\/wp\/v2\/product"}],"about":[{"href":"https:\/\/confiserie-adam.fr\/boutique\/wp-json\/wp\/v2\/types\/product"}],"replies":[{"embeddable":true,"href":"https:\/\/confiserie-adam.fr\/boutique\/wp-json\/wp\/v2\/comments?post=50746"}],"wp:featuredmedia":[{"embeddable":true,"href":"https:\/\/confiserie-adam.fr\/boutique\/wp-json\/wp\/v2\/media\/50869"}],"wp:attachment":[{"href":"https:\/\/confiserie-adam.fr\/boutique\/wp-json\/wp\/v2\/media?parent=50746"}],"wp:term":[{"taxonomy":"product_cat","embeddable":true,"href":"https:\/\/confiserie-adam.fr\/boutique\/wp-json\/wp\/v2\/product_cat?post=50746"},{"taxonomy":"product_tag","embeddable":true,"href":"https:\/\/confiserie-adam.fr\/boutique\/wp-json\/wp\/v2\/product_tag?post=50746"}],"curies":[{"name":"wp","href":"https:\/\/api.w.org\/{rel}","templated":true}]}}