{"id":503,"date":"2020-02-24T23:44:35","date_gmt":"2020-02-24T22:44:35","guid":{"rendered":"https:\/\/confiserie-adam.fr\/boutique\/produit\/amande-chocolat-cannelle-hansi\/"},"modified":"2026-03-28T08:33:18","modified_gmt":"2026-03-28T07:33:18","slug":"amande-chocolat-cannelle-hansi","status":"publish","type":"product","link":"https:\/\/confiserie-adam.fr\/boutique\/produit\/amande-chocolat-cannelle-hansi\/","title":{"rendered":"Amande chocolat cannelle &#8211; Hansi"},"content":{"rendered":"<p>Amande grill\u00e9e enrob\u00e9e de chocolat noir saveur cannelle. saupoudr\u00e9es de poudre de cacao<\/p>\n<p>&nbsp;<\/p>\n<p>&nbsp;<\/p>\n<p><strong>Ingr\u00e9dients principaux :<\/strong><\/p>\n<ul>\n<li>Amande qualit\u00e9 sup\u00e9rieure<\/li>\n<li>Chocolat saveur cannelle<\/li>\n<\/ul>\n<p>&nbsp;<\/p>\n<p><strong>Confiserie Adam<\/strong><\/p>\n<p>Entreprise familiale qui a \u00e0 c\u0153ur ses clients. Vous offrir \u00e0 la fois le go\u00fbt, le plaisir gustatif et la qualit\u00e9.<\/p>\n<ul>\n<li>Fabrication fran\u00e7aise depuis 1912<\/li>\n<li>Entreprise du Patrimoine Vivant<\/li>\n<li>Ingr\u00e9dients de qualit\u00e9<\/li>\n<\/ul>\n<p>&nbsp;<\/p>\n<p><strong>Conseils de conservation<\/strong><\/p>\n<p>A conserver \u00e0 l\u2019abri de la lumi\u00e8re et de l\u2019humidit\u00e9, dans un endroit frais et sec.<\/p>\n<p>&nbsp;<\/p>\n<p><strong><u>Ce produit contient <\/u><\/strong><\/p>\n<p>Ingr\u00e9dients : chocolat noir 65% (cacao 54% minimum)(masse et beurre de cacao, sucre, \u00e9mulsifiant : l\u00e9cithine de SOJA), AMANDE grill\u00e9e 32%, vernissage (sirop de glucose, sucre, agents d&#8217;enrobage : E904, gomme d&#8217;acacia), ar\u00f4me. Peut contenir d&#8217;autres fruits \u00e0 coque, gluten, oeuf, arachides, lait<\/p>\n","protected":false},"excerpt":{"rendered":"<p>Une amande emprisonn\u00e9e sous un chocolat saveur cannelle. La tradition alsacienne en une bouch\u00e9e !<\/p>\n<p>&nbsp;<\/p>\n","protected":false},"featured_media":54118,"comment_status":"open","ping_status":"closed","template":"","meta":[],"product_cat":[645,651,650,27,34],"product_tag":[],"_links":{"self":[{"href":"https:\/\/confiserie-adam.fr\/boutique\/wp-json\/wp\/v2\/product\/503"}],"collection":[{"href":"https:\/\/confiserie-adam.fr\/boutique\/wp-json\/wp\/v2\/product"}],"about":[{"href":"https:\/\/confiserie-adam.fr\/boutique\/wp-json\/wp\/v2\/types\/product"}],"replies":[{"embeddable":true,"href":"https:\/\/confiserie-adam.fr\/boutique\/wp-json\/wp\/v2\/comments?post=503"}],"wp:featuredmedia":[{"embeddable":true,"href":"https:\/\/confiserie-adam.fr\/boutique\/wp-json\/wp\/v2\/media\/54118"}],"wp:attachment":[{"href":"https:\/\/confiserie-adam.fr\/boutique\/wp-json\/wp\/v2\/media?parent=503"}],"wp:term":[{"taxonomy":"product_cat","embeddable":true,"href":"https:\/\/confiserie-adam.fr\/boutique\/wp-json\/wp\/v2\/product_cat?post=503"},{"taxonomy":"product_tag","embeddable":true,"href":"https:\/\/confiserie-adam.fr\/boutique\/wp-json\/wp\/v2\/product_tag?post=503"}],"curies":[{"name":"wp","href":"https:\/\/api.w.org\/{rel}","templated":true}]}}