{"id":499,"date":"2020-02-24T23:44:24","date_gmt":"2020-02-24T22:44:24","guid":{"rendered":"https:\/\/confiserie-adam.fr\/boutique\/produit\/raisins-maceres-marc-de-gewurtzraminer-quetsche-hansi\/"},"modified":"2026-04-10T16:43:26","modified_gmt":"2026-04-10T14:43:26","slug":"raisins-maceres-marc-de-gewurtzraminer-quetsche-hansi","status":"publish","type":"product","link":"https:\/\/confiserie-adam.fr\/boutique\/produit\/raisins-maceres-marc-de-gewurtzraminer-quetsche-hansi\/","title":{"rendered":"Raisins mac\u00e9r\u00e9s marc de Gewurtzraminer &#038; Quetsche &#8211; Hansi"},"content":{"rendered":"<p>Raisins mac\u00e9r\u00e9s marc de Gewurtztraminer et Quetsche enrob\u00e9s de chocolat.<\/p>\n<p>&nbsp;<\/p>\n<p><strong>Ingr\u00e9dients principaux :<\/strong><\/p>\n<ul>\n<li>Raisins mac\u00e9r\u00e9s<\/li>\n<li>Chocolat<\/li>\n<\/ul>\n<p>&nbsp;<\/p>\n<p><strong>Confiserie Adam<\/strong><\/p>\n<p>Entreprise familiale qui a \u00e0 c\u0153ur ses clients. Vous offrir \u00e0 la fois le go\u00fbt, le plaisir gustatif et la qualit\u00e9.<\/p>\n<ul>\n<li>Fabrication fran\u00e7aise depuis 1912<\/li>\n<li>Entreprise du Patrimoine Vivant<\/li>\n<li>Ingr\u00e9dients de qualit\u00e9<\/li>\n<\/ul>\n<p>&nbsp;<\/p>\n<p><strong>Conseils de conservation<\/strong><\/p>\n<p>A conserver \u00e0 l\u2019abri de la lumi\u00e8re et de l\u2019humidit\u00e9, dans un endroit frais et sec.<\/p>\n<p>&nbsp;<\/p>\n<p><strong><u>Ce produit contient <\/u><\/strong><\/p>\n<p>Raisin sec mac\u00e9r\u00e9 au marc de Gewurztraminer ou \u00e0 l&#8217;eau de vie de quetsche et enrob\u00e9 de chocolat blanc aromatis\u00e9<\/p>\n<p>Ingr\u00e9dients : Chocolat blanc 74% (cacao 26% minimum) (sucre, beurre de cacao, poudre de LAIT entier, poudre de LACTOSERUM, \u00e9mulsifiants : l\u00e9cithine de SOJA, E476, ar\u00f4me naturel de vanille), raisins secs 16% (raisins, huile v\u00e9g\u00e9tale (graine de coton, tournesol ou colza)), sucre glace (sucre, amidon de pomme de terre), sucre, vernissage (sirop de glucose, sucre, agents d&#8217;enrobage : E904, gomme d&#8217;acacia), eau de vie de quetsche 0,7%, Marc de Gewurztraminer 0,7%, ar\u00f4mes, colorants : E100, E120, E132. Peut contenir : fruits \u00e0 coque, gluten, oeufs, arachides.<\/p>\n","protected":false},"excerpt":{"rendered":"<p>Des raisins mac\u00e9r\u00e9s enrob\u00e9s de chocolat. Pour les amateurs du terroir alsacien.<\/p>\n","protected":false},"featured_media":543,"comment_status":"open","ping_status":"closed","template":"","meta":[],"product_cat":[589,593,27,34],"product_tag":[],"_links":{"self":[{"href":"https:\/\/confiserie-adam.fr\/boutique\/wp-json\/wp\/v2\/product\/499"}],"collection":[{"href":"https:\/\/confiserie-adam.fr\/boutique\/wp-json\/wp\/v2\/product"}],"about":[{"href":"https:\/\/confiserie-adam.fr\/boutique\/wp-json\/wp\/v2\/types\/product"}],"replies":[{"embeddable":true,"href":"https:\/\/confiserie-adam.fr\/boutique\/wp-json\/wp\/v2\/comments?post=499"}],"wp:featuredmedia":[{"embeddable":true,"href":"https:\/\/confiserie-adam.fr\/boutique\/wp-json\/wp\/v2\/media\/543"}],"wp:attachment":[{"href":"https:\/\/confiserie-adam.fr\/boutique\/wp-json\/wp\/v2\/media?parent=499"}],"wp:term":[{"taxonomy":"product_cat","embeddable":true,"href":"https:\/\/confiserie-adam.fr\/boutique\/wp-json\/wp\/v2\/product_cat?post=499"},{"taxonomy":"product_tag","embeddable":true,"href":"https:\/\/confiserie-adam.fr\/boutique\/wp-json\/wp\/v2\/product_tag?post=499"}],"curies":[{"name":"wp","href":"https:\/\/api.w.org\/{rel}","templated":true}]}}