{"id":498,"date":"2020-02-24T23:44:21","date_gmt":"2020-02-24T22:44:21","guid":{"rendered":"https:\/\/confiserie-adam.fr\/boutique\/produit\/raisins-maceres-eau-de-vie-framboise-poire-hansi\/"},"modified":"2026-03-28T08:33:11","modified_gmt":"2026-03-28T07:33:11","slug":"raisins-maceres-eau-de-vie-framboise-poire-hansi","status":"publish","type":"product","link":"https:\/\/confiserie-adam.fr\/boutique\/produit\/raisins-maceres-eau-de-vie-framboise-poire-hansi\/","title":{"rendered":"Raisins mac\u00e9r\u00e9s eau de vie Framboise &#038; Poire &#8211; Hansi"},"content":{"rendered":"<p>Raisins mac\u00e9r\u00e9s eau de vie Framboise et Poire enrob\u00e9s de chocolat.<\/p>\n<p>&nbsp;<\/p>\n<p><strong>Ingr\u00e9dients principaux :<\/strong><\/p>\n<ul>\n<li>Raisins mac\u00e9r\u00e9s<\/li>\n<li>Chocolat<\/li>\n<\/ul>\n<p>&nbsp;<\/p>\n<p><strong>Confiserie Adam<\/strong><\/p>\n<p>Entreprise familiale qui a \u00e0 c\u0153ur ses clients. Vous offrir \u00e0 la fois le go\u00fbt, le plaisir gustatif et la qualit\u00e9.<\/p>\n<ul>\n<li>Fabrication fran\u00e7aise depuis 1912<\/li>\n<li>Entreprise du Patrimoine Vivant<\/li>\n<li>Ingr\u00e9dients de qualit\u00e9<\/li>\n<\/ul>\n<p>&nbsp;<\/p>\n<p><strong>Conseils de conservation<\/strong><\/p>\n<p>A conserver \u00e0 l\u2019abri de la lumi\u00e8re et de l\u2019humidit\u00e9, dans un endroit frais et sec.<\/p>\n<p>&nbsp;<\/p>\n<p><strong><u>Ce produit contient <\/u><\/strong><\/p>\n<p>Raisin sec mac\u00e9r\u00e9 \u00e0 l\u2019eau de vie de framboise ou poire William et enrob\u00e9 de chocolat blanc aromatis\u00e9 saveur framboise ou poire<\/p>\n<p>Ingr\u00e9dients : Chocolat blanc 73% (cacao 26% min.)(sucre, beurre de cacao, poudre de LAIT entier, poudre de LACTOSERUM, \u00e9mulsifiants : l\u00e9cithine de SOJA, E476, ar\u00f4me), raisins secs 16% (raisins, huile v\u00e9g\u00e9tale (graine de coton, tournesol ou colza)), sucre glace (sucre, amidon de pomme de terre), sucre, vernissage (sirop de glucose, sucre, agents d&#8217;enrobage : E904, gomme d&#8217;acacia), eau de vie de framboise 0,7%, eau de vie de poire William 0,7%, ar\u00f4mes, colorants : E129, E141. Peut contenir : fruits \u00e0 coque, gluten, oeufs, arachides. E129 : peut avoir des effets ind\u00e9sirables sur l&#8217;activit\u00e9 et l&#8217;attention chez les enfants.<\/p>\n","protected":false},"excerpt":{"rendered":"<p>Des raisins mac\u00e9r\u00e9s enrob\u00e9s de chocolat. Pour les amateurs du terroir alsacien.<\/p>\n","protected":false},"featured_media":545,"comment_status":"open","ping_status":"closed","template":"","meta":[],"product_cat":[589,593,27,34],"product_tag":[],"_links":{"self":[{"href":"https:\/\/confiserie-adam.fr\/boutique\/wp-json\/wp\/v2\/product\/498"}],"collection":[{"href":"https:\/\/confiserie-adam.fr\/boutique\/wp-json\/wp\/v2\/product"}],"about":[{"href":"https:\/\/confiserie-adam.fr\/boutique\/wp-json\/wp\/v2\/types\/product"}],"replies":[{"embeddable":true,"href":"https:\/\/confiserie-adam.fr\/boutique\/wp-json\/wp\/v2\/comments?post=498"}],"wp:featuredmedia":[{"embeddable":true,"href":"https:\/\/confiserie-adam.fr\/boutique\/wp-json\/wp\/v2\/media\/545"}],"wp:attachment":[{"href":"https:\/\/confiserie-adam.fr\/boutique\/wp-json\/wp\/v2\/media?parent=498"}],"wp:term":[{"taxonomy":"product_cat","embeddable":true,"href":"https:\/\/confiserie-adam.fr\/boutique\/wp-json\/wp\/v2\/product_cat?post=498"},{"taxonomy":"product_tag","embeddable":true,"href":"https:\/\/confiserie-adam.fr\/boutique\/wp-json\/wp\/v2\/product_tag?post=498"}],"curies":[{"name":"wp","href":"https:\/\/api.w.org\/{rel}","templated":true}]}}