{"id":495,"date":"2020-02-24T23:44:12","date_gmt":"2020-02-24T22:44:12","guid":{"rendered":"https:\/\/confiserie-adam.fr\/boutique\/produit\/bonbons-myrtille-framboise-hansi\/"},"modified":"2026-04-11T11:33:56","modified_gmt":"2026-04-11T09:33:56","slug":"bonbons-myrtille-framboise-hansi","status":"publish","type":"product","link":"https:\/\/confiserie-adam.fr\/boutique\/produit\/bonbons-myrtille-framboise-hansi\/","title":{"rendered":"Bonbons Myrtille Framboise &#8211; Hansi"},"content":{"rendered":"<p>Bonbons saveurs myrtille et framboise.<\/p>\n<p>&nbsp;<\/p>\n<p><strong>Confiserie Adam<\/strong><\/p>\n<p>Entreprise familiale qui a \u00e0 c\u0153ur ses clients. Vous offrir \u00e0 la fois le go\u00fbt, le plaisir gustatif et la qualit\u00e9.<\/p>\n<ul>\n<li>Fabrication fran\u00e7aise depuis 1912<\/li>\n<li>Entreprise du Patrimoine Vivant<\/li>\n<li>Ingr\u00e9dients de qualit\u00e9<\/li>\n<\/ul>\n<p>&nbsp;<\/p>\n<p><strong>Conseils de conservation<\/strong><\/p>\n<p>A conserver \u00e0 l\u2019abri de la lumi\u00e8re et de l\u2019humidit\u00e9, dans un endroit frais et sec.<\/p>\n<p>&nbsp;<\/p>\n<p><strong><u>Ce produit contient<\/u><\/strong><\/p>\n<p>Billes g\u00e9lifi\u00e9es saveur myrtille ou framboise, drag\u00e9ifi\u00e9es<\/p>\n<p>Ingr\u00e9dients : Sucre (betteraves origine UE), pulpe de pomme, sirop de glucose, pulpe d&#8217;abricot, g\u00e9lifiants (pectine, g\u00e9latine), amidon de riz, stabilisant : gomme d&#8217;acacia, acidifiant : acie citrique, f\u00e9cule de pomme de terre, agents d&#8217;enrobage (cire d&#8217;abeille blanche et jaune, cire de carnauba, shellac), ar\u00f4mes naturels, colorants (noir brillant BN, carmins)<\/p>\n<p>Peut contenir : fruits \u00e0 coque, gluten, arachides, oeuf, lait, soja, s\u00e9same.<\/p>\n","protected":false},"excerpt":{"rendered":"<p>De d\u00e9licieux petits bonbons.<\/p>\n","protected":false},"featured_media":533,"comment_status":"open","ping_status":"closed","template":"","meta":[],"product_cat":[584,589,593,656,15,31,27,34],"product_tag":[],"_links":{"self":[{"href":"https:\/\/confiserie-adam.fr\/boutique\/wp-json\/wp\/v2\/product\/495"}],"collection":[{"href":"https:\/\/confiserie-adam.fr\/boutique\/wp-json\/wp\/v2\/product"}],"about":[{"href":"https:\/\/confiserie-adam.fr\/boutique\/wp-json\/wp\/v2\/types\/product"}],"replies":[{"embeddable":true,"href":"https:\/\/confiserie-adam.fr\/boutique\/wp-json\/wp\/v2\/comments?post=495"}],"wp:featuredmedia":[{"embeddable":true,"href":"https:\/\/confiserie-adam.fr\/boutique\/wp-json\/wp\/v2\/media\/533"}],"wp:attachment":[{"href":"https:\/\/confiserie-adam.fr\/boutique\/wp-json\/wp\/v2\/media?parent=495"}],"wp:term":[{"taxonomy":"product_cat","embeddable":true,"href":"https:\/\/confiserie-adam.fr\/boutique\/wp-json\/wp\/v2\/product_cat?post=495"},{"taxonomy":"product_tag","embeddable":true,"href":"https:\/\/confiserie-adam.fr\/boutique\/wp-json\/wp\/v2\/product_tag?post=495"}],"curies":[{"name":"wp","href":"https:\/\/api.w.org\/{rel}","templated":true}]}}