{"id":492,"date":"2020-02-24T23:44:05","date_gmt":"2020-02-24T22:44:05","guid":{"rendered":"https:\/\/confiserie-adam.fr\/boutique\/produit\/cereale-chocolat-au-lait-bio\/"},"modified":"2026-04-23T08:53:26","modified_gmt":"2026-04-23T06:53:26","slug":"cereale-chocolat-au-lait-bio","status":"publish","type":"product","link":"https:\/\/confiserie-adam.fr\/boutique\/produit\/cereale-chocolat-au-lait-bio\/","title":{"rendered":"C\u00e9r\u00e9ale chocolat au lait Bio"},"content":{"rendered":"<p>C\u00e9r\u00e9ale enrob\u00e9e de chocolat au lait Bio.<\/p>\n<p>&nbsp;<\/p>\n<p><strong>Ingr\u00e9dients principaux :<\/strong><\/p>\n<ul>\n<li>C\u00e9r\u00e9ale croustillante<\/li>\n<li>Chocolat au lait s\u00e9lectionn\u00e9 pour ses qualit\u00e9s gustatives<\/li>\n<\/ul>\n<p>&nbsp;<\/p>\n<p><strong>La certification Agriculture Biologique <\/strong><\/p>\n<p>Les gourmandises Confiserie Adam sont certifi\u00e9es agriculture biologique.<\/p>\n<p>Nous s\u00e9lectionnons avec soin nos mati\u00e8res premi\u00e8res pour vous offrir le meilleur<\/p>\n<p>&nbsp;<\/p>\n<p><strong>Confiserie Adam<\/strong><\/p>\n<p>Entreprise familiale qui a \u00e0 c\u0153ur ses clients. Vous offrir \u00e0 la fois le go\u00fbt, le plaisir gustatif et la qualit\u00e9.<\/p>\n<ul>\n<li>Fabrication fran\u00e7aise depuis 1912<\/li>\n<li>Entreprise du Patrimoine Vivant<\/li>\n<li>Ingr\u00e9dients de qualit\u00e9<\/li>\n<\/ul>\n<p>&nbsp;<\/p>\n<p><strong>Conseils de conservation<\/strong><\/p>\n<p>A conserver \u00e0 l\u2019abri de la lumi\u00e8re et de l\u2019humidit\u00e9, dans un endroit frais et sec.<\/p>\n<p>&nbsp;<\/p>\n<p><strong><u>Ce produit contient <\/u><\/strong><\/p>\n<p>Boule de c\u00e9r\u00e9ales (riz et ma\u00efs) souffl\u00e9e go\u00fbt de chocolat enrob\u00e9e de chocolat au lait<\/p>\n<p>Ingr\u00e9dients : chocolat au LAIT 74% (cacao 39% minimum) (sucre*, beurre de cacao*, LAIT entier en poudre*, masse de cacao*, poudre de vanille*), boules de riz et ma\u00efs souffl\u00e9s go\u00fbt de chocolat* 24% (c\u00e9r\u00e9ales* 19% (riz* complet, ma\u00efs*, son de riz*), chocolat* en poudre 3% (sucre de canne*, cacao en poudre*), chocolat* 1% (sucre de canne*, p\u00e2te de cacao*, beurre de cacao*), sirop de riz*, cacao* en poudre, sucre de canne*, extrait de vanille*, sel de mer), agent d&#8217;enrobage* (gomme d&#8217;acacia*, saccharose*, miel*)<\/p>\n<p>Peut contenir : fruits \u00e0 coque, gluten, \u0153uf, arachides, soja.<\/p>\n<p>*Produit issu de l&#8217;agriculture biologique &#8211; Certifi\u00e9 par FR-BIO-01<\/p>\n","protected":false},"excerpt":{"rendered":"<p>Une croustillante c\u00e9r\u00e9ale enrob\u00e9e d&#8217;un chocolat au lait fondant. Une gourmandise \u00e0 croquer !<\/p>\n","protected":false},"featured_media":39172,"comment_status":"open","ping_status":"closed","template":"","meta":[],"product_cat":[645,649,589,591,48,660,28,39],"product_tag":[],"_links":{"self":[{"href":"https:\/\/confiserie-adam.fr\/boutique\/wp-json\/wp\/v2\/product\/492"}],"collection":[{"href":"https:\/\/confiserie-adam.fr\/boutique\/wp-json\/wp\/v2\/product"}],"about":[{"href":"https:\/\/confiserie-adam.fr\/boutique\/wp-json\/wp\/v2\/types\/product"}],"replies":[{"embeddable":true,"href":"https:\/\/confiserie-adam.fr\/boutique\/wp-json\/wp\/v2\/comments?post=492"}],"wp:featuredmedia":[{"embeddable":true,"href":"https:\/\/confiserie-adam.fr\/boutique\/wp-json\/wp\/v2\/media\/39172"}],"wp:attachment":[{"href":"https:\/\/confiserie-adam.fr\/boutique\/wp-json\/wp\/v2\/media?parent=492"}],"wp:term":[{"taxonomy":"product_cat","embeddable":true,"href":"https:\/\/confiserie-adam.fr\/boutique\/wp-json\/wp\/v2\/product_cat?post=492"},{"taxonomy":"product_tag","embeddable":true,"href":"https:\/\/confiserie-adam.fr\/boutique\/wp-json\/wp\/v2\/product_tag?post=492"}],"curies":[{"name":"wp","href":"https:\/\/api.w.org\/{rel}","templated":true}]}}