{"id":491,"date":"2020-02-24T23:44:03","date_gmt":"2020-02-24T22:44:03","guid":{"rendered":"https:\/\/confiserie-adam.fr\/boutique\/produit\/cereale-chocolat-noir-bio\/"},"modified":"2026-04-14T18:05:55","modified_gmt":"2026-04-14T16:05:55","slug":"cereale-chocolat-noir-bio","status":"publish","type":"product","link":"https:\/\/confiserie-adam.fr\/boutique\/produit\/cereale-chocolat-noir-bio\/","title":{"rendered":"C\u00e9r\u00e9ale chocolat noir Bio"},"content":{"rendered":"<p>C\u00e9r\u00e9ale enrob\u00e9e de chocolat noir Bio.<\/p>\n<p>&nbsp;<\/p>\n<p><strong>Ingr\u00e9dients principaux :<\/strong><\/p>\n<ul>\n<li>C\u00e9r\u00e9ale croustillante<\/li>\n<li>Chocolat noir s\u00e9lectionn\u00e9 pour ses qualit\u00e9s gustatives<\/li>\n<\/ul>\n<p>&nbsp;<\/p>\n<p><strong>La certification Agriculture Biologique <\/strong><\/p>\n<p>Les gourmandises Confiserie Adam sont certifi\u00e9es agriculture biologique.<\/p>\n<p>Nous s\u00e9lectionnons avec soin nos mati\u00e8res premi\u00e8res pour vous offrir le meilleur<\/p>\n<p>&nbsp;<\/p>\n<p><strong>Confiserie Adam<\/strong><\/p>\n<p>Entreprise familiale qui a \u00e0 c\u0153ur ses clients. Vous offrir \u00e0 la fois le go\u00fbt, le plaisir gustatif et la qualit\u00e9.<\/p>\n<ul>\n<li>Fabrication fran\u00e7aise depuis 1912<\/li>\n<li>Entreprise du Patrimoine Vivant<\/li>\n<li>Ingr\u00e9dients de qualit\u00e9<\/li>\n<\/ul>\n<p>&nbsp;<\/p>\n<p><strong>Conseils de conservation<\/strong><\/p>\n<p>A conserver \u00e0 l\u2019abri de la lumi\u00e8re et de l\u2019humidit\u00e9, dans un endroit frais et sec.<\/p>\n<p>&nbsp;<\/p>\n<p><strong><u>Ce produit contient <\/u><\/strong><\/p>\n<p>Certifi\u00e9 par FR-BIO-01 &#8211; Boule de c\u00e9r\u00e9ales (riz et ma\u00efs) souffl\u00e9e go\u00fbt de chocolat enrob\u00e9e de chocolat noir<\/p>\n<p>Ingr\u00e9dients : chocolat noir* 74% (cacao 74% minimum) (masse de cacao*, sucre*, beurre de cacao*, vanille en poudre*), boules de riz et ma\u00efs souffl\u00e9es go\u00fbt de chocolat* 24% (c\u00e9r\u00e9ales* 16% (riz*, ma\u00efs*), chocolat en poudre* 3% (sucre de canne*, cacao en poudre*), sucre de canne*, chocolat* 1% (sucre de canne*, p\u00e2te de cacao*, beurre de cacao*), extrait de vanille*, sel de mer), agent d&#8217;enrobage* (gomme d&#8217;acacia*, saccharose*, miel*). Peut contenir : fruits \u00e0 coque, gluten, oeuf, lait, arachides, soja, graines de s\u00e9same. *Produit issu de l&#8217;agriculture biologique.<\/p>\n","protected":false},"excerpt":{"rendered":"<p>Une croustillante c\u00e9r\u00e9ale enrob\u00e9e d&#8217;un chocolat noir fondant. Une gourmandise \u00e0 croquer !<\/p>\n","protected":false},"featured_media":39173,"comment_status":"open","ping_status":"closed","template":"","meta":[],"product_cat":[589,591,48,660,28,39],"product_tag":[],"_links":{"self":[{"href":"https:\/\/confiserie-adam.fr\/boutique\/wp-json\/wp\/v2\/product\/491"}],"collection":[{"href":"https:\/\/confiserie-adam.fr\/boutique\/wp-json\/wp\/v2\/product"}],"about":[{"href":"https:\/\/confiserie-adam.fr\/boutique\/wp-json\/wp\/v2\/types\/product"}],"replies":[{"embeddable":true,"href":"https:\/\/confiserie-adam.fr\/boutique\/wp-json\/wp\/v2\/comments?post=491"}],"wp:featuredmedia":[{"embeddable":true,"href":"https:\/\/confiserie-adam.fr\/boutique\/wp-json\/wp\/v2\/media\/39173"}],"wp:attachment":[{"href":"https:\/\/confiserie-adam.fr\/boutique\/wp-json\/wp\/v2\/media?parent=491"}],"wp:term":[{"taxonomy":"product_cat","embeddable":true,"href":"https:\/\/confiserie-adam.fr\/boutique\/wp-json\/wp\/v2\/product_cat?post=491"},{"taxonomy":"product_tag","embeddable":true,"href":"https:\/\/confiserie-adam.fr\/boutique\/wp-json\/wp\/v2\/product_tag?post=491"}],"curies":[{"name":"wp","href":"https:\/\/api.w.org\/{rel}","templated":true}]}}