{"id":490,"date":"2020-02-24T23:43:59","date_gmt":"2020-02-24T22:43:59","guid":{"rendered":"https:\/\/confiserie-adam.fr\/boutique\/produit\/pralissimo-bio\/"},"modified":"2026-04-10T18:39:35","modified_gmt":"2026-04-10T16:39:35","slug":"pralissimo-amande-grillee-praline-bio","status":"publish","type":"product","link":"https:\/\/confiserie-adam.fr\/boutique\/produit\/pralissimo-amande-grillee-praline-bio\/","title":{"rendered":"Pralissimo \u2013 Amande grill\u00e9e pralin\u00e9 Bio"},"content":{"rendered":"<p>Amande enrob\u00e9e de chocolat pralin\u00e9 Bio.<\/p>\n<p>&nbsp;<\/p>\n<p><strong>Ingr\u00e9dients principaux :<\/strong><\/p>\n<ul>\n<li>Amande de qualit\u00e9 sup\u00e9rieure<\/li>\n<li>Pralin\u00e9 fondant<\/li>\n<\/ul>\n<p>&nbsp;<\/p>\n<p><strong>La certification Agriculture Biologique <\/strong><\/p>\n<p>Les gourmandises Confiserie Adam sont certifi\u00e9es agriculture biologique.<\/p>\n<p>Nous s\u00e9lectionnons avec soin nos mati\u00e8res premi\u00e8res pour vous offrir le meilleur<\/p>\n<p>&nbsp;<\/p>\n<p><strong>Confiserie Adam<\/strong><\/p>\n<p>Entreprise familiale qui a \u00e0 c\u0153ur ses clients. Vous offrir \u00e0 la fois le go\u00fbt, le plaisir gustatif et la qualit\u00e9.<\/p>\n<ul>\n<li>Fabrication fran\u00e7aise depuis 1912<\/li>\n<li>Entreprise du Patrimoine Vivant<\/li>\n<li>Ingr\u00e9dients de qualit\u00e9<\/li>\n<\/ul>\n<p>&nbsp;<\/p>\n<p><strong>Conseils de conservation<\/strong><\/p>\n<p>\u00c0 conserver \u00e0 l\u2019abri de la lumi\u00e8re et de l\u2019humidit\u00e9, dans un endroit frais et sec.<\/p>\n<p>&nbsp;<\/p>\n<p><strong><u>Ce produit contient <\/u><\/strong><\/p>\n<p>Certifi\u00e9 par FR-BIO-01 &#8211; Amande grill\u00e9e enrob\u00e9e de chocolat noir et de p\u00e2te de pralin\u00e9 noisette chocolat, sous une pellicule de sucre<\/p>\n<p>Ingr\u00e9dients : sucre*, chocolat noir* 23% (cacao 74% minimum) (masse de cacao*, sucre*, beurre de cacao*, vanille en poudre*), p\u00e2te de pralin\u00e9 noisette chocolat* 23% (sucre de canne*, NOISETTES d\u00e9cortiqu\u00e9es*, masse de cacao*, beurre de cacao*), AMANDES grill\u00e9es 17%, gomme arabique*<\/p>\n<p>Peut contenir d&#8217;autres fruits \u00e0 coque, gluten, \u0153uf, arachides, soja, lait<\/p>\n<p>*Produit issu de l&#8217;agriculture biologique &#8211; Certifi\u00e9 par FR-BIO-01<\/p>\n","protected":false},"excerpt":{"rendered":"<p>Une amande enrob\u00e9e d&#8217;un pralin\u00e9 fondant. Une d\u00e9licieuse gourmandise croquante et fondante.<\/p>\n","protected":false},"featured_media":46277,"comment_status":"open","ping_status":"closed","template":"","meta":[],"product_cat":[589,591,48,660,28,37,39,30,697],"product_tag":[],"_links":{"self":[{"href":"https:\/\/confiserie-adam.fr\/boutique\/wp-json\/wp\/v2\/product\/490"}],"collection":[{"href":"https:\/\/confiserie-adam.fr\/boutique\/wp-json\/wp\/v2\/product"}],"about":[{"href":"https:\/\/confiserie-adam.fr\/boutique\/wp-json\/wp\/v2\/types\/product"}],"replies":[{"embeddable":true,"href":"https:\/\/confiserie-adam.fr\/boutique\/wp-json\/wp\/v2\/comments?post=490"}],"wp:featuredmedia":[{"embeddable":true,"href":"https:\/\/confiserie-adam.fr\/boutique\/wp-json\/wp\/v2\/media\/46277"}],"wp:attachment":[{"href":"https:\/\/confiserie-adam.fr\/boutique\/wp-json\/wp\/v2\/media?parent=490"}],"wp:term":[{"taxonomy":"product_cat","embeddable":true,"href":"https:\/\/confiserie-adam.fr\/boutique\/wp-json\/wp\/v2\/product_cat?post=490"},{"taxonomy":"product_tag","embeddable":true,"href":"https:\/\/confiserie-adam.fr\/boutique\/wp-json\/wp\/v2\/product_tag?post=490"}],"curies":[{"name":"wp","href":"https:\/\/api.w.org\/{rel}","templated":true}]}}