{"id":487,"date":"2020-02-24T23:43:51","date_gmt":"2020-02-24T22:43:51","guid":{"rendered":"https:\/\/confiserie-adam.fr\/boutique\/produit\/noisette-chocolat-au-lait-bio\/"},"modified":"2026-04-04T15:22:22","modified_gmt":"2026-04-04T13:22:22","slug":"noisette-chocolat-au-lait-bio","status":"publish","type":"product","link":"https:\/\/confiserie-adam.fr\/boutique\/produit\/noisette-chocolat-au-lait-bio\/","title":{"rendered":"Noisette chocolat au lait Bio"},"content":{"rendered":"<p>Noisette enrob\u00e9e de chocolat au lait Bio<\/p>\n<p>&nbsp;<\/p>\n<p><strong>Ingr\u00e9dients principaux :<\/strong><\/p>\n<ul>\n<li>Noisette Bio qualit\u00e9 sup\u00e9rieure<\/li>\n<li>Chocolat au lait s\u00e9lectionn\u00e9 pour ses qualit\u00e9s gustatives<\/li>\n<\/ul>\n<p>&nbsp;<\/p>\n<p><strong>La certification Agriculture Biologique <\/strong><\/p>\n<p>Les gourmandises Confiserie Adam sont certifi\u00e9es agriculture biologique.<\/p>\n<p>Nous s\u00e9lectionnons avec soin nos mati\u00e8res premi\u00e8res pour vous offrir le meilleur<\/p>\n<p>&nbsp;<\/p>\n<p><strong>Confiserie Adam<\/strong><\/p>\n<p>Entreprise familiale qui a \u00e0 c\u0153ur ses clients. Vous offrir \u00e0 la fois le go\u00fbt, le plaisir gustatif et la qualit\u00e9.<\/p>\n<ul>\n<li>Fabrication fran\u00e7aise depuis 1912<\/li>\n<li>Entreprise du Patrimoine Vivant<\/li>\n<li>Ingr\u00e9dients de qualit\u00e9<\/li>\n<\/ul>\n<p>&nbsp;<\/p>\n<p><strong>Conseils de conservation<\/strong><\/p>\n<p>A conserver \u00e0 l\u2019abri de la lumi\u00e8re et de l\u2019humidit\u00e9, dans un endroit frais et sec.<\/p>\n<p>&nbsp;<\/p>\n<p><strong><u>Ce produit contient <\/u><\/strong><\/p>\n<p>Certifi\u00e9 par FR-BIO-01 &#8211; Noisette grill\u00e9e enrob\u00e9e de chocolat au lait<\/p>\n<p>Ingr\u00e9dients : chocolat au LAIT* 66% (cacao 39% minimum) (sucre*, beurre de cacao*, LAIT entier en poudre*, masse de cacao*, poudre de vanille*), NOISETTE grill\u00e9e* 33% , agent d&#8217;enrobage* (gomme d&#8217;acacia*, saccharose*, miel*). Peut contenir d&#8217;autres fruits \u00e0 coque, gluten, oeuf, arachides, soja. *Produit issu de l&#8217;agriculture biologique.<\/p>\n","protected":false},"excerpt":{"rendered":"<p>Une d\u00e9licieuse noisette Bio enrob\u00e9e de chocolat au lait. Une gourmandise croquante et fondante.<\/p>\n","protected":false},"featured_media":39175,"comment_status":"open","ping_status":"closed","template":"","meta":[],"product_cat":[645,649,589,591,48,660,28,35],"product_tag":[],"_links":{"self":[{"href":"https:\/\/confiserie-adam.fr\/boutique\/wp-json\/wp\/v2\/product\/487"}],"collection":[{"href":"https:\/\/confiserie-adam.fr\/boutique\/wp-json\/wp\/v2\/product"}],"about":[{"href":"https:\/\/confiserie-adam.fr\/boutique\/wp-json\/wp\/v2\/types\/product"}],"replies":[{"embeddable":true,"href":"https:\/\/confiserie-adam.fr\/boutique\/wp-json\/wp\/v2\/comments?post=487"}],"wp:featuredmedia":[{"embeddable":true,"href":"https:\/\/confiserie-adam.fr\/boutique\/wp-json\/wp\/v2\/media\/39175"}],"wp:attachment":[{"href":"https:\/\/confiserie-adam.fr\/boutique\/wp-json\/wp\/v2\/media?parent=487"}],"wp:term":[{"taxonomy":"product_cat","embeddable":true,"href":"https:\/\/confiserie-adam.fr\/boutique\/wp-json\/wp\/v2\/product_cat?post=487"},{"taxonomy":"product_tag","embeddable":true,"href":"https:\/\/confiserie-adam.fr\/boutique\/wp-json\/wp\/v2\/product_tag?post=487"}],"curies":[{"name":"wp","href":"https:\/\/api.w.org\/{rel}","templated":true}]}}