{"id":48538,"date":"2025-06-02T09:38:53","date_gmt":"2025-06-02T07:38:53","guid":{"rendered":"https:\/\/confiserie-adam.fr\/boutique\/produit\/perle-fondante-dubai-style\/"},"modified":"2026-04-14T18:06:26","modified_gmt":"2026-04-14T16:06:26","slug":"perle-fondante-dubai-style","status":"publish","type":"product","link":"https:\/\/confiserie-adam.fr\/boutique\/produit\/perle-fondante-dubai-style\/","title":{"rendered":"Perle fondante Duba\u00ef Style"},"content":{"rendered":"<p>Perles fondantes \u00e0 la cr\u00e8me de pistache enrob\u00e9es de chocolat au lait et cr\u00eape dentelle.<\/p>\n<p>&nbsp;<\/p>\n<p><strong>Confiserie Adam<\/strong><\/p>\n<p>Entreprise familiale qui a \u00e0 c\u0153ur ses clients. Vous offrir \u00e0 la fois le go\u00fbt, le plaisir gustatif et la qualit\u00e9.<\/p>\n<ul>\n<li>Fabrication fran\u00e7aise depuis 1912<\/li>\n<li>Entreprise du Patrimoine Vivant<\/li>\n<li>Ingr\u00e9dients de qualit\u00e9<\/li>\n<\/ul>\n<p>&nbsp;<\/p>\n<p><strong>Conseils de conservation<\/strong><\/p>\n<p>\u00c0 conserver \u00e0 l\u2019abri de la lumi\u00e8re et de l\u2019humidit\u00e9, dans un endroit frais et sec.<\/p>\n<p>&nbsp;<\/p>\n<p><strong><u>Ce produit contient<\/u><\/strong><\/p>\n<p>Perles fondantes \u00e0 la cr\u00e8me de pistache enrob\u00e9es de chocolat au lait et cr\u00eape dentelle.<\/p>\n<p>Ingr\u00e9dients : sucre, LAIT entier en poudre, cr\u00e8me (LAIT), beurre de cacao (origine non UE), farine de BL\u00c9, sirop de glucose, masse de cacao (origine non-UE), beurre de karit\u00e9, fibre de chicor\u00e9, sucre inverti, lactos\u00e9rum (LAIT), p\u00e2te de pistache (0.51%) (origine non UE), LACTOSE, beurre concentr\u00e9 (LAIT), vinaigre d&#8217;alcool, sel de Gu\u00e9rande, sel, extrait de malt (ORGE), ar\u00f4mes, poudre \u00e0 lever : bicarbonate de sodium, \u00e9paississant : carragh\u00e9nanes, \u00e9mulsifiant : l\u00e9cithine de SOJA, agents d&#8217;enrobage (gomme d&#8217;acacia, gomme laque).<\/p>\n<p>Chocolat au lait : cacao 30% minimum<\/p>\n<p>Peut contenir : fruits \u00e0 coque, \u0153uf, arachides, s\u00e9same<\/p>\n","protected":false},"excerpt":{"rendered":"<p>Perles fondantes \u00e0 la cr\u00e8me de pistache enrob\u00e9es de chocolat au lait et cr\u00eape dentelle.<\/p>\n","protected":false},"featured_media":48554,"comment_status":"open","ping_status":"closed","template":"","meta":[],"product_cat":[853,29,44],"product_tag":[],"_links":{"self":[{"href":"https:\/\/confiserie-adam.fr\/boutique\/wp-json\/wp\/v2\/product\/48538"}],"collection":[{"href":"https:\/\/confiserie-adam.fr\/boutique\/wp-json\/wp\/v2\/product"}],"about":[{"href":"https:\/\/confiserie-adam.fr\/boutique\/wp-json\/wp\/v2\/types\/product"}],"replies":[{"embeddable":true,"href":"https:\/\/confiserie-adam.fr\/boutique\/wp-json\/wp\/v2\/comments?post=48538"}],"wp:featuredmedia":[{"embeddable":true,"href":"https:\/\/confiserie-adam.fr\/boutique\/wp-json\/wp\/v2\/media\/48554"}],"wp:attachment":[{"href":"https:\/\/confiserie-adam.fr\/boutique\/wp-json\/wp\/v2\/media?parent=48538"}],"wp:term":[{"taxonomy":"product_cat","embeddable":true,"href":"https:\/\/confiserie-adam.fr\/boutique\/wp-json\/wp\/v2\/product_cat?post=48538"},{"taxonomy":"product_tag","embeddable":true,"href":"https:\/\/confiserie-adam.fr\/boutique\/wp-json\/wp\/v2\/product_tag?post=48538"}],"curies":[{"name":"wp","href":"https:\/\/api.w.org\/{rel}","templated":true}]}}