{"id":48537,"date":"2025-06-02T09:38:51","date_gmt":"2025-06-02T07:38:51","guid":{"rendered":"https:\/\/confiserie-adam.fr\/boutique\/produit\/perle-croustillante-dubai-style\/"},"modified":"2026-04-18T07:30:52","modified_gmt":"2026-04-18T05:30:52","slug":"perle-croustillante-dubai-style","status":"publish","type":"product","link":"https:\/\/confiserie-adam.fr\/boutique\/produit\/perle-croustillante-dubai-style\/","title":{"rendered":"Perle croustillante Duba\u00ef Style"},"content":{"rendered":"<p>Bille de c\u00e9r\u00e9ale souffl\u00e9e enrob\u00e9e de chocolat blanc \u00e0 la p\u00e2te de pistache avec inclusion cr\u00eape dentelle.<\/p>\n<p>&nbsp;<\/p>\n<p><strong>Confiserie Adam<\/strong><\/p>\n<p>Entreprise familiale qui a \u00e0 c\u0153ur ses clients. Vous offrir \u00e0 la fois le go\u00fbt, le plaisir gustatif et la qualit\u00e9.<\/p>\n<ul>\n<li>Fabrication fran\u00e7aise depuis 1912<\/li>\n<li>Entreprise du Patrimoine Vivant<\/li>\n<li>Ingr\u00e9dients de qualit\u00e9<\/li>\n<\/ul>\n<p>&nbsp;<\/p>\n<p><strong>Conseils de conservation<\/strong><\/p>\n<p>\u00c0 conserver \u00e0 l\u2019abri de la lumi\u00e8re et de l\u2019humidit\u00e9, dans un endroit frais et sec.<\/p>\n<p>&nbsp;<\/p>\n<p><strong><u>Ce produit contient<\/u><\/strong><\/p>\n<p>Sucre, beurre de cacao (origine non-UE), LAIT entier en poudre, farine de BLE, PISTACHE verte (1,9%) (origine non-UE), sucre liquide, amidon de BLE, farine de malt de BLE, prot\u00e9ine de lactos\u00e9rum (LAIT), beurre concentr\u00e9 (LAIT), lactose (LAIT), sel, extrait de malt (ORGE), prot\u00e9ines de LAIT, poudre \u00e0 lever : bicarbonate de sodium, eau, huile de tournesol, ar\u00f4mes, \u00e9mulsifiants : l\u00e9cithine (SOJA, tournesol), agents d\u2019enrobage (gomme laque, gomme d\u2019acacia), colorants (jaune de quinol\u00e9ine, jaune orang\u00e9 S, bleu patente V), correcteur d\u2019acidit\u00e9 : sulfate de sodium, conservateur : benzoate de sodium. Chocolat blanc : cacao 29% minimum.<br \/>\n\u00ab Jaune de quinol\u00e9ine, jaune orang\u00e9 S : peut avoir des effets ind\u00e9sirables sur l\u2019activit\u00e9 et l\u2019attention chez les enfants. \u00bb<\/p>\n<p>Contient : lait, soja, gluten.<br \/>\nPeut contenir : fruits \u00e0 coque, \u0153uf, arachides, s\u00e9sames.<\/p>\n","protected":false},"excerpt":{"rendered":"<p>Bille de c\u00e9r\u00e9ale souffl\u00e9e enrob\u00e9e de chocolat blanc \u00e0 la p\u00e2te de pistache avec inclusion cr\u00eape dentelle.<\/p>\n","protected":false},"featured_media":48556,"comment_status":"open","ping_status":"closed","template":"","meta":[],"product_cat":[853,48,659,29,40,44],"product_tag":[],"_links":{"self":[{"href":"https:\/\/confiserie-adam.fr\/boutique\/wp-json\/wp\/v2\/product\/48537"}],"collection":[{"href":"https:\/\/confiserie-adam.fr\/boutique\/wp-json\/wp\/v2\/product"}],"about":[{"href":"https:\/\/confiserie-adam.fr\/boutique\/wp-json\/wp\/v2\/types\/product"}],"replies":[{"embeddable":true,"href":"https:\/\/confiserie-adam.fr\/boutique\/wp-json\/wp\/v2\/comments?post=48537"}],"wp:featuredmedia":[{"embeddable":true,"href":"https:\/\/confiserie-adam.fr\/boutique\/wp-json\/wp\/v2\/media\/48556"}],"wp:attachment":[{"href":"https:\/\/confiserie-adam.fr\/boutique\/wp-json\/wp\/v2\/media?parent=48537"}],"wp:term":[{"taxonomy":"product_cat","embeddable":true,"href":"https:\/\/confiserie-adam.fr\/boutique\/wp-json\/wp\/v2\/product_cat?post=48537"},{"taxonomy":"product_tag","embeddable":true,"href":"https:\/\/confiserie-adam.fr\/boutique\/wp-json\/wp\/v2\/product_tag?post=48537"}],"curies":[{"name":"wp","href":"https:\/\/api.w.org\/{rel}","templated":true}]}}