{"id":48536,"date":"2025-06-02T09:38:26","date_gmt":"2025-06-02T07:38:26","guid":{"rendered":"https:\/\/confiserie-adam.fr\/boutique\/produit\/dubai-style-drageifiee\/"},"modified":"2026-04-14T18:02:14","modified_gmt":"2026-04-14T16:02:14","slug":"dubai-style-drageifie","status":"publish","type":"product","link":"https:\/\/confiserie-adam.fr\/boutique\/produit\/dubai-style-drageifie\/","title":{"rendered":"Duba\u00ef Style drag\u00e9ifi\u00e9"},"content":{"rendered":"<p>Sp\u00e9cialit\u00e9 cr\u00e8me pistache Duba\u00ef Style<\/p>\n<p>Chocolat noir enrob\u00e9 de chocolat blanc \u00e0 la p\u00e2te de pistache et inclusion de cr\u00eapes dentelle, drag\u00e9ifi\u00e9.<\/p>\n<p>&nbsp;<\/p>\n<p><strong>Confiserie Adam<\/strong><\/p>\n<p>Entreprise familiale qui a \u00e0 c\u0153ur ses clients. Vous offrir \u00e0 la fois le go\u00fbt, le plaisir gustatif et la qualit\u00e9.<\/p>\n<ul>\n<li>Fabrication fran\u00e7aise depuis 1912<\/li>\n<li>Entreprise du Patrimoine Vivant<\/li>\n<li>Ingr\u00e9dients de qualit\u00e9<\/li>\n<\/ul>\n<p>&nbsp;<\/p>\n<p><strong>Conseils de conservation<\/strong><\/p>\n<p>\u00c0 conserver \u00e0 l\u2019abri de la lumi\u00e8re et de l\u2019humidit\u00e9, dans un endroit frais et sec.<\/p>\n<p>&nbsp;<\/p>\n<p><strong><u>Ce produit contient<\/u><\/strong><\/p>\n<p>Chocolat noir enrob\u00e9 de chocolat blanc \u00e0 la p\u00e2te de pistache et inclusion de cr\u00eape dentelle, drag\u00e9ifi\u00e9.<\/p>\n<p>Ingr\u00e9dients : sucre, masse de cacao (origine non-UE), beurre de cacao (origine non-UE), LAIT entier en poudre, amidon de riz, stabilisant : gomme d&#8217;acacia. PISTACHE verte (0.8%), sucre liquide, farine de BL\u00c9, amidon de BL\u00c9, farine de malt de BL\u00c9, prot\u00e9ine de lactos\u00e9rum (LAIT), ar\u00f4mes, eau huile de tournesol, sel, poudre \u00e0 lever : bicarbonate de sodium, \u00e9mulsifiants : l\u00e9cithine (SOJA et tournesol), colorants (E104, E110, E131, E141ii), agents d&#8217;enrobage (cire d&#8217;abeille blanche et jaune, cire de carnauba), correcteur d&#8217;acidit\u00e9 : sulfate de sodium, conservateur : benzoate de sodium, f\u00e9cule de pomme de terre.<\/p>\n<p>Chocolat noir : cacao 71% minimum &#8211; Chocolat blanc : cacao 29% minimum<\/p>\n<p>E110, E104 : peut avoir des effets ind\u00e9sirables sur l&#8217;activit\u00e9 et l&#8217;attention chez les enfants.<\/p>\n<p>Peut contenir : fruits \u00e0 coque, \u0153uf, arachides, s\u00e9same<\/p>\n","protected":false},"excerpt":{"rendered":"<p>Chocolat noir enrob\u00e9 chocolat blanc \u00e0 la p\u00e2te de pistache et inclusion cr\u00eape dentelle.<\/p>\n","protected":false},"featured_media":48553,"comment_status":"open","ping_status":"closed","template":"","meta":[],"product_cat":[853,29,40,44,30,47],"product_tag":[],"_links":{"self":[{"href":"https:\/\/confiserie-adam.fr\/boutique\/wp-json\/wp\/v2\/product\/48536"}],"collection":[{"href":"https:\/\/confiserie-adam.fr\/boutique\/wp-json\/wp\/v2\/product"}],"about":[{"href":"https:\/\/confiserie-adam.fr\/boutique\/wp-json\/wp\/v2\/types\/product"}],"replies":[{"embeddable":true,"href":"https:\/\/confiserie-adam.fr\/boutique\/wp-json\/wp\/v2\/comments?post=48536"}],"wp:featuredmedia":[{"embeddable":true,"href":"https:\/\/confiserie-adam.fr\/boutique\/wp-json\/wp\/v2\/media\/48553"}],"wp:attachment":[{"href":"https:\/\/confiserie-adam.fr\/boutique\/wp-json\/wp\/v2\/media?parent=48536"}],"wp:term":[{"taxonomy":"product_cat","embeddable":true,"href":"https:\/\/confiserie-adam.fr\/boutique\/wp-json\/wp\/v2\/product_cat?post=48536"},{"taxonomy":"product_tag","embeddable":true,"href":"https:\/\/confiserie-adam.fr\/boutique\/wp-json\/wp\/v2\/product_tag?post=48536"}],"curies":[{"name":"wp","href":"https:\/\/api.w.org\/{rel}","templated":true}]}}