{"id":48060,"date":"2025-05-12T15:57:40","date_gmt":"2025-05-12T13:57:40","guid":{"rendered":"https:\/\/confiserie-adam.fr\/boutique\/produit\/amande-grillee-speculoos-second-choix\/"},"modified":"2026-04-03T12:53:06","modified_gmt":"2026-04-03T10:53:06","slug":"amande-grillee-speculoos-second-choix","status":"publish","type":"product","link":"https:\/\/confiserie-adam.fr\/boutique\/produit\/amande-grillee-speculoos-second-choix\/","title":{"rendered":"Amande grill\u00e9e Speculoos &#8211; Second choix"},"content":{"rendered":"<p>Amande grill\u00e9e enrob\u00e9e chocolat blanc et de p\u00e2te de sp\u00e9culoos &#8211; Second choix<\/p>\n<p>&nbsp;<\/p>\n<p>Second choix : Quelques d\u00e9fauts esth\u00e9tiques diff\u00e9rencient ces produits, cependant la qualit\u00e9 gustative, la noblesse des ingr\u00e9dients ainsi que la fabrication restent identiques.<br \/>\nLe plaisir gourmand est inchang\u00e9 !<\/p>\n<p>&nbsp;<\/p>\n<p><strong>Confiserie Adam<\/strong><\/p>\n<p>&nbsp;<\/p>\n<p>Entreprise familiale qui a \u00e0 c\u0153ur ses clients. Vous offrir \u00e0 la fois le go\u00fbt, le plaisir gustatif et la qualit\u00e9.<\/p>\n<ul>\n<li>Fabrication fran\u00e7aise depuis 1912<\/li>\n<li>Entreprise du Patrimoine Vivant<\/li>\n<li>Ingr\u00e9dients de qualit\u00e9<\/li>\n<\/ul>\n<p>&nbsp;<\/p>\n<p><strong>Conseils de conservation<\/strong><\/p>\n<p>\u00c0 conserver \u00e0 l\u2019abri de la lumi\u00e8re et de l\u2019humidit\u00e9, dans un endroit frais et sec.<\/p>\n<p>&nbsp;<\/p>\n<p><strong><u>Ce produit contient<\/u><\/strong><\/p>\n<p>Amande grill\u00e9e enrob\u00e9e de chocolat blanc et de p\u00e2te de sp\u00e9culoos<\/p>\n<p>Ingr\u00e9dients : Chocolat blanc 48% (cacao 32% minimum) (sucre, beurre de cacao, LAIT entier en poudre, LAIT \u00e9cr\u00e9m\u00e9 en poudre, mati\u00e8res grasses laiti\u00e8res (LAIT), lactos\u00e9rum en poudre (LAIT), \u00e9mulsifiant : l\u00e9cithine de tournesol, ar\u00f4me naturel de vanille), AMANDE grill\u00e9e 26%, p\u00e2te de sp\u00e9culoos 22% (sp\u00e9culoos 13% (farine de BLE, sucre, huile v\u00e9g\u00e9tales (palme, colza), sirop de sucre candi, poudre \u00e0 lever : carbonate acide de sodium, sel, cannelle), huiles v\u00e9g\u00e9tales (colza), sucre, huiles v\u00e9g\u00e9tales totalement hydrog\u00e9n\u00e9es (palme, colza), \u00e9mulsifiants (l\u00e9cithine de tournesol, E472c) ar\u00f4me naturel, acidifiant : acide citrique), beurre de cacao, vernissage (sirop de glucose, sucre, agents d&#8217;enrobage : shellac, gomme d&#8217;acacia).<\/p>\n<p>P\u00e2te de sp\u00e9culoos et chocolat fabriqu\u00e9s en UE &#8211; F\u00e8ves de cacao et amande origine non UE.<\/p>\n<p>Peut contenir : autres fruits \u00e0 coque, oeuf, arachides, soja<\/p>\n","protected":false},"excerpt":{"rendered":"<p>Second choix : Quelques d\u00e9fauts esth\u00e9tiques diff\u00e9rencient ces produits, cependant la qualit\u00e9 gustative, la noblesse des ingr\u00e9dients ainsi que la fabrication restent identiques.<\/p>\n","protected":false},"featured_media":48104,"comment_status":"open","ping_status":"closed","template":"","meta":[],"product_cat":[743,772],"product_tag":[],"_links":{"self":[{"href":"https:\/\/confiserie-adam.fr\/boutique\/wp-json\/wp\/v2\/product\/48060"}],"collection":[{"href":"https:\/\/confiserie-adam.fr\/boutique\/wp-json\/wp\/v2\/product"}],"about":[{"href":"https:\/\/confiserie-adam.fr\/boutique\/wp-json\/wp\/v2\/types\/product"}],"replies":[{"embeddable":true,"href":"https:\/\/confiserie-adam.fr\/boutique\/wp-json\/wp\/v2\/comments?post=48060"}],"wp:featuredmedia":[{"embeddable":true,"href":"https:\/\/confiserie-adam.fr\/boutique\/wp-json\/wp\/v2\/media\/48104"}],"wp:attachment":[{"href":"https:\/\/confiserie-adam.fr\/boutique\/wp-json\/wp\/v2\/media?parent=48060"}],"wp:term":[{"taxonomy":"product_cat","embeddable":true,"href":"https:\/\/confiserie-adam.fr\/boutique\/wp-json\/wp\/v2\/product_cat?post=48060"},{"taxonomy":"product_tag","embeddable":true,"href":"https:\/\/confiserie-adam.fr\/boutique\/wp-json\/wp\/v2\/product_tag?post=48060"}],"curies":[{"name":"wp","href":"https:\/\/api.w.org\/{rel}","templated":true}]}}