{"id":479,"date":"2020-02-24T23:43:32","date_gmt":"2020-02-24T22:43:32","guid":{"rendered":"https:\/\/confiserie-adam.fr\/boutique\/produit\/pate-de-fruits-cerise-chocolat-blanc-bio\/"},"modified":"2026-04-01T08:20:00","modified_gmt":"2026-04-01T06:20:00","slug":"pate-de-fruits-cerise-chocolat-blanc-bio","status":"publish","type":"product","link":"https:\/\/confiserie-adam.fr\/boutique\/produit\/pate-de-fruits-cerise-chocolat-blanc-bio\/","title":{"rendered":"P\u00e2te de fruits Cerise chocolat blanc Bio"},"content":{"rendered":"<p>P\u00e2te de fruits cerise enrob\u00e9e au chocolat blanc Bio.<\/p>\n<p>&nbsp;<\/p>\n<p><strong>Ingr\u00e9dients principaux :<\/strong><\/p>\n<ul>\n<li>P\u00e2te de fruits cerise moelleuse<\/li>\n<li>Chocolat blanc fondant<\/li>\n<\/ul>\n<p>&nbsp;<\/p>\n<p><strong>La certification Agriculture Biologique <\/strong><\/p>\n<p>Les gourmandises Confiserie Adam sont certifi\u00e9es agriculture biologique.<\/p>\n<p>Nous s\u00e9lectionnons avec soin nos mati\u00e8res premi\u00e8res pour vous offrir le meilleur<\/p>\n<p>&nbsp;<\/p>\n<p><strong>Confiserie Adam<\/strong><\/p>\n<p>Entreprise familiale qui a \u00e0 c\u0153ur ses clients. Vous offrir \u00e0 la fois le go\u00fbt, le plaisir gustatif et la qualit\u00e9.<\/p>\n<ul>\n<li>Fabrication fran\u00e7aise depuis 1912<\/li>\n<li>Entreprise du Patrimoine Vivant<\/li>\n<li>Ingr\u00e9dients de qualit\u00e9<\/li>\n<\/ul>\n<p>&nbsp;<\/p>\n<p><strong>Conseils de conservation<\/strong><\/p>\n<p>A conserver \u00e0 l\u2019abri de la lumi\u00e8re et de l\u2019humidit\u00e9, dans un endroit frais et sec.<\/p>\n<p>&nbsp;<\/p>\n<p><strong><u>Ce produit contient <\/u><\/strong><\/p>\n<p>Certifi\u00e9 par FR-BIO-01 &#8211; C\u0153ur g\u00e9lifi\u00e9 \u00e0 base de pectine et de pur\u00e9e de cerise et de pomme enrob\u00e9 de chocolat blanc aromatis\u00e9 saveur cerise<\/p>\n<p>Ingr\u00e9dients : chocolat blanc* 58% (cacao 29% minimum) (sucre*, beurre de cacao*, poudre de LAIT entier*, poudre de vanille*), g\u00e9lifi\u00e9 \u00e0 base de pectine et pur\u00e9e de fruits* 38% (pur\u00e9e de cerise * 15%, sucre*, sirop de glucose*, pur\u00e9e de pomme* 4%, g\u00e9lifiant : pectine, correcteur d\u2019acidit\u00e9 : citrate trisodique, acidifiants : acide citrique, acide tartrique), beurre de cacao*, ar\u00f4me naturel de cerise*, agent d&#8217;enrobage* (gomme d&#8217;acacia*, saccharose*, miel*). Peut contenir : fruits \u00e0 coque, gluten, oeuf, arachides, soja. *Produit issu de l&#8217;agriculture biologique.<\/p>\n","protected":false},"excerpt":{"rendered":"<p>Une p\u00e2te de fruits moelleuse \u00e0 la cerise enrob\u00e9e de chocolat blanc fondant. Un doux plaisir fruit\u00e9 et Bio.<\/p>\n","protected":false},"featured_media":39160,"comment_status":"open","ping_status":"closed","template":"","meta":[],"product_cat":[589,591,48,660,28,36],"product_tag":[],"_links":{"self":[{"href":"https:\/\/confiserie-adam.fr\/boutique\/wp-json\/wp\/v2\/product\/479"}],"collection":[{"href":"https:\/\/confiserie-adam.fr\/boutique\/wp-json\/wp\/v2\/product"}],"about":[{"href":"https:\/\/confiserie-adam.fr\/boutique\/wp-json\/wp\/v2\/types\/product"}],"replies":[{"embeddable":true,"href":"https:\/\/confiserie-adam.fr\/boutique\/wp-json\/wp\/v2\/comments?post=479"}],"wp:featuredmedia":[{"embeddable":true,"href":"https:\/\/confiserie-adam.fr\/boutique\/wp-json\/wp\/v2\/media\/39160"}],"wp:attachment":[{"href":"https:\/\/confiserie-adam.fr\/boutique\/wp-json\/wp\/v2\/media?parent=479"}],"wp:term":[{"taxonomy":"product_cat","embeddable":true,"href":"https:\/\/confiserie-adam.fr\/boutique\/wp-json\/wp\/v2\/product_cat?post=479"},{"taxonomy":"product_tag","embeddable":true,"href":"https:\/\/confiserie-adam.fr\/boutique\/wp-json\/wp\/v2\/product_tag?post=479"}],"curies":[{"name":"wp","href":"https:\/\/api.w.org\/{rel}","templated":true}]}}