{"id":47744,"date":"2025-05-02T10:41:13","date_gmt":"2025-05-02T08:41:13","guid":{"rendered":"https:\/\/confiserie-adam.fr\/boutique\/produit\/10-boites-pochon-coloris-rouge\/"},"modified":"2026-04-14T17:58:50","modified_gmt":"2026-04-14T15:58:50","slug":"10-boites-pochon-coloris-rouge","status":"publish","type":"product","link":"https:\/\/confiserie-adam.fr\/boutique\/produit\/10-boites-pochon-coloris-rouge\/","title":{"rendered":"10 Boites Pochon &#8211; coloris Rouge"},"content":{"rendered":"<div style=\"width: 478px;\" class=\"wp-video\"><!--[if lt IE 9]><script>document.createElement('video');<\/script><![endif]-->\n<video class=\"wp-video-shortcode\" id=\"video-47744-1\" width=\"478\" height=\"850\" preload=\"metadata\" controls=\"controls\"><source type=\"video\/mp4\" src=\"https:\/\/confiserie-adam.fr\/boutique\/wp-content\/uploads\/2025\/05\/VIDEO-2025-05-06-15-23-37.mp4?_=1\" \/><a href=\"https:\/\/confiserie-adam.fr\/boutique\/wp-content\/uploads\/2025\/05\/VIDEO-2025-05-06-15-23-37.mp4\">https:\/\/confiserie-adam.fr\/boutique\/wp-content\/uploads\/2025\/05\/VIDEO-2025-05-06-15-23-37.mp4<\/a><\/video><\/div>\n<p>Kit de 10 boites en carton avec ruban \u00e0 monter soi-m\u00eame.<\/p>\n<p>Boites livr\u00e9es \u00e0 plat avec ruban en bobine \u00e0 d\u00e9couper.<\/p>\n<p>Boite 6,6 x 9cm &#8211; profondeur 3 cm<\/p>\n<p>Peut contenir jusqu&#8217;\u00e0 50g de drag\u00e9es.<\/p>\n","protected":false},"excerpt":{"rendered":"<p>Kit de 10 boites en carton avec ruban \u00e0 monter soi-m\u00eame. Livr\u00e9 \u00e0 plat.<\/p>\n<p>Peut contenir jusqu&#8217;\u00e0 50g de drag\u00e9es.<\/p>\n","protected":false},"featured_media":47867,"comment_status":"open","ping_status":"closed","template":"","meta":[],"product_cat":[842],"product_tag":[],"_links":{"self":[{"href":"https:\/\/confiserie-adam.fr\/boutique\/wp-json\/wp\/v2\/product\/47744"}],"collection":[{"href":"https:\/\/confiserie-adam.fr\/boutique\/wp-json\/wp\/v2\/product"}],"about":[{"href":"https:\/\/confiserie-adam.fr\/boutique\/wp-json\/wp\/v2\/types\/product"}],"replies":[{"embeddable":true,"href":"https:\/\/confiserie-adam.fr\/boutique\/wp-json\/wp\/v2\/comments?post=47744"}],"wp:featuredmedia":[{"embeddable":true,"href":"https:\/\/confiserie-adam.fr\/boutique\/wp-json\/wp\/v2\/media\/47867"}],"wp:attachment":[{"href":"https:\/\/confiserie-adam.fr\/boutique\/wp-json\/wp\/v2\/media?parent=47744"}],"wp:term":[{"taxonomy":"product_cat","embeddable":true,"href":"https:\/\/confiserie-adam.fr\/boutique\/wp-json\/wp\/v2\/product_cat?post=47744"},{"taxonomy":"product_tag","embeddable":true,"href":"https:\/\/confiserie-adam.fr\/boutique\/wp-json\/wp\/v2\/product_tag?post=47744"}],"curies":[{"name":"wp","href":"https:\/\/api.w.org\/{rel}","templated":true}]}}