{"id":473,"date":"2020-02-24T23:43:15","date_gmt":"2020-02-24T22:43:15","guid":{"rendered":"https:\/\/confiserie-adam.fr\/boutique\/produit\/dragee-au-chocolat-bio\/"},"modified":"2026-04-23T08:52:59","modified_gmt":"2026-04-23T06:52:59","slug":"dragee-au-chocolat-bio","status":"publish","type":"product","link":"https:\/\/confiserie-adam.fr\/boutique\/produit\/dragee-au-chocolat-bio\/","title":{"rendered":"Drag\u00e9e au chocolat Bio"},"content":{"rendered":"<p>Chocolat 74% de cacao sous fine couche de sucre Bio.<\/p>\n<p>&nbsp;<\/p>\n<p><strong>Ingr\u00e9dients principaux :<\/strong><\/p>\n<ul>\n<li>Chocolat 74% de qualit\u00e9 sup\u00e9rieure<\/li>\n<li>Sucre<\/li>\n<\/ul>\n<p>&nbsp;<\/p>\n<p><strong>La certification Agriculture Biologique <\/strong><\/p>\n<p>Les gourmandises Confiserie Adam sont certifi\u00e9es agriculture biologique.<\/p>\n<p>Nous s\u00e9lectionnons avec soin nos mati\u00e8res premi\u00e8res pour vous offrir le meilleur<\/p>\n<p>&nbsp;<\/p>\n<p><strong>Confiserie Adam<\/strong><\/p>\n<p>Entreprise familiale qui a \u00e0 c\u0153ur ses clients. Vous offrir \u00e0 la fois le go\u00fbt, le plaisir gustatif et la qualit\u00e9.<\/p>\n<ul>\n<li>Fabrication fran\u00e7aise depuis 1912<\/li>\n<li>Entreprise du Patrimoine Vivant<\/li>\n<li>Ingr\u00e9dients de qualit\u00e9<\/li>\n<\/ul>\n<p>&nbsp;<\/p>\n<p><strong>Conseils de conservation<\/strong><\/p>\n<p>A conserver \u00e0 l\u2019abri de la lumi\u00e8re et de l\u2019humidit\u00e9, dans un endroit frais et sec.<\/p>\n<p>&nbsp;<\/p>\n<p><strong><u>Ce produit contient <\/u><\/strong><\/p>\n<p>Certifi\u00e9 par FR-BIO-01<\/p>\n<p>Ingr\u00e9dients: chocolat noir* 47% (cacao 74% minimum) (masse de cacao*, sucre*, beurre de cacao*, vanille en poudre*), sucre*, gomme arabique*, amidon de riz*, sucre glace* (sucre de canne*, f\u00e9cule de pomme de terre*). Peut contenir : fruits \u00e0 coque, gluten, oeuf, arachides, soja, lait. * Produit issu de l&#8217;agriculture biologique<\/p>\n","protected":false},"excerpt":{"rendered":"<p>La drag\u00e9e au chocolat traditionnelle revisit\u00e9e dans une version Bio. Un chocolat fondant 74% de cacao.<\/p>\n","protected":false},"featured_media":53613,"comment_status":"open","ping_status":"closed","template":"","meta":[],"product_cat":[28,37,30,697],"product_tag":[],"_links":{"self":[{"href":"https:\/\/confiserie-adam.fr\/boutique\/wp-json\/wp\/v2\/product\/473"}],"collection":[{"href":"https:\/\/confiserie-adam.fr\/boutique\/wp-json\/wp\/v2\/product"}],"about":[{"href":"https:\/\/confiserie-adam.fr\/boutique\/wp-json\/wp\/v2\/types\/product"}],"replies":[{"embeddable":true,"href":"https:\/\/confiserie-adam.fr\/boutique\/wp-json\/wp\/v2\/comments?post=473"}],"wp:featuredmedia":[{"embeddable":true,"href":"https:\/\/confiserie-adam.fr\/boutique\/wp-json\/wp\/v2\/media\/53613"}],"wp:attachment":[{"href":"https:\/\/confiserie-adam.fr\/boutique\/wp-json\/wp\/v2\/media?parent=473"}],"wp:term":[{"taxonomy":"product_cat","embeddable":true,"href":"https:\/\/confiserie-adam.fr\/boutique\/wp-json\/wp\/v2\/product_cat?post=473"},{"taxonomy":"product_tag","embeddable":true,"href":"https:\/\/confiserie-adam.fr\/boutique\/wp-json\/wp\/v2\/product_tag?post=473"}],"curies":[{"name":"wp","href":"https:\/\/api.w.org\/{rel}","templated":true}]}}