{"id":466,"date":"2020-02-24T23:42:59","date_gmt":"2020-02-24T22:42:59","guid":{"rendered":"https:\/\/confiserie-adam.fr\/boutique\/produit\/dragee-mini-coeur-chocolat-bio\/"},"modified":"2026-04-23T18:45:19","modified_gmt":"2026-04-23T16:45:19","slug":"dragee-mini-coeur-chocolat-bio","status":"publish","type":"product","link":"https:\/\/confiserie-adam.fr\/boutique\/produit\/dragee-mini-coeur-chocolat-bio\/","title":{"rendered":"Drag\u00e9e mini c\u0153ur chocolat Bio"},"content":{"rendered":"<p>Chocolat 74% de cacao sous fine couche de sucre Bio.<\/p>\n<p><em>Environ 230 pi\u00e8ces par sachet (donn\u00e9es \u00e0 titre indicatif \u00e0 plus ou moins 15 pi\u00e8ces).<\/em><\/p>\n<p><strong>Ingr\u00e9dients principaux :<\/strong><\/p>\n<ul>\n<li>Chocolat 74% de qualit\u00e9 sup\u00e9rieure<\/li>\n<li>Sucre<\/li>\n<\/ul>\n<p>&nbsp;<\/p>\n<p><strong>La certification Agriculture Biologique <\/strong><\/p>\n<p>Les gourmandises Confiserie Adam sont certifi\u00e9es agriculture biologique.<\/p>\n<p>Nous s\u00e9lectionnons avec soin nos mati\u00e8res premi\u00e8res pour vous offrir le meilleur<\/p>\n<p>&nbsp;<\/p>\n<p><strong>Confiserie Adam<\/strong><\/p>\n<p>Entreprise familiale qui a \u00e0 c\u0153ur ses clients. Vous offrir \u00e0 la fois le go\u00fbt, le plaisir gustatif et la qualit\u00e9.<\/p>\n<ul>\n<li>Fabrication fran\u00e7aise depuis 1912<\/li>\n<li>Entreprise du Patrimoine Vivant<\/li>\n<li>Ingr\u00e9dients de qualit\u00e9<\/li>\n<\/ul>\n<p>&nbsp;<\/p>\n<p><strong>Conseils de conservation<\/strong><\/p>\n<p>\u00c0 conserver \u00e0 l\u2019abri de la lumi\u00e8re et de l\u2019humidit\u00e9, dans un endroit frais et sec.<\/p>\n<p>&nbsp;<\/p>\n<p><strong><u>Ce produit contient <\/u><\/strong><\/p>\n<p>Certifi\u00e9 par FR-BIO-01 &#8211; Drag\u00e9e au chocolat<\/p>\n<p>Ingr\u00e9dients : sucre*, chocolat noir* 44% (cacao 74% minimum) (masse de cacao*, sucre*, beurre de cacao*, vanille en poudre*), gomme arabique*. Peut contenir : fruits \u00e0 coque, gluten, oeuf, arachides, soja, lait. * Produit issu de l&#8217;agriculture biologique<\/p>\n","protected":false},"excerpt":{"rendered":"<p>La drag\u00e9e dans sa version mini c\u0153ur au chocolat fondant 74% de cacao.<\/p>\n","protected":false},"featured_media":53612,"comment_status":"open","ping_status":"closed","template":"","meta":[],"product_cat":[645,649,28,37,30,697],"product_tag":[],"_links":{"self":[{"href":"https:\/\/confiserie-adam.fr\/boutique\/wp-json\/wp\/v2\/product\/466"}],"collection":[{"href":"https:\/\/confiserie-adam.fr\/boutique\/wp-json\/wp\/v2\/product"}],"about":[{"href":"https:\/\/confiserie-adam.fr\/boutique\/wp-json\/wp\/v2\/types\/product"}],"replies":[{"embeddable":true,"href":"https:\/\/confiserie-adam.fr\/boutique\/wp-json\/wp\/v2\/comments?post=466"}],"wp:featuredmedia":[{"embeddable":true,"href":"https:\/\/confiserie-adam.fr\/boutique\/wp-json\/wp\/v2\/media\/53612"}],"wp:attachment":[{"href":"https:\/\/confiserie-adam.fr\/boutique\/wp-json\/wp\/v2\/media?parent=466"}],"wp:term":[{"taxonomy":"product_cat","embeddable":true,"href":"https:\/\/confiserie-adam.fr\/boutique\/wp-json\/wp\/v2\/product_cat?post=466"},{"taxonomy":"product_tag","embeddable":true,"href":"https:\/\/confiserie-adam.fr\/boutique\/wp-json\/wp\/v2\/product_tag?post=466"}],"curies":[{"name":"wp","href":"https:\/\/api.w.org\/{rel}","templated":true}]}}